{"id":10395,"date":"2023-11-27T16:25:42","date_gmt":"2023-11-27T15:25:42","guid":{"rendered":"https:\/\/www.taptrap.com\/pieges-a-mouches-des-fruits\/"},"modified":"2023-11-28T14:07:11","modified_gmt":"2023-11-28T13:07:11","slug":"pieges-a-mouches-des-fruits","status":"publish","type":"page","link":"https:\/\/www.taptrap.com\/fr\/pieges-a-mouches-des-fruits\/","title":{"rendered":"Pi\u00e8ges \u00e0 Mouches des Fruits"},"content":{"rendered":"\t\t<div data-elementor-type=\"wp-page\" data-elementor-id=\"10395\" class=\"elementor elementor-10395 elementor-10346\" data-elementor-post-type=\"page\">\n\t\t\t\t<div class=\"elementor-element elementor-element-4f2ac902 e-flex e-con-boxed e-con e-parent\" data-id=\"4f2ac902\" data-element_type=\"container\" data-e-type=\"container\">\n\t\t\t\t\t<div class=\"e-con-inner\">\n\t\t<div class=\"elementor-element elementor-element-3c259ebb e-con-full e-flex e-con e-child\" data-id=\"3c259ebb\" data-element_type=\"container\" data-e-type=\"container\">\n\t\t\t\t<div class=\"elementor-element elementor-element-5e3e19df elementor-widget elementor-widget-heading\" data-id=\"5e3e19df\" data-element_type=\"widget\" data-e-type=\"widget\" data-widget_type=\"heading.default\">\n\t\t\t\t<div class=\"elementor-widget-container\">\n\t\t\t\t\t<h1 class=\"elementor-heading-title elementor-size-default\">LES PI\u00c8GES \u00c0 MOUCHES DES FRUITS<\/h1>\t\t\t\t<\/div>\n\t\t\t\t<\/div>\n\t\t\t\t<div class=\"elementor-element elementor-element-482c7f24 elementor-widget elementor-widget-heading\" data-id=\"482c7f24\" data-element_type=\"widget\" data-e-type=\"widget\" data-widget_type=\"heading.default\">\n\t\t\t\t<div class=\"elementor-widget-container\">\n\t\t\t\t\t<h2 class=\"elementor-heading-title elementor-size-default\">D\u00e9fense naturelle des plantes fruiti\u00e8res<\/h2>\t\t\t\t<\/div>\n\t\t\t\t<\/div>\n\t\t\t\t<div class=\"elementor-element elementor-element-6df62d72 elementor-widget elementor-widget-text-editor\" data-id=\"6df62d72\" data-element_type=\"widget\" data-e-type=\"widget\" data-widget_type=\"text-editor.default\">\n\t\t\t\t<div class=\"elementor-widget-container\">\n\t\t\t\t\t\t\t\t\t<p>(cliquez sur le pi\u00e8ge pour les instructions)<\/p>\n\t\t\t\t\t\t\t\t<\/div>\n\t\t\t\t<\/div>\n\t\t<div class=\"elementor-element elementor-element-7eb553d1 e-con-full e-flex e-con e-child\" data-id=\"7eb553d1\" data-element_type=\"container\" data-e-type=\"container\">\n\t\t<div class=\"elementor-element elementor-element-4424ca24 e-con-full e-flex e-con e-child\" data-id=\"4424ca24\" data-element_type=\"container\" data-e-type=\"container\">\n\t\t\t\t<div class=\"elementor-element elementor-element-7f3ecfd5 elementor-widget elementor-widget-image\" data-id=\"7f3ecfd5\" data-element_type=\"widget\" data-e-type=\"widget\" data-widget_type=\"image.default\">\n\t\t\t\t<div class=\"elementor-widget-container\">\n\t\t\t\t\t\t\t\t\t\t\t\t\t\t\t\t<a href=\"https:\/\/www.taptrap.com\/fr\/piege\/piege-a-insectes-tap-trap\/\">\n\t\t\t\t\t\t\t<img decoding=\"async\" width=\"197\" height=\"197\" src=\"https:\/\/www.taptrap.com\/wp-content\/uploads\/2023\/11\/tap-trap.jpg\" class=\"elementor-animation-grow-rotate attachment-large size-large wp-image-10349\" alt=\"\" srcset=\"https:\/\/www.taptrap.com\/wp-content\/uploads\/2023\/11\/tap-trap.jpg 197w, https:\/\/www.taptrap.com\/wp-content\/uploads\/2023\/11\/tap-trap-150x150.jpg 150w, https:\/\/www.taptrap.com\/wp-content\/uploads\/2023\/11\/tap-trap-100x100.jpg 100w\" sizes=\"(max-width: 197px) 100vw, 197px\" \/>\t\t\t\t\t\t\t\t<\/a>\n\t\t\t\t\t\t\t\t\t\t\t\t\t\t\t<\/div>\n\t\t\t\t<\/div>\n\t\t\t\t<div class=\"elementor-element elementor-element-66dde86b elementor-widget elementor-widget-heading\" data-id=\"66dde86b\" data-element_type=\"widget\" data-e-type=\"widget\" data-widget_type=\"heading.default\">\n\t\t\t\t<div class=\"elementor-widget-container\">\n\t\t\t\t\t<h3 class=\"elementor-heading-title elementor-size-default\">PI\u00c8GE \u00c0 INSECTES POUR FRUITS <U>POUR BOUTEILLE<\/U><\/h3>\t\t\t\t<\/div>\n\t\t\t\t<\/div>\n\t\t\t\t<div class=\"elementor-element elementor-element-3444af95 elementor-widget elementor-widget-heading\" data-id=\"3444af95\" data-element_type=\"widget\" data-e-type=\"widget\" data-widget_type=\"heading.default\">\n\t\t\t\t<div class=\"elementor-widget-container\">\n\t\t\t\t\t<h4 class=\"elementor-heading-title elementor-size-default\"><a href=\"https:\/\/www.taptrap.com\/fr\/piege\/piege-a-insectes-tap-trap\/\">TAP TRAP <\/a><\/h4>\t\t\t\t<\/div>\n\t\t\t\t<\/div>\n\t\t\t\t<\/div>\n\t\t<div class=\"elementor-element elementor-element-36c08695 e-con-full e-flex e-con e-child\" data-id=\"36c08695\" data-element_type=\"container\" data-e-type=\"container\">\n\t\t\t\t<div class=\"elementor-element elementor-element-44d7a8c0 elementor-widget elementor-widget-image\" data-id=\"44d7a8c0\" data-element_type=\"widget\" data-e-type=\"widget\" data-widget_type=\"image.default\">\n\t\t\t\t<div class=\"elementor-widget-container\">\n\t\t\t\t\t\t\t\t\t\t\t\t\t\t\t\t<a href=\"https:\/\/www.taptrap.com\/fr\/piege\/vaso-trap\/\">\n\t\t\t\t\t\t\t<img decoding=\"async\" width=\"197\" height=\"197\" src=\"https:\/\/www.taptrap.com\/wp-content\/uploads\/2023\/11\/vaso-trap.jpg\" class=\"elementor-animation-grow-rotate attachment-large size-large wp-image-10352\" alt=\"\" srcset=\"https:\/\/www.taptrap.com\/wp-content\/uploads\/2023\/11\/vaso-trap.jpg 197w, https:\/\/www.taptrap.com\/wp-content\/uploads\/2023\/11\/vaso-trap-150x150.jpg 150w, https:\/\/www.taptrap.com\/wp-content\/uploads\/2023\/11\/vaso-trap-100x100.jpg 100w\" sizes=\"(max-width: 197px) 100vw, 197px\" \/>\t\t\t\t\t\t\t\t<\/a>\n\t\t\t\t\t\t\t\t\t\t\t\t\t\t\t<\/div>\n\t\t\t\t<\/div>\n\t\t\t\t<div class=\"elementor-element elementor-element-62d901e4 elementor-widget elementor-widget-heading\" data-id=\"62d901e4\" data-element_type=\"widget\" data-e-type=\"widget\" data-widget_type=\"heading.default\">\n\t\t\t\t<div class=\"elementor-widget-container\">\n\t\t\t\t\t<h3 class=\"elementor-heading-title elementor-size-default\">PI\u00c8GE \u00c0 INSECTES POUR FRUITS <U>POUR BOCAL<\/U><\/h3>\t\t\t\t<\/div>\n\t\t\t\t<\/div>\n\t\t\t\t<div class=\"elementor-element elementor-element-2c8adc6b elementor-widget elementor-widget-heading\" data-id=\"2c8adc6b\" data-element_type=\"widget\" data-e-type=\"widget\" data-widget_type=\"heading.default\">\n\t\t\t\t<div class=\"elementor-widget-container\">\n\t\t\t\t\t<h4 class=\"elementor-heading-title elementor-size-default\"><a href=\"https:\/\/www.taptrap.com\/fr\/piege\/vaso-trap\/\">Vaso Trap<\/a><\/h4>\t\t\t\t<\/div>\n\t\t\t\t<\/div>\n\t\t\t\t<\/div>\n\t\t<div class=\"elementor-element elementor-element-4fefdc30 e-con-full e-flex e-con e-child\" data-id=\"4fefdc30\" data-element_type=\"container\" data-e-type=\"container\">\n\t\t\t\t<div class=\"elementor-element elementor-element-2bf5dcad elementor-widget elementor-widget-image\" data-id=\"2bf5dcad\" data-element_type=\"widget\" data-e-type=\"widget\" data-widget_type=\"image.default\">\n\t\t\t\t<div class=\"elementor-widget-container\">\n\t\t\t\t\t\t\t\t\t\t\t\t\t\t\t\t<a href=\"https:\/\/www.taptrap.com\/fr\/piege\/tap-trap-rouge\/\">\n\t\t\t\t\t\t\t<img decoding=\"async\" width=\"197\" height=\"197\" src=\"https:\/\/www.taptrap.com\/wp-content\/uploads\/2023\/11\/tap-trap-rosso.jpg\" class=\"elementor-animation-grow-rotate attachment-large size-large wp-image-10355\" alt=\"\" srcset=\"https:\/\/www.taptrap.com\/wp-content\/uploads\/2023\/11\/tap-trap-rosso.jpg 197w, https:\/\/www.taptrap.com\/wp-content\/uploads\/2023\/11\/tap-trap-rosso-150x150.jpg 150w, https:\/\/www.taptrap.com\/wp-content\/uploads\/2023\/11\/tap-trap-rosso-100x100.jpg 100w\" sizes=\"(max-width: 197px) 100vw, 197px\" \/>\t\t\t\t\t\t\t\t<\/a>\n\t\t\t\t\t\t\t\t\t\t\t\t\t\t\t<\/div>\n\t\t\t\t<\/div>\n\t\t\t\t<div class=\"elementor-element elementor-element-3c5c72e7 elementor-widget elementor-widget-heading\" data-id=\"3c5c72e7\" data-element_type=\"widget\" data-e-type=\"widget\" data-widget_type=\"heading.default\">\n\t\t\t\t<div class=\"elementor-widget-container\">\n\t\t\t\t\t<h3 class=\"elementor-heading-title elementor-size-default\">PI\u00c8GE POUR DROSOPHILA SUZUKII <U>CAPTURE EN MASSE<\/U><\/h3>\t\t\t\t<\/div>\n\t\t\t\t<\/div>\n\t\t\t\t<div class=\"elementor-element elementor-element-e309f6b elementor-widget elementor-widget-heading\" data-id=\"e309f6b\" data-element_type=\"widget\" data-e-type=\"widget\" data-widget_type=\"heading.default\">\n\t\t\t\t<div class=\"elementor-widget-container\">\n\t\t\t\t\t<h4 class=\"elementor-heading-title elementor-size-default\"><a href=\"https:\/\/www.taptrap.com\/fr\/piege\/tap-trap-rouge\/\">TAP TRAP ROUGE<\/a><\/h4>\t\t\t\t<\/div>\n\t\t\t\t<\/div>\n\t\t\t\t<\/div>\n\t\t<div class=\"elementor-element elementor-element-163c7ed6 e-con-full e-flex e-con e-child\" data-id=\"163c7ed6\" data-element_type=\"container\" data-e-type=\"container\">\n\t\t\t\t<div class=\"elementor-element elementor-element-718d188a elementor-widget elementor-widget-image\" data-id=\"718d188a\" data-element_type=\"widget\" data-e-type=\"widget\" data-widget_type=\"image.default\">\n\t\t\t\t<div class=\"elementor-widget-container\">\n\t\t\t\t\t\t\t\t\t\t\t\t\t\t\t\t<a href=\"https:\/\/www.taptrap.com\/fr\/piege\/vaso-trap-rouge\/\">\n\t\t\t\t\t\t\t<img loading=\"lazy\" decoding=\"async\" width=\"197\" height=\"197\" src=\"https:\/\/www.taptrap.com\/wp-content\/uploads\/2023\/11\/vaso-trap-rosso.jpg\" class=\"elementor-animation-grow-rotate attachment-large size-large wp-image-10358\" alt=\"\" srcset=\"https:\/\/www.taptrap.com\/wp-content\/uploads\/2023\/11\/vaso-trap-rosso.jpg 197w, https:\/\/www.taptrap.com\/wp-content\/uploads\/2023\/11\/vaso-trap-rosso-150x150.jpg 150w, https:\/\/www.taptrap.com\/wp-content\/uploads\/2023\/11\/vaso-trap-rosso-100x100.jpg 100w\" sizes=\"(max-width: 197px) 100vw, 197px\" \/>\t\t\t\t\t\t\t\t<\/a>\n\t\t\t\t\t\t\t\t\t\t\t\t\t\t\t<\/div>\n\t\t\t\t<\/div>\n\t\t\t\t<div class=\"elementor-element elementor-element-a125b4f elementor-widget elementor-widget-heading\" data-id=\"a125b4f\" data-element_type=\"widget\" data-e-type=\"widget\" data-widget_type=\"heading.default\">\n\t\t\t\t<div class=\"elementor-widget-container\">\n\t\t\t\t\t<h3 class=\"elementor-heading-title elementor-size-default\">PI\u00c8GE POUR DROSOPHILA SUZUKII <U>CAPTURE S\u00c9LECTIVE DE MASSE<\/U><\/h3>\t\t\t\t<\/div>\n\t\t\t\t<\/div>\n\t\t\t\t<div class=\"elementor-element elementor-element-56642d9d elementor-widget elementor-widget-heading\" data-id=\"56642d9d\" data-element_type=\"widget\" data-e-type=\"widget\" data-widget_type=\"heading.default\">\n\t\t\t\t<div class=\"elementor-widget-container\">\n\t\t\t\t\t<h4 class=\"elementor-heading-title elementor-size-default\"><a href=\"https:\/\/www.taptrap.com\/fr\/piege\/vaso-trap-rouge\/\">VASO TRAP ROUGE<\/a><\/h4>\t\t\t\t<\/div>\n\t\t\t\t<\/div>\n\t\t\t\t<\/div>\n\t\t\t\t<\/div>\n\t\t\t\t<\/div>\n\t\t\t\t\t<\/div>\n\t\t\t\t<\/div>\n\t\t<div class=\"elementor-element elementor-element-22ebd5cb e-flex e-con-boxed e-con e-parent\" data-id=\"22ebd5cb\" data-element_type=\"container\" data-e-type=\"container\">\n\t\t\t\t\t<div class=\"e-con-inner\">\n\t\t\t\t<div class=\"elementor-element elementor-element-4ec70ce6 elementor-align-center elementor-hidden-desktop elementor-hidden-tablet elementor-hidden-mobile elementor-widget elementor-widget-button\" data-id=\"4ec70ce6\" data-element_type=\"widget\" data-e-type=\"widget\" data-widget_type=\"button.default\">\n\t\t\t\t<div class=\"elementor-widget-container\">\n\t\t\t\t\t\t\t\t\t<div class=\"elementor-button-wrapper\">\n\t\t\t\t\t<a class=\"elementor-button elementor-button-link elementor-size-xs\" href=\"https:\/\/www.taptrap.com\/boutique\">\n\t\t\t\t\t\t<span class=\"elementor-button-content-wrapper\">\n\t\t\t\t\t\t\t\t\t<span class=\"elementor-button-text\">VISITEZ NOTRE BOUTIQUE<\/span>\n\t\t\t\t\t<\/span>\n\t\t\t\t\t<\/a>\n\t\t\t\t<\/div>\n\t\t\t\t\t\t\t\t<\/div>\n\t\t\t\t<\/div>\n\t\t\t\t<div class=\"elementor-element elementor-element-1b734025 elementor-align-center elementor-widget elementor-widget-button\" data-id=\"1b734025\" data-element_type=\"widget\" data-e-type=\"widget\" data-widget_type=\"button.default\">\n\t\t\t\t<div class=\"elementor-widget-container\">\n\t\t\t\t\t\t\t\t\t<div class=\"elementor-button-wrapper\">\n\t\t\t\t\t<a class=\"elementor-button elementor-button-link elementor-size-xs\" href=\"https:\/\/www.taptrap.com\/fr\/distributeurs\">\n\t\t\t\t\t\t<span class=\"elementor-button-content-wrapper\">\n\t\t\t\t\t\t\t\t\t<span class=\"elementor-button-text\">RECHERCHER UN REVENDEUR PR\u00c8S DE CHEZ VOUS<\/span>\n\t\t\t\t\t<\/span>\n\t\t\t\t\t<\/a>\n\t\t\t\t<\/div>\n\t\t\t\t\t\t\t\t<\/div>\n\t\t\t\t<\/div>\n\t\t\t\t\t<\/div>\n\t\t\t\t<\/div>\n\t\t<div class=\"elementor-element elementor-element-707f4401 e-flex e-con-boxed e-con e-parent\" data-id=\"707f4401\" data-element_type=\"container\" data-e-type=\"container\">\n\t\t\t\t\t<div class=\"e-con-inner\">\n\t\t\t\t<div class=\"elementor-element elementor-element-4ccc9ff9 elementor-widget__width-inherit elementor-widget elementor-widget-heading\" data-id=\"4ccc9ff9\" data-element_type=\"widget\" data-e-type=\"widget\" data-widget_type=\"heading.default\">\n\t\t\t\t<div class=\"elementor-widget-container\">\n\t\t\t\t\t<h2 class=\"elementor-heading-title elementor-size-default\">POURQUOI UTILISER LES PI\u00c8GES \u00c0 INSECTES AU VERGER<\/h2>\t\t\t\t<\/div>\n\t\t\t\t<\/div>\n\t\t\t\t<div class=\"elementor-element elementor-element-47c8a216 elementor-widget__width-inherit elementor-widget elementor-widget-text-editor\" data-id=\"47c8a216\" data-element_type=\"widget\" data-e-type=\"widget\" data-widget_type=\"text-editor.default\">\n\t\t\t\t<div class=\"elementor-widget-container\">\n\t\t\t\t\t\t\t\t\t<p style=\"text-align: justify;\"><img loading=\"lazy\" decoding=\"async\" class=\"wp-image-4532 size-full alignleft\" src=\"https:\/\/www.taptrap.com\/wp-content\/uploads\/2021\/11\/strawberry-icon.png\" alt=\"\" width=\"128\" height=\"128\" srcset=\"https:\/\/www.taptrap.com\/wp-content\/uploads\/2021\/11\/strawberry-icon.png 128w, https:\/\/www.taptrap.com\/wp-content\/uploads\/2021\/11\/strawberry-icon-100x100.png 100w\" sizes=\"(max-width: 128px) 100vw, 128px\" \/>Dans le verger, <strong>les pi\u00e8ges \u00e0 insectes<\/strong> sont un outil indispensable pour lutter contre les <a href=\"https:\/\/www.taptrap.com\/fr\/type-d-insecte\/mouches-des-fruits\/\">insectes volants nuisibles<\/a> des plantes qui sont toujours \u00e0 l&#8217;aff\u00fbt. Mites, frelons, mouches des fruits : selon le type de plante, un insecte diff\u00e9rent peut l&#8217;attaquer et ruiner la r\u00e9colte. Les produits chimiques industriels disponibles sur le march\u00e9 semblent \u00eatre une solution pratique et rapide car ils donnent l&#8217;illusion de vaincre rapidement le probl\u00e8me sans aucun souci, mais ce n&#8217;est pas le cas car, bien qu&#8217;efficaces, ces produits contiennent diff\u00e9rents types de polluants, de pesticides et d&#8217;\u00e9l\u00e9ments chimiques qui non seulement polluent l&#8217;environnement, mais se retrouvent in\u00e9vitablement dans les l\u00e9gumes que nous cultivons, les fruits que nous r\u00e9coltons et mettons sur la table (et que notre organisme assimile en mangeant).<\/p>\n<p style=\"text-align: justify;\"><a href=\"https:\/\/www.taptrap.com\/fr\/nos-pieges\/\">Les pi\u00e8ges \u00e0 insectes \u00e9cologiques<\/a>, avec app\u00e2t alimentaire et sans produits chimiques, sont la solution id\u00e9ale car ils assurent un pi\u00e9geage de masse continu: mis en place d\u00e8s le d\u00e9but de la saison, ils peuvent \u00eatre utilis\u00e9s toute l&#8217;ann\u00e9e, m\u00eame lorsque, en fin de saison, seuls les derniers exemplaires restent en circulation. Mais le plus important est qu&#8217;ils s&#8217;adaptent \u00e0 la saisonnalit\u00e9 de la plante et de l&#8217;insecte qui l&#8217;endommage, ce qui garantit une lutte cibl\u00e9e et une plus grande efficacit\u00e9 de la m\u00e9thode.<\/p>\n<h3 style=\"text-align: justify;\">LES AVANTAGES DES PI\u00c8GES \u00c0 INSECTES AVEC APP\u00c2T ALIMENTAIRE<\/h3>\n<ul>\n<li style=\"text-align: justify;\">Ils sont utilis\u00e9s avec un app\u00e2t alimentaire \u00e0 faire soi-m\u00eame.<\/li>\n<li style=\"text-align: justify;\">Ils emp\u00eachent la pluie de diluer le contenu, ce qui diminuerait l&#8217;efficacit\u00e9 de l&#8217;app\u00e2t.<\/li>\n<li style=\"text-align: justify;\">Ils s&#8217;adaptent \u00e0 tous les types de fruits \u00e0 prot\u00e9ger.<\/li>\n<li style=\"text-align: justify;\">L&#8217;app\u00e2t est pr\u00e9par\u00e9 en fonction de l&#8217;insecte \u00e0 capturer.<\/li>\n<li style=\"text-align: justify;\">Ils peuvent \u00eatre utilis\u00e9s toute l&#8217;ann\u00e9e, en suivant la saisonnalit\u00e9 de la pr\u00e9sence de l&#8217;insecte.<\/li>\n<li style=\"text-align: justify;\">Ils ne polluent pas.<\/li>\n<li style=\"text-align: justify;\">Ils sont recyclables.<\/li>\n<li style=\"text-align: justify;\">Ils sont r\u00e9utilisable.<\/li>\n<li style=\"text-align: justify;\">Ils \u00e9vitent l&#8217;utilisation de pesticides.<\/li>\n<\/ul>\n\t\t\t\t\t\t\t\t<\/div>\n\t\t\t\t<\/div>\n\t\t\t\t<div class=\"elementor-element elementor-element-4e6856af elementor-widget__width-inherit elementor-widget elementor-widget-image\" data-id=\"4e6856af\" data-element_type=\"widget\" data-e-type=\"widget\" data-widget_type=\"image.default\">\n\t\t\t\t<div class=\"elementor-widget-container\">\n\t\t\t\t\t\t\t\t\t\t\t\t\t\t\t<img loading=\"lazy\" decoding=\"async\" width=\"500\" height=\"50\" src=\"https:\/\/www.taptrap.com\/wp-content\/uploads\/2023\/11\/logo-made-in-italy-2021.png\" class=\"attachment-large size-large wp-image-10361\" alt=\"\" srcset=\"https:\/\/www.taptrap.com\/wp-content\/uploads\/2023\/11\/logo-made-in-italy-2021.png 500w, https:\/\/www.taptrap.com\/wp-content\/uploads\/2023\/11\/logo-made-in-italy-2021-300x30.png 300w\" sizes=\"(max-width: 500px) 100vw, 500px\" \/>\t\t\t\t\t\t\t\t\t\t\t\t\t\t\t<\/div>\n\t\t\t\t<\/div>\n\t\t\t\t\t<\/div>\n\t\t\t\t<\/div>\n\t\t<div class=\"elementor-element elementor-element-11b67c1 e-flex e-con-boxed e-con e-parent\" data-id=\"11b67c1\" data-element_type=\"container\" data-e-type=\"container\" data-settings=\"{&quot;background_background&quot;:&quot;classic&quot;}\">\n\t\t\t\t\t<div class=\"e-con-inner\">\n\t\t\t\t<div class=\"elementor-element elementor-element-424051ae elementor-widget elementor-widget-heading\" data-id=\"424051ae\" data-element_type=\"widget\" data-e-type=\"widget\" data-widget_type=\"heading.default\">\n\t\t\t\t<div class=\"elementor-widget-container\">\n\t\t\t\t\t<h2 class=\"elementor-heading-title elementor-size-default\">PLUS DE PI\u00c8GES, MOINS D'INSECTICIDES<\/h2>\t\t\t\t<\/div>\n\t\t\t\t<\/div>\n\t\t\t\t<div class=\"elementor-element elementor-element-2373f1a elementor-widget elementor-widget-text-editor\" data-id=\"2373f1a\" data-element_type=\"widget\" data-e-type=\"widget\" data-widget_type=\"text-editor.default\">\n\t\t\t\t<div class=\"elementor-widget-container\">\n\t\t\t\t\t\t\t\t\t<p>(Si vous voulez en savoir plus sur l&#8217;importance de la d\u00e9fense naturelle, vous pouvez trouver quelques articles ici)<\/p>\n\t\t\t\t\t\t\t\t<\/div>\n\t\t\t\t<\/div>\n\t\t\t\t\t<\/div>\n\t\t\t\t<\/div>\n\t\t<div class=\"elementor-element elementor-element-45bbeb88 e-flex e-con-boxed e-con e-parent\" data-id=\"45bbeb88\" data-element_type=\"container\" data-e-type=\"container\" data-settings=\"{&quot;background_background&quot;:&quot;classic&quot;}\">\n\t\t\t\t\t<div class=\"e-con-inner\">\n\t\t\t\t<div class=\"elementor-element elementor-element-2105719e elementor-widget__width-inherit elementor-grid-3 elementor-grid-tablet-2 elementor-grid-mobile-1 elementor-posts--thumbnail-top elementor-widget elementor-widget-posts\" data-id=\"2105719e\" data-element_type=\"widget\" data-e-type=\"widget\" data-settings=\"{&quot;classic_columns&quot;:&quot;3&quot;,&quot;classic_columns_tablet&quot;:&quot;2&quot;,&quot;classic_columns_mobile&quot;:&quot;1&quot;,&quot;classic_row_gap&quot;:{&quot;unit&quot;:&quot;px&quot;,&quot;size&quot;:35,&quot;sizes&quot;:[]},&quot;classic_row_gap_tablet&quot;:{&quot;unit&quot;:&quot;px&quot;,&quot;size&quot;:&quot;&quot;,&quot;sizes&quot;:[]},&quot;classic_row_gap_mobile&quot;:{&quot;unit&quot;:&quot;px&quot;,&quot;size&quot;:&quot;&quot;,&quot;sizes&quot;:[]}}\" data-widget_type=\"posts.classic\">\n\t\t\t\t<div class=\"elementor-widget-container\">\n\t\t\t\t\t\t\t<div class=\"elementor-posts-container elementor-posts elementor-posts--skin-classic elementor-grid\" role=\"list\">\n\t\t\t\t<article class=\"elementor-post elementor-grid-item post-7378 post type-post status-publish format-standard has-post-thumbnail hentry category-pieges-et-recettes\" role=\"listitem\">\n\t\t\t\t<a class=\"elementor-post__thumbnail__link\" href=\"https:\/\/www.taptrap.com\/fr\/pieges-a-mouches-des-fruits-lappat-le-plus-efficace\/\" tabindex=\"-1\" >\n\t\t\t<div class=\"elementor-post__thumbnail\"><img loading=\"lazy\" decoding=\"async\" width=\"300\" height=\"212\" src=\"https:\/\/www.taptrap.com\/wp-content\/uploads\/2021\/04\/trappola-per-mosca-della-frutta-tap-trap-300x212.jpeg\" class=\"attachment-medium size-medium wp-image-949\" alt=\"\" srcset=\"https:\/\/www.taptrap.com\/wp-content\/uploads\/2021\/04\/trappola-per-mosca-della-frutta-tap-trap-300x212.jpeg 300w, https:\/\/www.taptrap.com\/wp-content\/uploads\/2021\/04\/trappola-per-mosca-della-frutta-tap-trap-600x424.jpeg 600w, https:\/\/www.taptrap.com\/wp-content\/uploads\/2021\/04\/trappola-per-mosca-della-frutta-tap-trap-1024x724.jpeg 1024w, https:\/\/www.taptrap.com\/wp-content\/uploads\/2021\/04\/trappola-per-mosca-della-frutta-tap-trap-768x543.jpeg 768w, https:\/\/www.taptrap.com\/wp-content\/uploads\/2021\/04\/trappola-per-mosca-della-frutta-tap-trap-1536x1086.jpeg 1536w, https:\/\/www.taptrap.com\/wp-content\/uploads\/2021\/04\/trappola-per-mosca-della-frutta-tap-trap.jpeg 1920w\" sizes=\"(max-width: 300px) 100vw, 300px\" \/><\/div>\n\t\t<\/a>\n\t\t\t\t<div class=\"elementor-post__text\">\n\t\t\t\t<h3 class=\"elementor-post__title\">\n\t\t\t<a href=\"https:\/\/www.taptrap.com\/fr\/pieges-a-mouches-des-fruits-lappat-le-plus-efficace\/\" >\n\t\t\t\tPI\u00c8GES \u00c0 MOUCHES DES FRUITS: L&#8217;APP\u00c2T LE PLUS EFFICACE\t\t\t<\/a>\n\t\t<\/h3>\n\t\t\t\t<\/div>\n\t\t\t\t<\/article>\n\t\t\t\t<article class=\"elementor-post elementor-grid-item post-9927 post type-post status-publish format-standard has-post-thumbnail hentry category-pieges-et-recettes\" role=\"listitem\">\n\t\t\t\t<a class=\"elementor-post__thumbnail__link\" href=\"https:\/\/www.taptrap.com\/fr\/piege-contre-mouche-de-lolive-avec-ammoniaque\/\" tabindex=\"-1\" >\n\t\t\t<div class=\"elementor-post__thumbnail\"><img loading=\"lazy\" decoding=\"async\" width=\"300\" height=\"225\" src=\"https:\/\/www.taptrap.com\/wp-content\/uploads\/2022\/02\/DSCN0104_MODIFICATO-300x225.jpeg\" class=\"attachment-medium size-medium wp-image-5911\" alt=\"trappola per mosca olivo tap trap\" srcset=\"https:\/\/www.taptrap.com\/wp-content\/uploads\/2022\/02\/DSCN0104_MODIFICATO-300x225.jpeg 300w, https:\/\/www.taptrap.com\/wp-content\/uploads\/2022\/02\/DSCN0104_MODIFICATO-scaled-600x450.jpeg 600w, https:\/\/www.taptrap.com\/wp-content\/uploads\/2022\/02\/DSCN0104_MODIFICATO-1024x768.jpeg 1024w, https:\/\/www.taptrap.com\/wp-content\/uploads\/2022\/02\/DSCN0104_MODIFICATO-768x576.jpeg 768w, https:\/\/www.taptrap.com\/wp-content\/uploads\/2022\/02\/DSCN0104_MODIFICATO-1536x1152.jpeg 1536w, https:\/\/www.taptrap.com\/wp-content\/uploads\/2022\/02\/DSCN0104_MODIFICATO-2048x1536.jpeg 2048w\" sizes=\"(max-width: 300px) 100vw, 300px\" \/><\/div>\n\t\t<\/a>\n\t\t\t\t<div class=\"elementor-post__text\">\n\t\t\t\t<h3 class=\"elementor-post__title\">\n\t\t\t<a href=\"https:\/\/www.taptrap.com\/fr\/piege-contre-mouche-de-lolive-avec-ammoniaque\/\" >\n\t\t\t\tPI\u00c8GE CONTRE MOUCHE DE L&#8217;OLIVE AVEC AMMONIAQUE\t\t\t<\/a>\n\t\t<\/h3>\n\t\t\t\t<\/div>\n\t\t\t\t<\/article>\n\t\t\t\t<article class=\"elementor-post elementor-grid-item post-2333 post type-post status-publish format-standard has-post-thumbnail hentry category-pieges-et-recettes\" role=\"listitem\">\n\t\t\t\t<a class=\"elementor-post__thumbnail__link\" href=\"https:\/\/www.taptrap.com\/fr\/le-remede-naturel-contre-les-mouches-vaso-trap\/\" tabindex=\"-1\" >\n\t\t\t<div class=\"elementor-post__thumbnail\"><img loading=\"lazy\" decoding=\"async\" width=\"300\" height=\"169\" src=\"https:\/\/www.taptrap.com\/wp-content\/uploads\/2021\/09\/Vaso-Trap-4-300x169.jpg\" class=\"attachment-medium size-medium wp-image-2102\" alt=\"pi\u00e8ge-\u00e0-mouches-vaso-trap\" \/><\/div>\n\t\t<\/a>\n\t\t\t\t<div class=\"elementor-post__text\">\n\t\t\t\t<h3 class=\"elementor-post__title\">\n\t\t\t<a href=\"https:\/\/www.taptrap.com\/fr\/le-remede-naturel-contre-les-mouches-vaso-trap\/\" >\n\t\t\t\tLE REM\u00c8DE NATUREL CONTRE LES MOUCHES: VASO TRAP\t\t\t<\/a>\n\t\t<\/h3>\n\t\t\t\t<\/div>\n\t\t\t\t<\/article>\n\t\t\t\t<\/div>\n\t\t\n\t\t\t\t\t\t<\/div>\n\t\t\t\t<\/div>\n\t\t\t\t<div class=\"elementor-element elementor-element-68916295 elementor-view-default elementor-widget elementor-widget-icon\" data-id=\"68916295\" data-element_type=\"widget\" data-e-type=\"widget\" data-widget_type=\"icon.default\">\n\t\t\t\t<div class=\"elementor-widget-container\">\n\t\t\t\t\t\t\t<div class=\"elementor-icon-wrapper\">\n\t\t\t<a class=\"elementor-icon\" href=\"https:\/\/www.taptrap.com\/fr\/news\/\">\n\t\t\t<i aria-hidden=\"true\" class=\"fas fa-arrow-circle-right\"><\/i>\t\t\t<\/a>\n\t\t<\/div>\n\t\t\t\t\t\t<\/div>\n\t\t\t\t<\/div>\n\t\t\t\t<div class=\"elementor-element elementor-element-f737217 elementor-widget elementor-widget-text-editor\" data-id=\"f737217\" data-element_type=\"widget\" data-e-type=\"widget\" data-widget_type=\"text-editor.default\">\n\t\t\t\t<div class=\"elementor-widget-container\">\n\t\t\t\t\t\t\t\t\t<p><a href=\"https:\/\/www.taptrap.com\/fr\/news\/\">Toutes les actualit\u00e9s de Tap Trap<\/a> &gt;&gt;<\/p>\n\t\t\t\t\t\t\t\t<\/div>\n\t\t\t\t<\/div>\n\t\t\t\t\t<\/div>\n\t\t\t\t<\/div>\n\t\t\t\t<\/div>\n\t\t","protected":false},"excerpt":{"rendered":"<p>LES PI\u00c8GES \u00c0 MOUCHES DES FRUITS D\u00e9fense naturelle des plantes fruiti\u00e8res (cliquez sur le pi\u00e8ge pour les instructions) PI\u00c8GE \u00c0 INSECTES POUR FRUITS POUR BOUTEILLE<\/p>\n","protected":false},"author":2,"featured_media":0,"parent":0,"menu_order":4,"comment_status":"closed","ping_status":"closed","template":"","meta":{"_acf_changed":false,"footnotes":""},"class_list":["post-10395","page","type-page","status-publish","hentry"],"acf":[],"_links":{"self":[{"href":"https:\/\/www.taptrap.com\/fr\/wp-json\/wp\/v2\/pages\/10395","targetHints":{"allow":["GET"]}}],"collection":[{"href":"https:\/\/www.taptrap.com\/fr\/wp-json\/wp\/v2\/pages"}],"about":[{"href":"https:\/\/www.taptrap.com\/fr\/wp-json\/wp\/v2\/types\/page"}],"author":[{"embeddable":true,"href":"https:\/\/www.taptrap.com\/fr\/wp-json\/wp\/v2\/users\/2"}],"replies":[{"embeddable":true,"href":"https:\/\/www.taptrap.com\/fr\/wp-json\/wp\/v2\/comments?post=10395"}],"version-history":[{"count":7,"href":"https:\/\/www.taptrap.com\/fr\/wp-json\/wp\/v2\/pages\/10395\/revisions"}],"predecessor-version":[{"id":10403,"href":"https:\/\/www.taptrap.com\/fr\/wp-json\/wp\/v2\/pages\/10395\/revisions\/10403"}],"wp:attachment":[{"href":"https:\/\/www.taptrap.com\/fr\/wp-json\/wp\/v2\/media?parent=10395"}],"curies":[{"name":"wp","href":"https:\/\/api.w.org\/{rel}","templated":true}]}}