{"id":10466,"date":"2023-11-29T12:49:32","date_gmt":"2023-11-29T11:49:32","guid":{"rendered":"https:\/\/www.taptrap.com\/cookie-policy-2023\/"},"modified":"2024-01-25T10:41:10","modified_gmt":"2024-01-25T09:41:10","slug":"cookie-policy-2023","status":"publish","type":"page","link":"https:\/\/www.taptrap.com\/fr\/cookie-policy-2023\/","title":{"rendered":"Cookie Policy 2023"},"content":{"rendered":"\t\t<div data-elementor-type=\"wp-page\" data-elementor-id=\"10466\" class=\"elementor elementor-10466 elementor-10377\" data-elementor-post-type=\"page\">\n\t\t\t\t<div class=\"elementor-element elementor-element-7f094bd7 e-flex e-con-boxed e-con e-parent\" data-id=\"7f094bd7\" data-element_type=\"container\" data-e-type=\"container\">\n\t\t\t\t\t<div class=\"e-con-inner\">\n\t\t\t\t<div class=\"elementor-element elementor-element-12cc8c0 elementor-widget elementor-widget-text-editor\" data-id=\"12cc8c0\" data-element_type=\"widget\" data-e-type=\"widget\" data-widget_type=\"text-editor.default\">\n\t\t\t\t<div class=\"elementor-widget-container\">\n\t\t\t\t\t\t\t\t\t<h1><span style=\"font-family: verdana, geneva, sans-serif;\">COOKIE POLICY www.taptrap.com<\/span><\/h1>\r\n&nbsp;\r\n\r\nCette page fournit des d\u00e9tails sur les technologies qui permettent \u00e0 ce site web d&#8217;atteindre les objectifs d\u00e9crits ci-dessous. Ces technologies permettent au contr\u00f4leur de capturer et de stocker des informations (par exemple par l&#8217;utilisation de cookies) ou d&#8217;utiliser des ressources (par exemple en ex\u00e9cutant un script) sur votre appareil lors de votre interaction avec ce site web.\r\n\r\nPar souci de simplicit\u00e9, ces technologies sont bri\u00e8vement appel\u00e9es &#8220;outils de suivi&#8221; dans la pr\u00e9sente documentation, \u00e0 moins qu&#8217;il n&#8217;y ait une raison de les diff\u00e9rencier. Par exemple, bien que les cookies puissent \u00eatre utilis\u00e9s \u00e0 la fois sur les navigateurs web et sur les appareils mobiles, il n&#8217;est pas logique de parler de cookies dans le contexte des applications mobiles, car il s&#8217;agit d&#8217;outils de tra\u00e7age qui n\u00e9cessitent la pr\u00e9sence d&#8217;un navigateur. Par cons\u00e9quent, dans le pr\u00e9sent document, le terme &#8220;cookies&#8221; n&#8217;est utilis\u00e9 que pour d\u00e9signer sp\u00e9cifiquement ce type particulier d&#8217;outil de tra\u00e7age.\r\n\r\nCertaines finalit\u00e9s pour lesquelles les outils de tra\u00e7age sont utilis\u00e9s peuvent n\u00e9cessiter le consentement de l&#8217;utilisateur. Si le consentement est donn\u00e9, il peut \u00eatre librement r\u00e9voqu\u00e9 \u00e0 tout moment en suivant les instructions contenues dans ce document.\r\n\r\nCe site Web utilise des outils de suivi exploit\u00e9s directement par le responsable du traitement (commun\u00e9ment appel\u00e9s outils de suivi &#8220;de premi\u00e8re partie&#8221;) et des outils de suivi qui permettent des services fournis par des tiers (commun\u00e9ment appel\u00e9s outils de suivi &#8220;de tierce partie&#8221;). Sauf indication contraire dans le pr\u00e9sent document, ces tiers ont acc\u00e8s \u00e0 leurs outils de tra\u00e7age respectifs.\r\n\r\nLa dur\u00e9e et l&#8217;expiration des cookies et autres outils de tra\u00e7age similaires peuvent varier en fonction des param\u00e8tres du responsable du traitement des donn\u00e9es ou de chaque fournisseur tiers. Certains d&#8217;entre eux expirent \u00e0 la fin de la session de navigation de l&#8217;utilisateur. Outre ce qui est sp\u00e9cifi\u00e9 dans la description de chacune des cat\u00e9gories ci-dessous, les utilisateurs peuvent obtenir des informations plus d\u00e9taill\u00e9es et actualis\u00e9es sur la dur\u00e9e, ainsi que sur toute autre information pertinente, telle que la pr\u00e9sence d&#8217;autres outils de suivi, dans les politiques de confidentialit\u00e9 des fournisseurs tiers respectifs (par le biais des liens fournis) ou en contactant le responsable du traitement des donn\u00e9es.\r\n<h2>Que sont les cookies ?<\/h2>\r\nLes cookies sont des outils de suivi consistant en de petits \u00e9l\u00e9ments de donn\u00e9es stock\u00e9s dans le navigateur de l&#8217;utilisateur.\r\n<h3>Pourquoi utilisons-nous des cookies ?<\/h3>\r\nLes cookies permettent au site web de &#8220;se souvenir&#8221; des utilisateurs pour la dur\u00e9e de la visite (cookies de session) ou pour plusieurs visites (cookies permanents). Les cookies peuvent remplir diff\u00e9rentes fonctions. Certains sont essentiels et vous permettent de naviguer efficacement, de d\u00e9finir et de stocker des pr\u00e9f\u00e9rences et, plus g\u00e9n\u00e9ralement, d&#8217;am\u00e9liorer et d&#8217;optimiser votre navigation sur un site web.\r\n<h2>Cookies utilis\u00e9s sur ce site\r\nCookies techniques<\/h2>\r\nLes cookies techniques de navigation ou de session sont utilis\u00e9s pour garantir la fluidit\u00e9 de la navigation et de l&#8217;utilisation du site, pour faciliter les achats et l&#8217;authentification pour l&#8217;acc\u00e8s aux zones restreintes du site, et pour contr\u00f4ler son bon fonctionnement. Les cookies de fonctionnalit\u00e9 permettent \u00e0 l&#8217;utilisateur de naviguer en fonction d&#8217;un certain nombre de crit\u00e8res s\u00e9lectionn\u00e9s, tels que la langue ou les produits choisis pour l&#8217;achat, afin d&#8217;am\u00e9liorer le service offert. Pour l&#8217;installation de ces cookies, le consentement pr\u00e9alable des utilisateurs n&#8217;est pas requis, mais l&#8217;obligation d&#8217;information vis\u00e9e \u00e0 l&#8217;article 13 du Code demeure. L&#8217;op\u00e9rateur du site, dans le cas o\u00f9 il utilise exclusivement ces dispositifs, peut fournir l&#8217;information de la mani\u00e8re qu&#8217;il juge la plus appropri\u00e9e.\r\n<h4>Cookies de tiers<\/h4>\r\nCe type de cookie est utilis\u00e9 pour collecter des donn\u00e9es sur la mani\u00e8re dont les visiteurs utilisent le site web, y compris les termes de recherche utilis\u00e9s pour acc\u00e9der au site, les sites web visit\u00e9s et les sources de trafic que les visiteurs g\u00e9n\u00e8rent pour les campagnes de marketing. Le gestionnaire peut utiliser ces informations pour compiler des rapports et optimiser le site. Ces cookies collectent des donn\u00e9es de mani\u00e8re anonyme et peuvent \u00eatre envoy\u00e9s soit par le site lui-m\u00eame, soit par des domaines tiers.\r\n<h3>Outils de suivi de tiers et autres activit\u00e9s impliquant leur utilisation<\/h3>\r\nLes cookies de ce type sont utilis\u00e9s pour int\u00e9grer au site des fonctionnalit\u00e9s fournies par des tiers (comme l&#8217;int\u00e9gration de vid\u00e9os, de cartes ou d&#8217;ic\u00f4nes de r\u00e9seaux sociaux permettant aux visiteurs de partager des contenus sur le site). Ces cookies peuvent \u00eatre envoy\u00e9s depuis les domaines des sites partenaires ou proposant ces fonctionnalit\u00e9s sur le site.\r\n\r\nEn ce qui concerne les cookies de tiers, l&#8217;utilisateur peut donner son consentement conform\u00e9ment \u00e0 la l\u00e9gislation en vigueur, au moyen de configurations sp\u00e9cifiques du navigateur ou de programmes ou dispositifs informatiques permettant d&#8217;emp\u00eacher l&#8217;installation de cookies de tiers. L&#8217;utilisateur peut consulter les d\u00e9clarations des tiers \u00e0 travers les liens fournis ci-dessous.\r\n\r\nLe responsable du traitement rappelle \u00e0 l&#8217;utilisateur qu&#8217;il est possible de modifier \u00e0 tout moment les pr\u00e9f\u00e9rences en mati\u00e8re de cookies et de les d\u00e9sactiver \u00e0 partir du navigateur. Toutefois, il convient de noter que cette op\u00e9ration peut limiter l&#8217;utilisation de certaines parties du site.\r\n<h4>Outils de suivi utilis\u00e9s\r\nR\u00e9seau social<\/h4>\r\nCe service permet des interactions directes avec des r\u00e9seaux sociaux ou d&#8217;autres plateformes externes directement \u00e0 partir des pages de ce site web. Les interactions et les informations obtenues par l&#8217;interm\u00e9diaire de ce site web sont toujours soumises aux param\u00e8tres de confidentialit\u00e9 de l&#8217;utilisateur pour chaque r\u00e9seau social.\r\n\r\nN\u00e9anmoins, ce service peut collecter des donn\u00e9es de trafic pour les pages o\u00f9 il est install\u00e9, m\u00eame si les utilisateurs ne l&#8217;utilisent pas. Il est conseill\u00e9 de se d\u00e9connecter des services correspondants afin que les donn\u00e9es trait\u00e9es sur ce site ne soient pas associ\u00e9es au profil de l&#8217;utilisateur.\r\n\r\nCes services ont \u00e9galement leur propre politique de confidentialit\u00e9 qui peut diff\u00e9rer de celle adopt\u00e9e par le Propri\u00e9taire de ce Site. Le Propri\u00e9taire n&#8217;est pas responsable des sites de tiers.\r\n<ul>\r\n \t<li aria-level=\"1\"><span style=\"font-family: verdana, geneva, sans-serif;\">Plates-formes Meta: Irlande &#8211; <a href=\"https:\/\/www.facebook.com\/privacy\/policy\/?entry_point=data_policy_redirect&amp;entry=0\" target=\"_blank\" rel=\"noopener\">Privacy Policy<\/a><\/span><\/li>\r\n \t<li aria-level=\"1\"><span style=\"font-family: verdana, geneva, sans-serif;\">X: \u00c9tas-Unis &#8211; <a href=\"https:\/\/twitter.com\/en\/privacy\" target=\"_blank\" rel=\"noopener\">Privacy Policy<\/a><\/span><\/li>\r\n \t<li aria-level=\"1\"><span style=\"font-family: verdana, geneva, sans-serif;\">Linkedin: \u00c9tas-Unis &#8211; <a href=\"https:\/\/www.linkedin.com\/legal\/privacy-policy\" target=\"_blank\" rel=\"noopener\">Privacy Policy<\/a><\/span><\/li>\r\n \t<li aria-level=\"1\"><span style=\"font-family: verdana, geneva, sans-serif;\">Pinterest: \u00c9tas-Unis &#8211; <a href=\"https:\/\/policy.pinterest.com\/it\/privacy-policy\" target=\"_blank\" rel=\"noopener\">Privacy Policy<\/a><\/span><\/li>\r\n<\/ul>\r\n<h4>Gestion des bases de donn\u00e9es d&#8217;utilisateurs, des contacts et de l&#8217;envoi de messages<\/h4>\r\n<ul>\r\n \t<li aria-level=\"1\">Gr\u00e2ce \u00e0 ces services, le responsable du traitement peut cr\u00e9er des profils d&#8217;utilisateur en utilisant les informations fournies par l&#8217;utilisateur, telles que son adresse \u00e9lectronique ou son nom, et suivre les activit\u00e9s de l&#8217;utilisateur \u00e0 l&#8217;aide de fonctions statistiques. Ces donn\u00e9es \u00e0 caract\u00e8re personnel peuvent \u00eatre recoup\u00e9es avec des informations publiquement disponibles sur l&#8217;utilisateur, telles que des profils de r\u00e9seaux sociaux, afin de cr\u00e9er des profils priv\u00e9s que le responsable du traitement peut consulter et utiliser pour am\u00e9liorer le site web.\r\n\r\nCertains de ces services peuvent \u00e9galement permettre l&#8217;envoi programm\u00e9 de messages \u00e0 l&#8217;utilisateur, tels que des courriels bas\u00e9s sur des actions sp\u00e9cifiques effectu\u00e9es sur ce site web.\r\n\r\n<span style=\"font-family: verdana, geneva, sans-serif;\">Brevo Marketing Automation (ex Sendinblue SAS): France &#8211; <a href=\"https:\/\/www.brevo.com\/it\/legal\/privacypolicy\/\" target=\"_blank\" rel=\"noopener\">Privacy Policy<\/a><\/span><\/li>\r\n<\/ul>\r\n<h4>Gestion du consentement \u00e0 la collecte de cookies<\/h4>\r\n<span style=\"font-family: verdana, geneva, sans-serif;\">Cookiebot &#8211; plateforme de gestion du consentement(Usercentrics A.S. &#8211; Danemark &#8211; <a href=\"https:\/\/usercentrics.com\/it\/informativa-sulla-privacy\/\" target=\"_blank\" rel=\"noopener\">Privacy Policy<\/a><\/span>\r\n<h4>Mesure des donn\u00e9es<\/h4>\r\n<span style=\"font-family: verdana, geneva, sans-serif;\">Google Analytics<\/span>\r\n\r\nGoogle Analytics est un service d&#8217;analyse web propos\u00e9 par Google LLC ou Google Ireland Limited, en fonction de la mani\u00e8re dont le responsable du traitement des donn\u00e9es g\u00e8re le traitement des donn\u00e9es. Google utilise les donn\u00e9es personnelles collect\u00e9es pour surveiller et analyser l&#8217;utilisation de ce site Web, pr\u00e9parer des rapports et les partager avec d&#8217;autres services d\u00e9velopp\u00e9s par Google.\r\n\r\nEn outre, Google peut utiliser les donn\u00e9es personnelles pour contextualiser et personnaliser les annonces sur son r\u00e9seau publicitaire.\r\n\r\n<span style=\"font-family: verdana, geneva, sans-serif;\">\u00c9tats-Unis &#8211; <a href=\"https:\/\/policies.google.com\/privacy\" target=\"_blank\" rel=\"noopener\">Privacy Policy<\/a><\/span>\r\n<h2>DES INSTRUCTIONS POUR G\u00c9RER LES PR\u00c9F\u00c9RENCES (DONNER OU RETIRER SON CONSENTEMENT)<\/h2>\r\nLes utilisateurs peuvent g\u00e9rer leurs pr\u00e9f\u00e9rences en mati\u00e8re d&#8217;outils de suivi directement par le biais des param\u00e8tres de leur appareil &#8211; par exemple, ils peuvent emp\u00eacher l&#8217;utilisation ou le stockage d&#8217;outils de suivi.\r\n\r\nEn ce qui concerne les outils de suivi de tiers, les utilisateurs ont la possibilit\u00e9 de g\u00e9rer leurs pr\u00e9f\u00e9rences en visitant le lien d&#8217;exclusion correspondant (s&#8217;il existe), en utilisant les outils fournis dans la politique de confidentialit\u00e9 du tiers ou en contactant directement le tiers.\r\n<ul>\r\n \t<li aria-level=\"1\"><span style=\"font-family: verdana, geneva, sans-serif;\"><a href=\"https:\/\/support.google.com\/chrome\/answer\/95647?hl=it&amp;p=cpn_cookies\" target=\"_blank\" rel=\"noopener\">Google Chrome<\/a><\/span><\/li>\r\n \t<li aria-level=\"1\"><span style=\"font-family: verdana, geneva, sans-serif;\"><a href=\"https:\/\/support.mozilla.org\/it\/kb\/protezione-antitracciamento-avanzata-firefox-desktop?redirectslug=Attivare+e+disattivare+i+cookie&amp;redirectlocale=it\" target=\"_blank\" rel=\"noopener\">Mozilla Firefox<\/a><\/span><\/li>\r\n \t<li aria-level=\"1\"><span style=\"font-family: verdana, geneva, sans-serif;\"><a href=\"https:\/\/support.apple.com\/it-it\/guide\/safari\/sfri11471\/mac\" target=\"_blank\" rel=\"noopener\">Apple Safari<\/a><\/span><\/li>\r\n \t<li aria-level=\"1\"><span style=\"font-family: verdana, geneva, sans-serif;\"><a href=\"https:\/\/support.microsoft.com\/it-it\/microsoft-edge\/eliminare-i-cookie-in-microsoft-edge-63947406-40ac-c3b8-57b9-2a946a29ae09\" target=\"_blank\" rel=\"noopener\">Microsoft Edge<\/a><\/span><\/li>\r\n<\/ul>\r\n<h2>Responsable du traitement des donn\u00e9es<\/h2>\r\n<span style=\"font-family: verdana, geneva, sans-serif;\">DITTA CARELLO ROBERTO DI BELLINI VANDA<\/span>\r\n<span style=\"font-family: verdana, geneva, sans-serif;\">Via Caduti per la Libert\u00e0, 39<\/span>\r\n<span style=\"font-family: verdana, geneva, sans-serif;\">10044 PIANEZZA TO<\/span>\r\n<span style=\"font-family: verdana, geneva, sans-serif;\">Email: <a href=\"mailto:info@taptrap.com\">info@taptrap.com<\/a><\/span>\r\n\r\n\u00c9tant donn\u00e9 que le propri\u00e9taire de ce site web n&#8217;exerce pas un contr\u00f4le total sur l&#8217;utilisation des outils de suivi de tiers, toute mention sp\u00e9cifique de ces outils n&#8217;est qu&#8217;une indication g\u00e9n\u00e9rale. Pour obtenir des informations d\u00e9taill\u00e9es, il est conseill\u00e9 aux utilisateurs de consulter la politique de confidentialit\u00e9 des services tiers \u00e9num\u00e9r\u00e9s dans le pr\u00e9sent document.\r\n\r\n\u00c9tant donn\u00e9 qu&#8217;il peut \u00eatre compliqu\u00e9 de comprendre pleinement ces technologies de suivi, si les utilisateurs souhaitent en savoir plus sur l&#8217;utilisation de ces technologies sur ce site web, ils sont encourag\u00e9s \u00e0 contacter directement le propri\u00e9taire.\r\n\r\nCette page est visible au moyen d&#8217;un lien situ\u00e9 en bas de toutes les pages du site Web, conform\u00e9ment \u00e0 l&#8217;article 122 deuxi\u00e8me alin\u00e9a du d\u00e9cret l\u00e9gislatif 196\/2003 et suivant les proc\u00e9dures simplifi\u00e9es d&#8217;information et d&#8217;acquisition du consentement pour l&#8217;utilisation des cookies publi\u00e9es dans le Journal officiel n\u00b0 126 du 3 juin 2014 et son registre des dispositions n\u00b0 229 du 8 mai 2014.\r\n\r\nL&#8217;utilisateur est pri\u00e9 de consulter notre politique de confidentialit\u00e9 pour plus d&#8217;informations sur le traitement des donn\u00e9es.\r\n\r\nDerni\u00e8re modification le 30.11.2023\t\t\t\t\t\t\t\t<\/div>\n\t\t\t\t<\/div>\n\t\t\t\t\t<\/div>\n\t\t\t\t<\/div>\n\t\t\t\t<\/div>\n\t\t","protected":false},"excerpt":{"rendered":"<p>COOKIE POLICY www.taptrap.com &nbsp; Cette page fournit des d\u00e9tails sur les technologies qui permettent \u00e0 ce site web d&#8217;atteindre les objectifs d\u00e9crits ci-dessous. Ces technologies permettent au contr\u00f4leur de capturer et de stocker des informations (par exemple par l&#8217;utilisation de cookies) ou d&#8217;utiliser des ressources (par exemple en ex\u00e9cutant un script) sur votre appareil lors [&hellip;]<\/p>\n","protected":false},"author":2,"featured_media":0,"parent":0,"menu_order":44,"comment_status":"closed","ping_status":"closed","template":"","meta":{"_acf_changed":false,"footnotes":""},"class_list":["post-10466","page","type-page","status-publish","hentry"],"acf":[],"_links":{"self":[{"href":"https:\/\/www.taptrap.com\/fr\/wp-json\/wp\/v2\/pages\/10466","targetHints":{"allow":["GET"]}}],"collection":[{"href":"https:\/\/www.taptrap.com\/fr\/wp-json\/wp\/v2\/pages"}],"about":[{"href":"https:\/\/www.taptrap.com\/fr\/wp-json\/wp\/v2\/types\/page"}],"author":[{"embeddable":true,"href":"https:\/\/www.taptrap.com\/fr\/wp-json\/wp\/v2\/users\/2"}],"replies":[{"embeddable":true,"href":"https:\/\/www.taptrap.com\/fr\/wp-json\/wp\/v2\/comments?post=10466"}],"version-history":[{"count":4,"href":"https:\/\/www.taptrap.com\/fr\/wp-json\/wp\/v2\/pages\/10466\/revisions"}],"predecessor-version":[{"id":10957,"href":"https:\/\/www.taptrap.com\/fr\/wp-json\/wp\/v2\/pages\/10466\/revisions\/10957"}],"wp:attachment":[{"href":"https:\/\/www.taptrap.com\/fr\/wp-json\/wp\/v2\/media?parent=10466"}],"curies":[{"name":"wp","href":"https:\/\/api.w.org\/{rel}","templated":true}]}}