{"id":10470,"date":"2023-11-29T12:44:35","date_gmt":"2023-11-29T11:44:35","guid":{"rendered":"https:\/\/www.taptrap.com\/privacy-policy-11-2023\/"},"modified":"2024-07-01T15:10:07","modified_gmt":"2024-07-01T13:10:07","slug":"privacy-policy-11-2023","status":"publish","type":"page","link":"https:\/\/www.taptrap.com\/fr\/privacy-policy-11-2023\/","title":{"rendered":"Privacy Policy 11.2023"},"content":{"rendered":"\t\t<div data-elementor-type=\"wp-page\" data-elementor-id=\"10470\" class=\"elementor elementor-10470 elementor-10374\" data-elementor-post-type=\"page\">\n\t\t\t\t<div class=\"elementor-element elementor-element-4867d8ce e-flex e-con-boxed e-con e-parent\" data-id=\"4867d8ce\" data-element_type=\"container\" data-e-type=\"container\">\n\t\t\t\t\t<div class=\"e-con-inner\">\n\t\t\t\t<div class=\"elementor-element elementor-element-4f8e6157 elementor-widget elementor-widget-text-editor\" data-id=\"4f8e6157\" data-element_type=\"widget\" data-e-type=\"widget\" data-widget_type=\"text-editor.default\">\n\t\t\t\t<div class=\"elementor-widget-container\">\n\t\t\t\t\t\t\t\t\t<h1><span style=\"font-family: verdana, geneva, sans-serif;\">PRIVACY POLICY www.taptrap.com<\/span><\/h1><p>La pr\u00e9sente politique de confidentialit\u00e9 vise \u00e0 exposer la mani\u00e8re dont sont g\u00e9r\u00e9es les donn\u00e9es personnelles des clients\/utilisateurs\/visiteurs qui acc\u00e8dent au site web www.taptrap.com. Sauf indication contraire, cette politique sert \u00e9galement d&#8217;information conform\u00e9ment \u00e0 l&#8217;article 13 du d\u00e9cret l\u00e9gislatif n\u00b0 196\/2003 (ci-apr\u00e8s d\u00e9nomm\u00e9 &#8221; Code &#8220;) et \u00e0 l&#8217;article 13 du r\u00e8glement (UE) n\u00b0 2016\/679 (ci-apr\u00e8s d\u00e9nomm\u00e9 &#8221; GDPR &#8220;) pour ceux qui interagissent avec le site (ci-apr\u00e8s d\u00e9nomm\u00e9 &#8221; Utilisateur &#8220;). Des informations d\u00e9taill\u00e9es sur le traitement des donn\u00e9es personnelles sont fournies, si n\u00e9cessaire, sur les pages relatives aux services individuels offerts par le biais du Site. Ces informations visent \u00e0 d\u00e9finir les limites et les modalit\u00e9s du traitement des donn\u00e9es personnelles pour chaque service, \u00e0 permettre \u00e0 l&#8217;Utilisateur d&#8217;exprimer librement son consentement, si n\u00e9cessaire, et d&#8217;autoriser \u00e9ventuellement la collecte et le traitement ult\u00e9rieur des donn\u00e9es. L&#8217;utilisateur est invit\u00e9 \u00e0 lire la pr\u00e9sente politique de confidentialit\u00e9 avant de fournir des informations personnelles de quelque nature que ce soit.<\/p><h2>RESPONSABLE DU TRAITEMENT DES DONN\u00c9ES<\/h2><p><span style=\"font-family: verdana, geneva, sans-serif;\">Le responsable du traitement des donn\u00e9es est Mme BELLINI VANDA, propri\u00e9taire de l&#8217;entreprise individuelle (ci-apr\u00e8s d\u00e9nomm\u00e9e &#8220;la soci\u00e9t\u00e9&#8221;).<\/span><\/p><p><span style=\"font-family: verdana, geneva, sans-serif;\">CARELLO ROBERTO DI BELLINI VANDA<br \/><\/span><span style=\"font-family: verdana, geneva, sans-serif; font-size: 16px;\">C.F. BLLVND57L43H355W<br \/><\/span><span style=\"font-family: verdana, geneva, sans-serif;\">P.IVA 12508090011<\/span><br \/><span style=\"font-family: verdana, geneva, sans-serif;\">R\u00e9sidence et si\u00e8ge social:<br \/><\/span><span style=\"font-family: verdana, geneva, sans-serif;\"> via Caduti per la Libert\u00e0, 39 &#8211; 10044 Pianezza (TO)<\/span><br \/><span style=\"font-family: verdana, geneva, sans-serif;\">Tel. +39.0119886840<\/span><\/p><p>Le d\u00e9l\u00e9gu\u00e9 \u00e0 la protection des donn\u00e9es, d\u00e9sign\u00e9 par le responsable du traitement, peut \u00eatre contact\u00e9 par<\/p><ul><li>par courrier ordinaire, \u00e0 l&#8217;adresse via Caduti per la Libert\u00e0, 39 &#8211; 10044 Pianezza (TO)<\/li><li>t\u00e9l\u00e9phone, au num\u00e9ro +39.0119886840<\/li><li>par courrier \u00e9lectronique, \u00e0 l&#8217;adresse carello@taptrap.com<\/li><\/ul><h2>LES TYPES DE DONN\u00c9ES COLLECT\u00c9ES<\/h2><h3>Type de donn\u00e9es trait\u00e9es et finalit\u00e9 du traitement<\/h3><h4>Donn\u00e9es de navigation<\/h4><p>Le site web recueille certaines donn\u00e9es personnelles de l&#8217;utilisateur par le biais de syst\u00e8mes informatiques et de proc\u00e9dures logicielles n\u00e9cessaires \u00e0 son fonctionnement. Ces informations, transmises par le biais de protocoles de communication Internet, ne permettent pas, \u00e0 elles seules, d&#8217;identifier l&#8217;utilisateur, mais pourraient le faire si elles \u00e9taient combin\u00e9es \u00e0 des donn\u00e9es de tiers. Ces donn\u00e9es comprennent les adresses IP, les noms de domaine et les param\u00e8tres du syst\u00e8me d&#8217;exploitation de l&#8217;utilisateur. Ces donn\u00e9es, qui constituent le &#8220;log of links&#8221;, sont utilis\u00e9es uniquement pour obtenir des statistiques anonymes sur l&#8217;utilisation du site et pour en assurer le bon fonctionnement.<\/p><h4>Donn\u00e9es fournies volontairement par l&#8217;utilisateur<\/h4><p>La soci\u00e9t\u00e9 utilisera les donn\u00e9es fournies par l&#8217;utilisateur en tant que client\/utilisateur\/visiteur pour r\u00e9pondre \u00e0 ses demandes ou lui fournir des services sp\u00e9cifiques. L&#8217;acquisition et l&#8217;utilisation de ces donn\u00e9es seront limit\u00e9es \u00e0 cette fin, et la communication \u00e0 des tiers n&#8217;aura lieu que si elle est n\u00e9cessaire pour r\u00e9pondre aux demandes de l&#8217;utilisateur.<\/p><h4><span style=\"font-family: verdana, geneva, sans-serif;\">Cookie<\/span><\/h4><p>La politique en mati\u00e8re de cookies de www.taptrap.com peut \u00eatre <a href=\"\/fr\/cookie-policy-2023\/\">consult\u00e9e ici.<\/a><\/p><h3>GESTION DES CONTACTS ET ENVOI DE MESSAGES<\/h3><p>Le site utilise des services pour maintenir une base de donn\u00e9es d&#8217;adresses \u00e9lectroniques ou d&#8217;autres contacts dans le but de communiquer avec les utilisateurs. Ces services peuvent collecter des informations sur la date et l&#8217;heure auxquelles l&#8217;utilisateur consulte les messages, ainsi que des d\u00e9tails sur l&#8217;interaction de l&#8217;utilisateur, tels que les clics sur les liens inclus dans les messages.<\/p><ul><li aria-level=\"1\"><span style=\"font-family: verdana, geneva, sans-serif;\"><strong>Brevo Marketing Automation<\/strong> (ex Sendinblue SAS): France &#8211; <a href=\"https:\/\/www.brevo.com\/it\/legal\/privacypolicy\/\" target=\"_blank\" rel=\"noopener\">Privacy Policy<\/a><br \/><\/span><\/li><\/ul><h3>GESTION DE LA BASE DE DONN\u00c9ES DES UTILISATEURS<\/h3><p>Ce type de service permet au propri\u00e9taire de cr\u00e9er des profils d&#8217;utilisateurs sur la base d&#8217;informations telles que l&#8217;adresse \u00e9lectronique, le nom ou toute autre information fournie par l&#8217;utilisateur sur ce site web. Il permet \u00e9galement de suivre les activit\u00e9s de l&#8217;utilisateur gr\u00e2ce \u00e0 des fonctions statistiques. Ces donn\u00e9es personnelles peuvent \u00eatre recoup\u00e9es avec des informations accessibles au public, telles que des profils de m\u00e9dias sociaux, afin de cr\u00e9er des profils priv\u00e9s que le propri\u00e9taire peut consulter et utiliser pour am\u00e9liorer ce site web.<\/p><ul><li aria-level=\"1\"><span style=\"font-family: verdana, geneva, sans-serif;\"><strong>Brevo Marketing Automation<\/strong> (ex Sendinblue SAS): Francia &#8211; <a href=\"https:\/\/www.brevo.com\/it\/legal\/privacypolicy\/\" target=\"_blank\" rel=\"noopener\">Privacy Policy<\/a><br \/><\/span><\/li><\/ul><h3>STATISTIQUES<\/h3><p>Le site fait appel \u00e0 des services tiers pour le suivi statistique de l&#8217;acc\u00e8s et d&#8217;autres param\u00e8tres relatifs aux visiteurs, ainsi que pour l&#8217;analyse de leur comportement sur le site.<\/p><ul><li aria-level=\"1\"><span style=\"font-family: verdana, geneva, sans-serif;\">Il utilise notamment Google Analytics, un service d&#8217;analyse de site internet fourni par Google Inc. Ce service utilise les donn\u00e9es personnelles pour suivre et analyser l&#8217;utilisation du site, en g\u00e9n\u00e9rant des rapports partag\u00e9s avec d&#8217;autres services Google. Google Analytics peut \u00e9galement utiliser des donn\u00e9es personnelles pour personnaliser les annonces de son r\u00e9seau publicitaire. Les donn\u00e9es collect\u00e9es comprennent des cookies et des informations sur l&#8217;utilisation du site. Le lieu de traitement de ces donn\u00e9es est situ\u00e9 aux \u00c9tats-Unis.<a href=\"https:\/\/policies.google.com\/privacy?hl=it\" target=\"_blank\" rel=\"noopener\">\u00a0Privacy Policy<\/a> \u2013<a href=\"https:\/\/tools.google.com\/dlpage\/gaoptout?hl=it%22%20%5Ct%20%22_blank\" target=\"_blank\" rel=\"noopener\"> Opt Out<\/a><\/span><\/li><li aria-level=\"1\"><span style=\"font-family: verdana, geneva, sans-serif;\">Suivi des conversions via Facebook Ads (Facebook, Inc.) : Facebook offre un service de statistiques qui relie les donn\u00e9es du r\u00e9seau publicitaire Facebook aux actions effectu\u00e9es sur le site web. Les donn\u00e9es collect\u00e9es comprennent des cookies et des informations sur l&#8217;utilisation. Le lieu de traitement de ces donn\u00e9es se trouve aux \u00c9tats-Unis.<a href=\"https:\/\/www.facebook.com\/privacy\/policy\/?entry_point=facebook_settings\" target=\"_blank\" rel=\"noopener\"> Privacy Policy<\/a><\/span><\/li><\/ul><h3>INFRASTRUCTURE DE L&#8217;ACCUEIL ET DU BACKHAND<\/h3><p>Ces types de services permettent d&#8217;h\u00e9berger des donn\u00e9es et des fichiers essentiels au fonctionnement de ce site web. Ils permettent la distribution et fournissent une infrastructure pr\u00eate \u00e0 l&#8217;emploi pour offrir des fonctionnalit\u00e9s sp\u00e9cifiques de ce site Web.<\/p><ul><li aria-level=\"1\"><span style=\"font-family: verdana, geneva, sans-serif;\"><strong>OVHCloud Hosting Ltd<\/strong> &#8211; Italie <a href=\"https:\/\/www.ovhcloud.com\/it\/personal-data-protection\/\" target=\"_blank\" rel=\"noopener\">Privacy policy<\/a><\/span><\/li><\/ul><h3>TRAITEMENT DES DONN\u00c9ES<\/h3><h4>Fourniture facultative de donn\u00e9es<\/h4><p>Outre ce qui est indiqu\u00e9 pour les donn\u00e9es de navigation, l&#8217;utilisateur a la possibilit\u00e9 de fournir les donn\u00e9es personnelles demand\u00e9es de temps \u00e0 autre par www.taptrap.com. Toutefois, la non-fourniture de ces donn\u00e9es peut entra\u00eener l&#8217;impossibilit\u00e9 d&#8217;obtenir les services demand\u00e9s.<\/p><h4>S\u00e9curit\u00e9 de l&#8217;information<\/h4><p><span style=\"font-family: verdana, geneva, sans-serif;\">Des mesures de s\u00e9curit\u00e9 appropri\u00e9es sont prises pour pr\u00e9venir la perte de donn\u00e9es, leur utilisation abusive ou incorrecte et l&#8217;acc\u00e8s non autoris\u00e9.<\/span><\/p><h4>Droits des personnes concern\u00e9es<\/h4><p>Les personnes auxquelles se r\u00e9f\u00e8rent les donn\u00e9es personnelles ont le droit, \u00e0 tout moment, d&#8217;obtenir la confirmation de l&#8217;existence ou non de ces donn\u00e9es et d&#8217;en conna\u00eetre le contenu et l&#8217;origine. Elles peuvent v\u00e9rifier l&#8217;exactitude des donn\u00e9es, demander qu&#8217;elles soient compl\u00e9t\u00e9es ou mises \u00e0 jour, ainsi que demander qu&#8217;elles soient rectifi\u00e9es, conform\u00e9ment \u00e0 l&#8217;article 7 du d\u00e9cret l\u00e9gislatif n\u00b0 196\/2003 et aux articles 15 \u00e0 22 du r\u00e8glement (UE) n\u00b0 679\/2016 relatif \u00e0 la protection des donn\u00e9es \u00e0 caract\u00e8re personnel. En particulier, la personne concern\u00e9e a le droit de :<\/p><h4>Droit d&#8217;acc\u00e8s \u00e0 vos donn\u00e9es personnelles<\/h4><p>Vous avez le droit de demander au responsable du traitement la confirmation de l&#8217;existence ou non de donn\u00e9es \u00e0 caract\u00e8re personnel vous concernant, m\u00eame si elles ne sont pas encore enregistr\u00e9es, et d&#8217;obtenir l&#8217;acc\u00e8s \u00e0 ces donn\u00e9es sous une forme intelligible. En outre, il a le droit de conna\u00eetre l&#8217;origine des donn\u00e9es, la logique et les finalit\u00e9s sur lesquelles se fonde leur traitement.<\/p><h4>Droit de rectification des donn\u00e9es personnelles<\/h4><p>Vous avez le droit de faire mettre \u00e0 jour, rectifier ou, si vous le souhaitez, compl\u00e9ter vos donn\u00e9es ; vous avez \u00e9galement le droit de vous opposer, en tout ou en partie, pour des raisons l\u00e9gitimes, au traitement de vos donn\u00e9es personnelles, m\u00eame si elles sont pertinentes par rapport \u00e0 la finalit\u00e9 de la collecte, le droit \u00e0 la limitation du traitement et le droit de vous opposer \u00e0 la prise de d\u00e9cision automatis\u00e9e.<\/p><h4>Droit \u00e0 la portabilit\u00e9 des donn\u00e9es<\/h4><p>Vous avez le droit de demander que vos donn\u00e9es soient mises \u00e0 jour, rectifi\u00e9es ou, si vous le souhaitez, compl\u00e9t\u00e9es. En outre, vous avez le droit de vous opposer, pour des motifs l\u00e9gitimes, au traitement de vos donn\u00e9es \u00e0 caract\u00e8re personnel, m\u00eame si elles sont pertinentes au regard de la finalit\u00e9 de la collecte. Vous avez \u00e9galement le droit de restreindre le traitement de vos donn\u00e9es et de vous opposer aux processus de prise de d\u00e9cision automatis\u00e9s.<\/p><h4>Modalit\u00e9s de traitement des donn\u00e9es<\/h4><p>Les donn\u00e9es collect\u00e9es sont trait\u00e9es \u00e0 l&#8217;aide d&#8217;outils informatiques et t\u00e9l\u00e9matiques, dans le respect des mesures de s\u00e9curit\u00e9 du Code et du GDPR. Des pr\u00e9cautions appropri\u00e9es sont prises pour \u00e9viter la perte, l&#8217;utilisation abusive et l&#8217;acc\u00e8s non autoris\u00e9. Certaines donn\u00e9es peuvent \u00eatre accessibles \u00e0 des parties externes et \u00e0 des personnes impliqu\u00e9es dans la gestion du site, mais ne seront pas divulgu\u00e9es publiquement. Le cas \u00e9ch\u00e9ant, ces parties peuvent \u00eatre d\u00e9sign\u00e9es comme responsables du traitement des donn\u00e9es. La liste actualis\u00e9e des responsables du traitement des donn\u00e9es peut \u00eatre demand\u00e9e au responsable du traitement des donn\u00e9es.<\/p><h4>Lieu de traitement des donn\u00e9es<\/h4><p>Les donn\u00e9es sont trait\u00e9es dans les locaux du contr\u00f4leur et dans tout autre lieu o\u00f9 se trouvent les parties impliqu\u00e9es dans le traitement. Pour de plus amples informations, l&#8217;Utilisateur est invit\u00e9 \u00e0 contacter le Responsable du traitement. Les donn\u00e9es personnelles de l&#8217;Utilisateur peuvent \u00eatre transf\u00e9r\u00e9es vers un pays autre que celui o\u00f9 elles se trouvent.<\/p><h4>Temps de traitement des donn\u00e9es<\/h4><p>Les donn\u00e9es sont trait\u00e9es pendant la dur\u00e9e n\u00e9cessaire \u00e0 l&#8217;ex\u00e9cution des services demand\u00e9s par l&#8217;utilisateur ou aux fins d\u00e9crites dans la pr\u00e9sente politique. L&#8217;utilisateur a le droit de demander \u00e0 tout moment l&#8217;interruption du traitement des donn\u00e9es ou leur suppression.<\/p><h4>Objectif et base juridique du traitement<\/h4><p>Les donn\u00e9es personnelles collect\u00e9es par le biais du Site seront trait\u00e9es pour :<\/p><ol><li>la gestion des demandes d&#8217;information transmises par l&#8217;utilisateur<\/li><li>Pour ces finalit\u00e9s, le traitement des donn\u00e9es ne n\u00e9cessite pas le consentement de l&#8217;utilisateur car le traitement est n\u00e9cessaire pour r\u00e9pondre aux demandes sp\u00e9cifiques formul\u00e9es par la personne concern\u00e9e conform\u00e9ment \u00e0 l&#8217;art. 24, c. 1, lett. b) du Code et \u00e0 l&#8217;art. 6, c. 1, lett. b) du GDPR.<\/li><li>fournir les services offerts par www.taptrap.com, tels que l&#8217;abonnement \u00e0 la newsletter, les statistiques, la prise de contact avec l&#8217;utilisateur, la gestion des adresses e-mail.<\/li><\/ol><p>Les types de donn\u00e9es utilis\u00e9es pour chaque objectif sont pr\u00e9cis\u00e9s dans les sections correspondantes de la pr\u00e9sente politique.<\/p><h4>Droits d&#8217;acc\u00e8s, d&#8217;annulation, de limitation et de portabilit\u00e9.<\/h4><p>Les personnes concern\u00e9es b\u00e9n\u00e9ficient des droits pr\u00e9vus aux articles 7 du Code et 15 \u00e0 20 du GDPR. \u00c0 titre d&#8217;exemple, chaque personne concern\u00e9e peut<\/p><p>a) obtenir la confirmation de l&#8217;existence du traitement de ses donn\u00e9es \u00e0 caract\u00e8re personnel ;<br \/>b) en cas de traitement en cours, acc\u00e9der aux donn\u00e9es \u00e0 caract\u00e8re personnel et aux informations relatives au traitement, ainsi que demander une copie des donn\u00e9es \u00e0 caract\u00e8re personnel<br \/>c) obtenir la rectification des donn\u00e9es \u00e0 caract\u00e8re personnel inexactes et l&#8217;int\u00e9gration des donn\u00e9es \u00e0 caract\u00e8re personnel incompl\u00e8tes<br \/>d) obtenir la suppression des donn\u00e9es \u00e0 caract\u00e8re personnel le concernant, si les conditions de l&#8217;article 17 du GDPR sont remplies ;<br \/>e) obtenir la limitation du traitement dans les cas pr\u00e9vus \u00e0 l&#8217;article 18 du RGPD ;<br \/>f) recevoir ses donn\u00e9es \u00e0 caract\u00e8re personnel dans un format structur\u00e9, couramment utilis\u00e9 et lisible par machine, et demander leur transmission \u00e0 un autre responsable du traitement, si cela est techniquement possible.<\/p><h3>Droit d&#8217;opposition<\/h3><p>Chaque personne concern\u00e9e a le droit de s&#8217;opposer \u00e0 tout moment au traitement de ses donn\u00e9es \u00e0 caract\u00e8re personnel lorsque ce traitement est effectu\u00e9 dans le cadre d&#8217;un int\u00e9r\u00eat l\u00e9gitime du responsable du traitement. En cas d&#8217;opposition, les donn\u00e9es \u00e0 caract\u00e8re personnel de la personne concern\u00e9e ne feront plus l&#8217;objet d&#8217;un traitement, \u00e0 moins qu&#8217;il existe des motifs l\u00e9gitimes justifiant le traitement qui pr\u00e9valent sur les int\u00e9r\u00eats, droits et libert\u00e9s de la personne concern\u00e9e, ou pour l&#8217;exercice, la d\u00e9fense ou l&#8217;\u00e9tablissement d&#8217;un droit en justice.<\/p><h4>Droit de d\u00e9poser une plainte aupr\u00e8s du Garante<\/h4><p><span style=\"font-family: verdana, geneva, sans-serif;\">En outre, toute personne concern\u00e9e a le droit d&#8217;introduire une r\u00e9clamation aupr\u00e8s du Garante per la Protezione dei Dati Personali si elle estime que les droits que lui conf\u00e8rent le Code et le GDPR ont \u00e9t\u00e9 viol\u00e9s. Les modalit\u00e9s de d\u00e9p\u00f4t d&#8217;une plainte sont pr\u00e9cis\u00e9es sur le site web du Garante, accessible \u00e0 l&#8217;adresse indiqu\u00e9e:<a href=\"http:\/\/www.garanteprivacy.it\" target=\"_blank\" rel=\"noopener\"> www.garanteprivacy.it<\/a>.<\/span><\/p><h3>MISE \u00c0 JOUR<\/h3><p>La pr\u00e9sente politique de confidentialit\u00e9 peut faire l&#8217;objet de mises \u00e0 jour. Le Responsable du traitement invite les Utilisateurs d\u00e9sireux de savoir comment sont trait\u00e9es les donn\u00e9es personnelles collect\u00e9es par l&#8217;interm\u00e9diaire du Site \u00e0 consulter r\u00e9guli\u00e8rement cette page.<\/p><p>Derni\u00e8re modification le 30.11.2023<\/p>\t\t\t\t\t\t\t\t<\/div>\n\t\t\t\t<\/div>\n\t\t\t\t\t<\/div>\n\t\t\t\t<\/div>\n\t\t\t\t<\/div>\n\t\t","protected":false},"excerpt":{"rendered":"<p>PRIVACY POLICY www.taptrap.com La pr\u00e9sente politique de confidentialit\u00e9 vise \u00e0 exposer la mani\u00e8re dont sont g\u00e9r\u00e9es les donn\u00e9es personnelles des clients\/utilisateurs\/visiteurs qui acc\u00e8dent au site web www.taptrap.com. Sauf indication contraire, cette politique sert \u00e9galement d&#8217;information conform\u00e9ment \u00e0 l&#8217;article 13 du d\u00e9cret l\u00e9gislatif n\u00b0 196\/2003 (ci-apr\u00e8s d\u00e9nomm\u00e9 &#8221; Code &#8220;) et \u00e0 l&#8217;article 13 du r\u00e8glement [&hellip;]<\/p>\n","protected":false},"author":2,"featured_media":0,"parent":0,"menu_order":30,"comment_status":"closed","ping_status":"closed","template":"","meta":{"_acf_changed":false,"footnotes":""},"class_list":["post-10470","page","type-page","status-publish","hentry"],"acf":[],"_links":{"self":[{"href":"https:\/\/www.taptrap.com\/fr\/wp-json\/wp\/v2\/pages\/10470","targetHints":{"allow":["GET"]}}],"collection":[{"href":"https:\/\/www.taptrap.com\/fr\/wp-json\/wp\/v2\/pages"}],"about":[{"href":"https:\/\/www.taptrap.com\/fr\/wp-json\/wp\/v2\/types\/page"}],"author":[{"embeddable":true,"href":"https:\/\/www.taptrap.com\/fr\/wp-json\/wp\/v2\/users\/2"}],"replies":[{"embeddable":true,"href":"https:\/\/www.taptrap.com\/fr\/wp-json\/wp\/v2\/comments?post=10470"}],"version-history":[{"count":15,"href":"https:\/\/www.taptrap.com\/fr\/wp-json\/wp\/v2\/pages\/10470\/revisions"}],"predecessor-version":[{"id":11880,"href":"https:\/\/www.taptrap.com\/fr\/wp-json\/wp\/v2\/pages\/10470\/revisions\/11880"}],"wp:attachment":[{"href":"https:\/\/www.taptrap.com\/fr\/wp-json\/wp\/v2\/media?parent=10470"}],"curies":[{"name":"wp","href":"https:\/\/api.w.org\/{rel}","templated":true}]}}