{"id":10500,"date":"2023-11-29T13:56:02","date_gmt":"2023-11-29T12:56:02","guid":{"rendered":"https:\/\/www.taptrap.com\/pieges-a-carpocapses-a-lepidopteres-et-a-mites\/"},"modified":"2023-11-29T14:16:35","modified_gmt":"2023-11-29T13:16:35","slug":"pieges-a-carpocapses-a-lepidopteres-et-a-mites","status":"publish","type":"page","link":"https:\/\/www.taptrap.com\/fr\/pieges-a-carpocapses-a-lepidopteres-et-a-mites\/","title":{"rendered":"Pi\u00e8ges \u00e0 carpocapses, \u00e0 l\u00e9pidopt\u00e8res et \u00e0 mites"},"content":{"rendered":"\t\t<div data-elementor-type=\"wp-page\" data-elementor-id=\"10500\" class=\"elementor elementor-10500 elementor-10421\" data-elementor-post-type=\"page\">\n\t\t\t\t<div class=\"elementor-element elementor-element-70dac97b e-flex e-con-boxed e-con e-parent\" data-id=\"70dac97b\" data-element_type=\"container\" data-e-type=\"container\">\n\t\t\t\t\t<div class=\"e-con-inner\">\n\t\t<div class=\"elementor-element elementor-element-6cf45315 e-con-full e-flex e-con e-child\" data-id=\"6cf45315\" data-element_type=\"container\" data-e-type=\"container\">\n\t\t\t\t<div class=\"elementor-element elementor-element-11681405 elementor-widget elementor-widget-heading\" data-id=\"11681405\" data-element_type=\"widget\" data-e-type=\"widget\" data-widget_type=\"heading.default\">\n\t\t\t\t<div class=\"elementor-widget-container\">\n\t\t\t\t\t<h1 class=\"elementor-heading-title elementor-size-default\">PI\u00c8GES \u00c0 CARPOCAPSE, L\u00c9PIDOPT\u00c8RES ET MITES<\/h1>\t\t\t\t<\/div>\n\t\t\t\t<\/div>\n\t\t\t\t<div class=\"elementor-element elementor-element-3c3bbbe0 elementor-widget elementor-widget-heading\" data-id=\"3c3bbbe0\" data-element_type=\"widget\" data-e-type=\"widget\" data-widget_type=\"heading.default\">\n\t\t\t\t<div class=\"elementor-widget-container\">\n\t\t\t\t\t<h2 class=\"elementor-heading-title elementor-size-default\">Rem\u00e8des naturels contre le carpocapse et les vers des fruits<\/h2>\t\t\t\t<\/div>\n\t\t\t\t<\/div>\n\t\t\t\t<div class=\"elementor-element elementor-element-6ba60512 elementor-widget elementor-widget-text-editor\" data-id=\"6ba60512\" data-element_type=\"widget\" data-e-type=\"widget\" data-widget_type=\"text-editor.default\">\n\t\t\t\t<div class=\"elementor-widget-container\">\n\t\t\t\t\t\t\t\t\t<p>(cliquez sur le pi\u00e8ge pour savoir comment l&#8217;utiliser)<\/p>\n\t\t\t\t\t\t\t\t<\/div>\n\t\t\t\t<\/div>\n\t\t<div class=\"elementor-element elementor-element-3e7884c6 e-con-full e-flex e-con e-child\" data-id=\"3e7884c6\" data-element_type=\"container\" data-e-type=\"container\">\n\t\t<div class=\"elementor-element elementor-element-2963790a e-con-full e-flex e-con e-child\" data-id=\"2963790a\" data-element_type=\"container\" data-e-type=\"container\">\n\t\t\t\t<div class=\"elementor-element elementor-element-7000ab92 elementor-widget elementor-widget-image\" data-id=\"7000ab92\" data-element_type=\"widget\" data-e-type=\"widget\" data-widget_type=\"image.default\">\n\t\t\t\t<div class=\"elementor-widget-container\">\n\t\t\t\t\t\t\t\t\t\t\t\t\t\t\t\t<a href=\"https:\/\/www.taptrap.com\/fr\/piege\/piege-a-insectes-tap-trap\/\">\n\t\t\t\t\t\t\t<img decoding=\"async\" width=\"197\" height=\"197\" src=\"https:\/\/www.taptrap.com\/wp-content\/uploads\/2023\/11\/tap-trap.jpg\" class=\"elementor-animation-grow-rotate attachment-large size-large wp-image-10349\" alt=\"\" srcset=\"https:\/\/www.taptrap.com\/wp-content\/uploads\/2023\/11\/tap-trap.jpg 197w, https:\/\/www.taptrap.com\/wp-content\/uploads\/2023\/11\/tap-trap-150x150.jpg 150w, https:\/\/www.taptrap.com\/wp-content\/uploads\/2023\/11\/tap-trap-100x100.jpg 100w\" sizes=\"(max-width: 197px) 100vw, 197px\" \/>\t\t\t\t\t\t\t\t<\/a>\n\t\t\t\t\t\t\t\t\t\t\t\t\t\t\t<\/div>\n\t\t\t\t<\/div>\n\t\t\t\t<div class=\"elementor-element elementor-element-1a888915 elementor-widget elementor-widget-heading\" data-id=\"1a888915\" data-element_type=\"widget\" data-e-type=\"widget\" data-widget_type=\"heading.default\">\n\t\t\t\t<div class=\"elementor-widget-container\">\n\t\t\t\t\t<h3 class=\"elementor-heading-title elementor-size-default\">PI\u00c8GE \u00c0 INSECTES DES FRUITS <U>POUR BOUTEILLE<\/U><\/h3>\t\t\t\t<\/div>\n\t\t\t\t<\/div>\n\t\t\t\t<div class=\"elementor-element elementor-element-1a513bb2 elementor-widget elementor-widget-heading\" data-id=\"1a513bb2\" data-element_type=\"widget\" data-e-type=\"widget\" data-widget_type=\"heading.default\">\n\t\t\t\t<div class=\"elementor-widget-container\">\n\t\t\t\t\t<h4 class=\"elementor-heading-title elementor-size-default\"><a href=\"https:\/\/www.taptrap.com\/fr\/piege\/piege-a-insectes-tap-trap\/\">TAP TRAP <\/a><\/h4>\t\t\t\t<\/div>\n\t\t\t\t<\/div>\n\t\t\t\t<\/div>\n\t\t<div class=\"elementor-element elementor-element-5e61b39d e-con-full e-flex e-con e-child\" data-id=\"5e61b39d\" data-element_type=\"container\" data-e-type=\"container\">\n\t\t\t\t<div class=\"elementor-element elementor-element-2e80283b elementor-widget elementor-widget-image\" data-id=\"2e80283b\" data-element_type=\"widget\" data-e-type=\"widget\" data-widget_type=\"image.default\">\n\t\t\t\t<div class=\"elementor-widget-container\">\n\t\t\t\t\t\t\t\t\t\t\t\t\t\t\t\t<a href=\"https:\/\/www.taptrap.com\/fr\/piege\/vaso-trap\/\">\n\t\t\t\t\t\t\t<img decoding=\"async\" width=\"197\" height=\"197\" src=\"https:\/\/www.taptrap.com\/wp-content\/uploads\/2023\/11\/vaso-trap.jpg\" class=\"elementor-animation-grow-rotate attachment-large size-large wp-image-10352\" alt=\"\" srcset=\"https:\/\/www.taptrap.com\/wp-content\/uploads\/2023\/11\/vaso-trap.jpg 197w, https:\/\/www.taptrap.com\/wp-content\/uploads\/2023\/11\/vaso-trap-150x150.jpg 150w, https:\/\/www.taptrap.com\/wp-content\/uploads\/2023\/11\/vaso-trap-100x100.jpg 100w\" sizes=\"(max-width: 197px) 100vw, 197px\" \/>\t\t\t\t\t\t\t\t<\/a>\n\t\t\t\t\t\t\t\t\t\t\t\t\t\t\t<\/div>\n\t\t\t\t<\/div>\n\t\t\t\t<div class=\"elementor-element elementor-element-48d703fc elementor-widget elementor-widget-heading\" data-id=\"48d703fc\" data-element_type=\"widget\" data-e-type=\"widget\" data-widget_type=\"heading.default\">\n\t\t\t\t<div class=\"elementor-widget-container\">\n\t\t\t\t\t<h3 class=\"elementor-heading-title elementor-size-default\">PI\u00c8GE \u00c0 INSECTES DES FRUITS <U>POUR BOCAL<\/U><\/h3>\t\t\t\t<\/div>\n\t\t\t\t<\/div>\n\t\t\t\t<div class=\"elementor-element elementor-element-7c121977 elementor-widget elementor-widget-heading\" data-id=\"7c121977\" data-element_type=\"widget\" data-e-type=\"widget\" data-widget_type=\"heading.default\">\n\t\t\t\t<div class=\"elementor-widget-container\">\n\t\t\t\t\t<h4 class=\"elementor-heading-title elementor-size-default\"><a href=\"https:\/\/www.taptrap.com\/fr\/piege\/vaso-trap\/\">Vaso Trap<\/a><\/h4>\t\t\t\t<\/div>\n\t\t\t\t<\/div>\n\t\t\t\t<\/div>\n\t\t\t\t<\/div>\n\t\t\t\t<\/div>\n\t\t\t\t\t<\/div>\n\t\t\t\t<\/div>\n\t\t<div class=\"elementor-element elementor-element-7c0e870 e-flex e-con-boxed e-con e-parent\" data-id=\"7c0e870\" data-element_type=\"container\" data-e-type=\"container\">\n\t\t\t\t\t<div class=\"e-con-inner\">\n\t\t\t\t<div class=\"elementor-element elementor-element-fda14a elementor-align-center elementor-hidden-desktop elementor-hidden-tablet elementor-hidden-mobile elementor-widget elementor-widget-button\" data-id=\"fda14a\" data-element_type=\"widget\" data-e-type=\"widget\" data-widget_type=\"button.default\">\n\t\t\t\t<div class=\"elementor-widget-container\">\n\t\t\t\t\t\t\t\t\t<div class=\"elementor-button-wrapper\">\n\t\t\t\t\t<a class=\"elementor-button elementor-button-link elementor-size-xs\" href=\"https:\/\/www.taptrap.com\/boutique\">\n\t\t\t\t\t\t<span class=\"elementor-button-content-wrapper\">\n\t\t\t\t\t\t\t\t\t<span class=\"elementor-button-text\">VISITEZ NOTRE BOUTIQUE<\/span>\n\t\t\t\t\t<\/span>\n\t\t\t\t\t<\/a>\n\t\t\t\t<\/div>\n\t\t\t\t\t\t\t\t<\/div>\n\t\t\t\t<\/div>\n\t\t\t\t<div class=\"elementor-element elementor-element-5a3fb406 elementor-align-center elementor-widget elementor-widget-button\" data-id=\"5a3fb406\" data-element_type=\"widget\" data-e-type=\"widget\" data-widget_type=\"button.default\">\n\t\t\t\t<div class=\"elementor-widget-container\">\n\t\t\t\t\t\t\t\t\t<div class=\"elementor-button-wrapper\">\n\t\t\t\t\t<a class=\"elementor-button elementor-button-link elementor-size-xs\" href=\"https:\/\/www.taptrap.com\/fr\/contactez-nous\/\">\n\t\t\t\t\t\t<span class=\"elementor-button-content-wrapper\">\n\t\t\t\t\t\t\t\t\t<span class=\"elementor-button-text\">RECHERCHER UN REVENDEUR PR\u00c8S DE CHEZ VOUS<\/span>\n\t\t\t\t\t<\/span>\n\t\t\t\t\t<\/a>\n\t\t\t\t<\/div>\n\t\t\t\t\t\t\t\t<\/div>\n\t\t\t\t<\/div>\n\t\t\t\t\t<\/div>\n\t\t\t\t<\/div>\n\t\t<div class=\"elementor-element elementor-element-1e952df4 e-flex e-con-boxed e-con e-parent\" data-id=\"1e952df4\" data-element_type=\"container\" data-e-type=\"container\">\n\t\t\t\t\t<div class=\"e-con-inner\">\n\t\t\t\t<div class=\"elementor-element elementor-element-47852e48 elementor-widget__width-inherit elementor-widget elementor-widget-heading\" data-id=\"47852e48\" data-element_type=\"widget\" data-e-type=\"widget\" data-widget_type=\"heading.default\">\n\t\t\t\t<div class=\"elementor-widget-container\">\n\t\t\t\t\t<h2 class=\"elementor-heading-title elementor-size-default\">COMMENT LUTTER CONTRE LES VERS DE LA POMME<\/h2>\t\t\t\t<\/div>\n\t\t\t\t<\/div>\n\t\t\t\t<div class=\"elementor-element elementor-element-4f86c5cf elementor-widget__width-inherit elementor-widget elementor-widget-text-editor\" data-id=\"4f86c5cf\" data-element_type=\"widget\" data-e-type=\"widget\" data-widget_type=\"text-editor.default\">\n\t\t\t\t<div class=\"elementor-widget-container\">\n\t\t\t\t\t\t\t\t\t<p style=\"text-align: justify;\"><img decoding=\"async\" class=\"alignleft wp-image-6022 size-thumbnail\" src=\"https:\/\/www.taptrap.com\/wp-content\/uploads\/2022\/04\/verme-delle-mele-150x150.png\" alt=\"verme delle mele\" width=\"150\" height=\"150\" srcset=\"https:\/\/www.taptrap.com\/wp-content\/uploads\/2022\/04\/verme-delle-mele-150x150.png 150w, https:\/\/www.taptrap.com\/wp-content\/uploads\/2022\/04\/verme-delle-mele-100x100.png 100w\" sizes=\"(max-width: 150px) 100vw, 150px\" \/>Dans le verger, les <strong>pi\u00e8ges \u00e0 insectes<\/strong> sont un moyen indispensable pour lutter contre ce que l&#8217;on appelle commun\u00e9ment les vers de la pomme, mais qui infestent \u00e9galement les poires, les noix, les n\u00e8fles, les prunes et bien d&#8217;autres fruits. Ce sont des l\u00e9pidopt\u00e8res, des papillons carpophages (c&#8217;est-\u00e0-dire qui se nourrissent de fruits) qui d\u00e9posent leurs \u0153ufs sur des plantes. Les larves de ces \u0153ufs se nourrissent des fruits, en creusant des tunnels, juste au moment o\u00f9 ils m\u00fbrissent et o\u00f9 les traitements ne sont plus possibles. La r\u00e9colte est ruin\u00e9e.<\/p>\n<h3>COMMENT \u00c9VITER LE VER DANS LA FRUIT<\/h3>\n<p>Lorsque les larves deviennent des papillons de nuit, elles se reproduisent en effectuant d&#8217;autres g\u00e9n\u00e9rations et c&#8217;est l\u00e0 qu&#8217;il faut agir: <strong>la capture des adultes<\/strong> emp\u00eache une prolif\u00e9ration excessive et, par cons\u00e9quent, une infestation excessive des cultures. Parmi les m\u00e9thodes naturelles les plus efficaces pour lutter contre les <a href=\"https:\/\/www.taptrap.com\/fr\/carpocapse\/\">carpocapses<\/a>, les l\u00e9pidopt\u00e8res et les mites des vergers, on peut citer <a href=\"https:\/\/www.taptrap.com\/fr\/piege\/piege-a-insectes-tap-trap\/\">Tap Trap<\/a> et <a href=\"https:\/\/www.taptrap.com\/fr\/piege\/vaso-trap\/\">Vaso Trap<\/a>, des pi\u00e8ges <strong>s\u00e9lectifs<\/strong> qui attirent les couleurs, et <a href=\"https:\/\/www.taptrap.com\/fr\/piege\/sfera-trap\/\">Sfera Trap<\/a>, un pi\u00e8ge \u00e0 colle <strong>non s\u00e9lectif<\/strong>, qui garantit une attraction constante de jour comme de nuit.<\/p>\n<h3 style=\"text-align: justify;\">LES AVANTAGES DES PI\u00c8GES \u00c0 INSECTES AVEC APP\u00c2T ALIMENTAIRE<\/h3>\n<ul>\n<li style=\"text-align: justify;\">Ils sont utilis\u00e9s avec un app\u00e2t alimentaire \u00e0 faire soi-m\u00eame<\/li>\n<li style=\"text-align: justify;\">\u00c9viter que la pluie ne dilue le contenu, ce qui diminuerait l&#8217;efficacit\u00e9 de l&#8217;app\u00e2t<\/li>\n<li style=\"text-align: justify;\">Ils s&#8217;adaptent \u00e0 tous les types de fruits \u00e0 prot\u00e9ger<\/li>\n<li style=\"text-align: justify;\">L&#8217;app\u00e2t est pr\u00e9par\u00e9 en fonction de l&#8217;insecte \u00e0 capturer<\/li>\n<li style=\"text-align: justify;\">Ils peuvent \u00eatre utilis\u00e9s toute l&#8217;ann\u00e9e, en suivant la saisonnalit\u00e9 de la pr\u00e9sence de l&#8217;insecte.<\/li>\n<li style=\"text-align: justify;\">Ils ne polluent pas<\/li>\n<li style=\"text-align: justify;\">Ils sont recyclables<\/li>\n<li style=\"text-align: justify;\">Ils sont r\u00e9utilisables<\/li>\n<li style=\"text-align: justify;\">Ils \u00e9vitent l&#8217;utilisation de pesticides<\/li>\n<\/ul>\n<h3><\/h3>\n<h3>LES AVANTAGES DU PI\u00c8GE \u00c0 COLLE SFERA TRAP<\/h3>\n<ul>\n<li>Couleur jaune tr\u00e8s attrayante pendant le jour<\/li>\n<li>Attractivit\u00e9 prolong\u00e9e la nuit gr\u00e2ce \u00e0 une LED int\u00e9rieur<\/li>\n<li>Id\u00e9al \u00e9galement dans les environnements ferm\u00e9s tels que les entrep\u00f4ts de stockage de produits alimentaires<\/li>\n<li>Peut \u00eatre utilis\u00e9 avec des leurres \u00e0 ph\u00e9romones<\/li>\n<\/ul>\n\t\t\t\t\t\t\t\t<\/div>\n\t\t\t\t<\/div>\n\t\t\t\t<div class=\"elementor-element elementor-element-74287f33 elementor-widget__width-inherit elementor-widget elementor-widget-image\" data-id=\"74287f33\" data-element_type=\"widget\" data-e-type=\"widget\" data-widget_type=\"image.default\">\n\t\t\t\t<div class=\"elementor-widget-container\">\n\t\t\t\t\t\t\t\t\t\t\t\t\t\t\t<img loading=\"lazy\" decoding=\"async\" width=\"500\" height=\"50\" src=\"https:\/\/www.taptrap.com\/wp-content\/uploads\/2023\/11\/logo-made-in-italy-2021.png\" class=\"attachment-large size-large wp-image-10361\" alt=\"\" srcset=\"https:\/\/www.taptrap.com\/wp-content\/uploads\/2023\/11\/logo-made-in-italy-2021.png 500w, https:\/\/www.taptrap.com\/wp-content\/uploads\/2023\/11\/logo-made-in-italy-2021-300x30.png 300w\" sizes=\"(max-width: 500px) 100vw, 500px\" \/>\t\t\t\t\t\t\t\t\t\t\t\t\t\t\t<\/div>\n\t\t\t\t<\/div>\n\t\t\t\t\t<\/div>\n\t\t\t\t<\/div>\n\t\t<div class=\"elementor-element elementor-element-75a02653 e-flex e-con-boxed e-con e-parent\" data-id=\"75a02653\" data-element_type=\"container\" data-e-type=\"container\" data-settings=\"{&quot;background_background&quot;:&quot;classic&quot;}\">\n\t\t\t\t\t<div class=\"e-con-inner\">\n\t\t\t\t<div class=\"elementor-element elementor-element-2019da7e elementor-widget elementor-widget-heading\" data-id=\"2019da7e\" data-element_type=\"widget\" data-e-type=\"widget\" data-widget_type=\"heading.default\">\n\t\t\t\t<div class=\"elementor-widget-container\">\n\t\t\t\t\t<h2 class=\"elementor-heading-title elementor-size-default\">PLUS DE PI\u00c8GES, MOINS D'INSECTICIDES<\/h2>\t\t\t\t<\/div>\n\t\t\t\t<\/div>\n\t\t\t\t<div class=\"elementor-element elementor-element-369e97e2 elementor-widget elementor-widget-text-editor\" data-id=\"369e97e2\" data-element_type=\"widget\" data-e-type=\"widget\" data-widget_type=\"text-editor.default\">\n\t\t\t\t<div class=\"elementor-widget-container\">\n\t\t\t\t\t\t\t\t\t<p>(Si vous voulez en savoir plus sur l&#8217;importance de la d\u00e9fense naturelle, vous trouvez quelques articles ci dessous)<\/p>\n\t\t\t\t\t\t\t\t<\/div>\n\t\t\t\t<\/div>\n\t\t\t\t\t<\/div>\n\t\t\t\t<\/div>\n\t\t<div class=\"elementor-element elementor-element-5e8f77f4 e-flex e-con-boxed e-con e-parent\" data-id=\"5e8f77f4\" data-element_type=\"container\" data-e-type=\"container\" data-settings=\"{&quot;background_background&quot;:&quot;classic&quot;}\">\n\t\t\t\t\t<div class=\"e-con-inner\">\n\t\t\t\t<div class=\"elementor-element elementor-element-4a2f92df elementor-widget__width-inherit elementor-grid-3 elementor-grid-tablet-2 elementor-grid-mobile-1 elementor-posts--thumbnail-top elementor-widget elementor-widget-posts\" data-id=\"4a2f92df\" data-element_type=\"widget\" data-e-type=\"widget\" data-settings=\"{&quot;classic_columns&quot;:&quot;3&quot;,&quot;classic_columns_tablet&quot;:&quot;2&quot;,&quot;classic_columns_mobile&quot;:&quot;1&quot;,&quot;classic_row_gap&quot;:{&quot;unit&quot;:&quot;px&quot;,&quot;size&quot;:35,&quot;sizes&quot;:[]},&quot;classic_row_gap_tablet&quot;:{&quot;unit&quot;:&quot;px&quot;,&quot;size&quot;:&quot;&quot;,&quot;sizes&quot;:[]},&quot;classic_row_gap_mobile&quot;:{&quot;unit&quot;:&quot;px&quot;,&quot;size&quot;:&quot;&quot;,&quot;sizes&quot;:[]}}\" data-widget_type=\"posts.classic\">\n\t\t\t\t<div class=\"elementor-widget-container\">\n\t\t\t\t\t\t\t<div class=\"elementor-posts-container elementor-posts elementor-posts--skin-classic elementor-grid\" role=\"list\">\n\t\t\t\t<article class=\"elementor-post elementor-grid-item post-7200 post type-post status-publish format-standard has-post-thumbnail hentry category-pieges-et-recettes tag-piege\" role=\"listitem\">\n\t\t\t\t<a class=\"elementor-post__thumbnail__link\" href=\"https:\/\/www.taptrap.com\/fr\/piege-a-carpocapse-a-faire-soit-meme\/\" tabindex=\"-1\" >\n\t\t\t<div class=\"elementor-post__thumbnail\"><img loading=\"lazy\" decoding=\"async\" width=\"300\" height=\"200\" src=\"https:\/\/www.taptrap.com\/wp-content\/uploads\/2022\/04\/Cydia-Pomonella-Carpocapsa-Depositphotos_319862958_L-300x200.jpeg\" class=\"attachment-medium size-medium wp-image-5961\" alt=\"pomme g\u00e2t\u00e9e par le carpocapsa\" srcset=\"https:\/\/www.taptrap.com\/wp-content\/uploads\/2022\/04\/Cydia-Pomonella-Carpocapsa-Depositphotos_319862958_L-300x200.jpeg 300w, https:\/\/www.taptrap.com\/wp-content\/uploads\/2022\/04\/Cydia-Pomonella-Carpocapsa-Depositphotos_319862958_L-600x400.jpeg 600w, https:\/\/www.taptrap.com\/wp-content\/uploads\/2022\/04\/Cydia-Pomonella-Carpocapsa-Depositphotos_319862958_L-1024x682.jpeg 1024w, https:\/\/www.taptrap.com\/wp-content\/uploads\/2022\/04\/Cydia-Pomonella-Carpocapsa-Depositphotos_319862958_L-768x512.jpeg 768w, https:\/\/www.taptrap.com\/wp-content\/uploads\/2022\/04\/Cydia-Pomonella-Carpocapsa-Depositphotos_319862958_L-1536x1024.jpeg 1536w, https:\/\/www.taptrap.com\/wp-content\/uploads\/2022\/04\/Cydia-Pomonella-Carpocapsa-Depositphotos_319862958_L.jpeg 2000w\" sizes=\"(max-width: 300px) 100vw, 300px\" \/><\/div>\n\t\t<\/a>\n\t\t\t\t<div class=\"elementor-post__text\">\n\t\t\t\t<h3 class=\"elementor-post__title\">\n\t\t\t<a href=\"https:\/\/www.taptrap.com\/fr\/piege-a-carpocapse-a-faire-soit-meme\/\" >\n\t\t\t\tPI\u00c8GE \u00c0 CARPOCAPSE \u00c0 FAIRE SOIT-M\u00caME\t\t\t<\/a>\n\t\t<\/h3>\n\t\t\t\t<\/div>\n\t\t\t\t<\/article>\n\t\t\t\t<\/div>\n\t\t\n\t\t\t\t\t\t<\/div>\n\t\t\t\t<\/div>\n\t\t\t\t<div class=\"elementor-element elementor-element-6380cf3b elementor-view-default elementor-widget elementor-widget-icon\" data-id=\"6380cf3b\" data-element_type=\"widget\" data-e-type=\"widget\" data-widget_type=\"icon.default\">\n\t\t\t\t<div class=\"elementor-widget-container\">\n\t\t\t\t\t\t\t<div class=\"elementor-icon-wrapper\">\n\t\t\t<a class=\"elementor-icon\" href=\"https:\/\/www.taptrap.com\/fr\/news\/\">\n\t\t\t<i aria-hidden=\"true\" class=\"fas fa-arrow-circle-right\"><\/i>\t\t\t<\/a>\n\t\t<\/div>\n\t\t\t\t\t\t<\/div>\n\t\t\t\t<\/div>\n\t\t\t\t<div class=\"elementor-element elementor-element-56015934 elementor-widget elementor-widget-text-editor\" data-id=\"56015934\" data-element_type=\"widget\" data-e-type=\"widget\" data-widget_type=\"text-editor.default\">\n\t\t\t\t<div class=\"elementor-widget-container\">\n\t\t\t\t\t\t\t\t\t<p><a href=\"https:\/\/www.taptrap.com\/fr\/news\/\">Lire toutes les actualit\u00e9s de Tap Trap<\/a><\/p>\n\t\t\t\t\t\t\t\t<\/div>\n\t\t\t\t<\/div>\n\t\t\t\t\t<\/div>\n\t\t\t\t<\/div>\n\t\t\t\t<\/div>\n\t\t","protected":false},"excerpt":{"rendered":"<p>PI\u00c8GES \u00c0 CARPOCAPSE, L\u00c9PIDOPT\u00c8RES ET MITES Rem\u00e8des naturels contre le carpocapse et les vers des fruits (cliquez sur le pi\u00e8ge pour savoir comment l&#8217;utiliser) PI\u00c8GE<\/p>\n","protected":false},"author":2,"featured_media":0,"parent":0,"menu_order":5,"comment_status":"closed","ping_status":"closed","template":"","meta":{"_acf_changed":false,"footnotes":""},"class_list":["post-10500","page","type-page","status-publish","hentry"],"acf":[],"_links":{"self":[{"href":"https:\/\/www.taptrap.com\/fr\/wp-json\/wp\/v2\/pages\/10500","targetHints":{"allow":["GET"]}}],"collection":[{"href":"https:\/\/www.taptrap.com\/fr\/wp-json\/wp\/v2\/pages"}],"about":[{"href":"https:\/\/www.taptrap.com\/fr\/wp-json\/wp\/v2\/types\/page"}],"author":[{"embeddable":true,"href":"https:\/\/www.taptrap.com\/fr\/wp-json\/wp\/v2\/users\/2"}],"replies":[{"embeddable":true,"href":"https:\/\/www.taptrap.com\/fr\/wp-json\/wp\/v2\/comments?post=10500"}],"version-history":[{"count":6,"href":"https:\/\/www.taptrap.com\/fr\/wp-json\/wp\/v2\/pages\/10500\/revisions"}],"predecessor-version":[{"id":10508,"href":"https:\/\/www.taptrap.com\/fr\/wp-json\/wp\/v2\/pages\/10500\/revisions\/10508"}],"wp:attachment":[{"href":"https:\/\/www.taptrap.com\/fr\/wp-json\/wp\/v2\/media?parent=10500"}],"curies":[{"name":"wp","href":"https:\/\/api.w.org\/{rel}","templated":true}]}}