{"id":10554,"date":"2023-11-28T16:56:31","date_gmt":"2023-11-28T15:56:31","guid":{"rendered":"https:\/\/www.taptrap.com\/pieges-a-mouches-de-la-maison-et-des-etables\/"},"modified":"2023-11-29T15:27:29","modified_gmt":"2023-11-29T14:27:29","slug":"pieges-a-mouches-de-la-maison-et-des-etables","status":"publish","type":"page","link":"https:\/\/www.taptrap.com\/fr\/pieges-a-mouches-de-la-maison-et-des-etables\/","title":{"rendered":"Pi\u00e8ges \u00e0 mouches de la maison et des \u00e9tables"},"content":{"rendered":"\t\t<div data-elementor-type=\"wp-page\" data-elementor-id=\"10554\" class=\"elementor elementor-10554 elementor-10439\" data-elementor-post-type=\"page\">\n\t\t\t\t<div class=\"elementor-element elementor-element-6c1a7abf e-flex e-con-boxed e-con e-parent\" data-id=\"6c1a7abf\" data-element_type=\"container\" data-e-type=\"container\">\n\t\t\t\t\t<div class=\"e-con-inner\">\n\t\t<div class=\"elementor-element elementor-element-1a2396ff e-con-full e-flex e-con e-child\" data-id=\"1a2396ff\" data-element_type=\"container\" data-e-type=\"container\">\n\t\t\t\t<div class=\"elementor-element elementor-element-37775301 elementor-widget elementor-widget-heading\" data-id=\"37775301\" data-element_type=\"widget\" data-e-type=\"widget\" data-widget_type=\"heading.default\">\n\t\t\t\t<div class=\"elementor-widget-container\">\n\t\t\t\t\t<h1 class=\"elementor-heading-title elementor-size-default\">PI\u00c8GES \u00c0 MOUCHES DE LA MAISON ET DES \u00c9TABLES<\/h1>\t\t\t\t<\/div>\n\t\t\t\t<\/div>\n\t\t\t\t<div class=\"elementor-element elementor-element-4dfab131 elementor-widget elementor-widget-heading\" data-id=\"4dfab131\" data-element_type=\"widget\" data-e-type=\"widget\" data-widget_type=\"heading.default\">\n\t\t\t\t<div class=\"elementor-widget-container\">\n\t\t\t\t\t<h2 class=\"elementor-heading-title elementor-size-default\">Pour les jardins, les espaces verts, les \u00e9curies, les salles de traite et les entrep\u00f4ts de stockage.<\/h2>\t\t\t\t<\/div>\n\t\t\t\t<\/div>\n\t\t\t\t<div class=\"elementor-element elementor-element-35fb6ecc elementor-widget elementor-widget-text-editor\" data-id=\"35fb6ecc\" data-element_type=\"widget\" data-e-type=\"widget\" data-widget_type=\"text-editor.default\">\n\t\t\t\t<div class=\"elementor-widget-container\">\n\t\t\t\t\t\t\t\t\t<p>(cliquez sur le pi\u00e8ge pour obtenir des instructions sur la fa\u00e7on de l&#8217;utiliser)<\/p>\n\t\t\t\t\t\t\t\t<\/div>\n\t\t\t\t<\/div>\n\t\t<div class=\"elementor-element elementor-element-4fd15e03 e-con-full e-flex e-con e-child\" data-id=\"4fd15e03\" data-element_type=\"container\" data-e-type=\"container\">\n\t\t<div class=\"elementor-element elementor-element-1f8b889b e-con-full e-flex e-con e-child\" data-id=\"1f8b889b\" data-element_type=\"container\" data-e-type=\"container\">\n\t\t\t\t<div class=\"elementor-element elementor-element-47e14745 elementor-widget elementor-widget-image\" data-id=\"47e14745\" data-element_type=\"widget\" data-e-type=\"widget\" data-widget_type=\"image.default\">\n\t\t\t\t<div class=\"elementor-widget-container\">\n\t\t\t\t\t\t\t\t\t\t\t\t\t\t\t\t<a href=\"https:\/\/www.taptrap.com\/fr\/piege\/piege-a-insectes-tap-trap\/\">\n\t\t\t\t\t\t\t<img decoding=\"async\" width=\"197\" height=\"197\" src=\"https:\/\/www.taptrap.com\/wp-content\/uploads\/2023\/11\/tap-trap.jpg\" class=\"elementor-animation-grow-rotate attachment-large size-large wp-image-10349\" alt=\"\" srcset=\"https:\/\/www.taptrap.com\/wp-content\/uploads\/2023\/11\/tap-trap.jpg 197w, https:\/\/www.taptrap.com\/wp-content\/uploads\/2023\/11\/tap-trap-150x150.jpg 150w, https:\/\/www.taptrap.com\/wp-content\/uploads\/2023\/11\/tap-trap-100x100.jpg 100w\" sizes=\"(max-width: 197px) 100vw, 197px\" \/>\t\t\t\t\t\t\t\t<\/a>\n\t\t\t\t\t\t\t\t\t\t\t\t\t\t\t<\/div>\n\t\t\t\t<\/div>\n\t\t\t\t<div class=\"elementor-element elementor-element-7623b6db elementor-widget elementor-widget-heading\" data-id=\"7623b6db\" data-element_type=\"widget\" data-e-type=\"widget\" data-widget_type=\"heading.default\">\n\t\t\t\t<div class=\"elementor-widget-container\">\n\t\t\t\t\t<h3 class=\"elementor-heading-title elementor-size-default\">PI\u00c8GE \u00c0 INSECTES DES FRUITS <U>POUR BOUTEILLE<\/U><\/h3>\t\t\t\t<\/div>\n\t\t\t\t<\/div>\n\t\t\t\t<div class=\"elementor-element elementor-element-5e86537f elementor-widget elementor-widget-heading\" data-id=\"5e86537f\" data-element_type=\"widget\" data-e-type=\"widget\" data-widget_type=\"heading.default\">\n\t\t\t\t<div class=\"elementor-widget-container\">\n\t\t\t\t\t<h4 class=\"elementor-heading-title elementor-size-default\"><a href=\"https:\/\/www.taptrap.com\/fr\/piege\/piege-a-insectes-tap-trap\/\">TAP TRAP <\/a><\/h4>\t\t\t\t<\/div>\n\t\t\t\t<\/div>\n\t\t\t\t<\/div>\n\t\t<div class=\"elementor-element elementor-element-736e1afb e-con-full e-flex e-con e-child\" data-id=\"736e1afb\" data-element_type=\"container\" data-e-type=\"container\">\n\t\t\t\t<div class=\"elementor-element elementor-element-6b0deba9 elementor-widget elementor-widget-image\" data-id=\"6b0deba9\" data-element_type=\"widget\" data-e-type=\"widget\" data-widget_type=\"image.default\">\n\t\t\t\t<div class=\"elementor-widget-container\">\n\t\t\t\t\t\t\t\t\t\t\t\t\t\t\t\t<a href=\"https:\/\/www.taptrap.com\/fr\/piege\/vaso-trap\/\">\n\t\t\t\t\t\t\t<img decoding=\"async\" width=\"197\" height=\"197\" src=\"https:\/\/www.taptrap.com\/wp-content\/uploads\/2023\/11\/vaso-trap.jpg\" class=\"elementor-animation-grow-rotate attachment-large size-large wp-image-10352\" alt=\"\" srcset=\"https:\/\/www.taptrap.com\/wp-content\/uploads\/2023\/11\/vaso-trap.jpg 197w, https:\/\/www.taptrap.com\/wp-content\/uploads\/2023\/11\/vaso-trap-150x150.jpg 150w, https:\/\/www.taptrap.com\/wp-content\/uploads\/2023\/11\/vaso-trap-100x100.jpg 100w\" sizes=\"(max-width: 197px) 100vw, 197px\" \/>\t\t\t\t\t\t\t\t<\/a>\n\t\t\t\t\t\t\t\t\t\t\t\t\t\t\t<\/div>\n\t\t\t\t<\/div>\n\t\t\t\t<div class=\"elementor-element elementor-element-153bcb61 elementor-widget elementor-widget-heading\" data-id=\"153bcb61\" data-element_type=\"widget\" data-e-type=\"widget\" data-widget_type=\"heading.default\">\n\t\t\t\t<div class=\"elementor-widget-container\">\n\t\t\t\t\t<h3 class=\"elementor-heading-title elementor-size-default\">PI\u00c8GE \u00c0 INSECTES DES FRUITS <U>POUR BOCAL<\/U><\/h3>\t\t\t\t<\/div>\n\t\t\t\t<\/div>\n\t\t\t\t<div class=\"elementor-element elementor-element-a21c14b elementor-widget elementor-widget-heading\" data-id=\"a21c14b\" data-element_type=\"widget\" data-e-type=\"widget\" data-widget_type=\"heading.default\">\n\t\t\t\t<div class=\"elementor-widget-container\">\n\t\t\t\t\t<h4 class=\"elementor-heading-title elementor-size-default\"><a href=\"https:\/\/www.taptrap.com\/fr\/piege\/vaso-trap\/\">Vaso Trap<\/a><\/h4>\t\t\t\t<\/div>\n\t\t\t\t<\/div>\n\t\t\t\t<\/div>\n\t\t<div class=\"elementor-element elementor-element-3d536e62 e-con-full e-flex e-con e-child\" data-id=\"3d536e62\" data-element_type=\"container\" data-e-type=\"container\">\n\t\t\t\t<div class=\"elementor-element elementor-element-eb98edb elementor-widget elementor-widget-image\" data-id=\"eb98edb\" data-element_type=\"widget\" data-e-type=\"widget\" data-widget_type=\"image.default\">\n\t\t\t\t<div class=\"elementor-widget-container\">\n\t\t\t\t\t\t\t\t\t\t\t\t\t\t\t\t<a href=\"https:\/\/www.taptrap.com\/fr\/piege\/sfera-trap\/\">\n\t\t\t\t\t\t\t<img decoding=\"async\" width=\"197\" height=\"197\" src=\"https:\/\/www.taptrap.com\/wp-content\/uploads\/2021\/04\/sfera-trap.jpg\" class=\"elementor-animation-grow-rotate attachment-large size-large wp-image-425\" alt=\"Sfera Trap pour carpocapse\" srcset=\"https:\/\/www.taptrap.com\/wp-content\/uploads\/2021\/04\/sfera-trap.jpg 197w, https:\/\/www.taptrap.com\/wp-content\/uploads\/2021\/04\/sfera-trap-100x100.jpg 100w, https:\/\/www.taptrap.com\/wp-content\/uploads\/2021\/04\/sfera-trap-150x150.jpg 150w\" sizes=\"(max-width: 197px) 100vw, 197px\" \/>\t\t\t\t\t\t\t\t<\/a>\n\t\t\t\t\t\t\t\t\t\t\t\t\t\t\t<\/div>\n\t\t\t\t<\/div>\n\t\t\t\t<div class=\"elementor-element elementor-element-c6a68ad elementor-widget elementor-widget-heading\" data-id=\"c6a68ad\" data-element_type=\"widget\" data-e-type=\"widget\" data-widget_type=\"heading.default\">\n\t\t\t\t<div class=\"elementor-widget-container\">\n\t\t\t\t\t<h3 class=\"elementor-heading-title elementor-size-default\">PI\u00c8GE \u00c0 INSECTES DES FRUITS <U>POUR BOCAL<\/U><\/h3>\t\t\t\t<\/div>\n\t\t\t\t<\/div>\n\t\t\t\t<div class=\"elementor-element elementor-element-58d3eed0 elementor-widget elementor-widget-heading\" data-id=\"58d3eed0\" data-element_type=\"widget\" data-e-type=\"widget\" data-widget_type=\"heading.default\">\n\t\t\t\t<div class=\"elementor-widget-container\">\n\t\t\t\t\t<h4 class=\"elementor-heading-title elementor-size-default\"><a href=\"https:\/\/www.taptrap.com\/fr\/piege\/sfera-trap\/\">SFERA TRAP<\/a><\/h4>\t\t\t\t<\/div>\n\t\t\t\t<\/div>\n\t\t\t\t<\/div>\n\t\t\t\t<\/div>\n\t\t\t\t<\/div>\n\t\t\t\t\t<\/div>\n\t\t\t\t<\/div>\n\t\t<div class=\"elementor-element elementor-element-6427af99 e-flex e-con-boxed e-con e-parent\" data-id=\"6427af99\" data-element_type=\"container\" data-e-type=\"container\">\n\t\t\t\t\t<div class=\"e-con-inner\">\n\t\t\t\t<div class=\"elementor-element elementor-element-3d625226 elementor-align-center elementor-hidden-desktop elementor-hidden-tablet elementor-hidden-mobile elementor-widget elementor-widget-button\" data-id=\"3d625226\" data-element_type=\"widget\" data-e-type=\"widget\" data-widget_type=\"button.default\">\n\t\t\t\t<div class=\"elementor-widget-container\">\n\t\t\t\t\t\t\t\t\t<div class=\"elementor-button-wrapper\">\n\t\t\t\t\t<a class=\"elementor-button elementor-button-link elementor-size-xs\" href=\"https:\/\/www.taptrap.com\/boutique\">\n\t\t\t\t\t\t<span class=\"elementor-button-content-wrapper\">\n\t\t\t\t\t\t\t\t\t<span class=\"elementor-button-text\">VISITEZ NOTRE BOUTIQUE<\/span>\n\t\t\t\t\t<\/span>\n\t\t\t\t\t<\/a>\n\t\t\t\t<\/div>\n\t\t\t\t\t\t\t\t<\/div>\n\t\t\t\t<\/div>\n\t\t\t\t<div class=\"elementor-element elementor-element-56501812 elementor-align-center elementor-widget elementor-widget-button\" data-id=\"56501812\" data-element_type=\"widget\" data-e-type=\"widget\" data-widget_type=\"button.default\">\n\t\t\t\t<div class=\"elementor-widget-container\">\n\t\t\t\t\t\t\t\t\t<div class=\"elementor-button-wrapper\">\n\t\t\t\t\t<a class=\"elementor-button elementor-button-link elementor-size-xs\" href=\"https:\/\/www.taptrap.com\/fr\/contactez-nous\/\">\n\t\t\t\t\t\t<span class=\"elementor-button-content-wrapper\">\n\t\t\t\t\t\t\t\t\t<span class=\"elementor-button-text\">RECHERCHER UN REVENDEUR PR\u00c8S DE CHEZ VOUS<\/span>\n\t\t\t\t\t<\/span>\n\t\t\t\t\t<\/a>\n\t\t\t\t<\/div>\n\t\t\t\t\t\t\t\t<\/div>\n\t\t\t\t<\/div>\n\t\t\t\t\t<\/div>\n\t\t\t\t<\/div>\n\t\t<div class=\"elementor-element elementor-element-49453006 e-flex e-con-boxed e-con e-parent\" data-id=\"49453006\" data-element_type=\"container\" data-e-type=\"container\">\n\t\t\t\t\t<div class=\"e-con-inner\">\n\t\t\t\t<div class=\"elementor-element elementor-element-5104858 elementor-widget__width-inherit elementor-widget elementor-widget-heading\" data-id=\"5104858\" data-element_type=\"widget\" data-e-type=\"widget\" data-widget_type=\"heading.default\">\n\t\t\t\t<div class=\"elementor-widget-container\">\n\t\t\t\t\t<h2 class=\"elementor-heading-title elementor-size-default\">COMMENT SE D\u00c9BARRASSER DES MOUCHES SANS INSECTICIDES<\/h2>\t\t\t\t<\/div>\n\t\t\t\t<\/div>\n\t\t\t\t<div class=\"elementor-element elementor-element-1c29c7a1 elementor-widget__width-inherit elementor-widget elementor-widget-text-editor\" data-id=\"1c29c7a1\" data-element_type=\"widget\" data-e-type=\"widget\" data-widget_type=\"text-editor.default\">\n\t\t\t\t<div class=\"elementor-widget-container\">\n\t\t\t\t\t\t\t\t\t<p><img loading=\"lazy\" decoding=\"async\" class=\"alignleft wp-image-2865 size-thumbnail\" src=\"https:\/\/www.taptrap.com\/wp-content\/uploads\/2021\/10\/ug31_4mhj_120829-150x150.jpg\" alt=\"mouche-de-la-maison\" width=\"150\" height=\"150\" \/><\/p>\n<p>M\u00eame dans le jardin, il y a des ravageurs et des escargots qui g\u00e2chent notre travail: dans le cas des premiers, il est tr\u00e8s utile de se prot\u00e9ger de la menace pour mieux traiter notre travail sans pesticides ou le r\u00e9duire au minimum.<\/p>\n<p>Dans le cas des escargots, cependant, nous pouvons aider avec des m\u00e9thodes naturelles, mais aussi utiliser avec intelligence et s\u00e9curit\u00e9 des substances lumachicides, peut-\u00eatre biologiques, en g\u00e9rant la m\u00eame chose pour ne pas contaminer les terres cultiv\u00e9es<\/p>\n<h3>Les avantages des pi\u00e8ges \u00e0 mouches:<\/h3>\n<ul>\n<li>forte attractivit\u00e9<\/li>\n<li>capturer les insectes nuisibles sans attirer les insectes utiles<\/li>\n<li>maintenir l&#8217;app\u00e2t \u00e0 l&#8217;abri de la pluie, \u00e9vitant ainsi qu&#8217;il soit pollu\u00e9 et perde son efficacit\u00e9\n<ul>\n<li>la possibilit\u00e9 de pr\u00e9parer un app\u00e2t adapt\u00e9 au type d&#8217;insecte \u00e0 capturer<\/li>\n<\/ul>\n<\/li>\n<\/ul>\n\t\t\t\t\t\t\t\t<\/div>\n\t\t\t\t<\/div>\n\t\t\t\t<div class=\"elementor-element elementor-element-604205c1 elementor-widget__width-inherit elementor-widget elementor-widget-image\" data-id=\"604205c1\" data-element_type=\"widget\" data-e-type=\"widget\" data-widget_type=\"image.default\">\n\t\t\t\t<div class=\"elementor-widget-container\">\n\t\t\t\t\t\t\t\t\t\t\t\t\t\t\t<img loading=\"lazy\" decoding=\"async\" width=\"500\" height=\"50\" src=\"https:\/\/www.taptrap.com\/wp-content\/uploads\/2023\/11\/logo-made-in-italy-2021.png\" class=\"attachment-large size-large wp-image-10361\" alt=\"\" srcset=\"https:\/\/www.taptrap.com\/wp-content\/uploads\/2023\/11\/logo-made-in-italy-2021.png 500w, https:\/\/www.taptrap.com\/wp-content\/uploads\/2023\/11\/logo-made-in-italy-2021-300x30.png 300w\" sizes=\"(max-width: 500px) 100vw, 500px\" \/>\t\t\t\t\t\t\t\t\t\t\t\t\t\t\t<\/div>\n\t\t\t\t<\/div>\n\t\t\t\t\t<\/div>\n\t\t\t\t<\/div>\n\t\t<div class=\"elementor-element elementor-element-10a19ac8 e-flex e-con-boxed e-con e-parent\" data-id=\"10a19ac8\" data-element_type=\"container\" data-e-type=\"container\" data-settings=\"{&quot;background_background&quot;:&quot;classic&quot;}\">\n\t\t\t\t\t<div class=\"e-con-inner\">\n\t\t\t\t<div class=\"elementor-element elementor-element-67091502 elementor-widget elementor-widget-heading\" data-id=\"67091502\" data-element_type=\"widget\" data-e-type=\"widget\" data-widget_type=\"heading.default\">\n\t\t\t\t<div class=\"elementor-widget-container\">\n\t\t\t\t\t<h2 class=\"elementor-heading-title elementor-size-default\">D\u00c9FENDRE LES ANIMAUX CONTRE LES MOUCHES DANS LES \u00c9LEVAGES<\/h2>\t\t\t\t<\/div>\n\t\t\t\t<\/div>\n\t\t\t\t<div class=\"elementor-element elementor-element-15996bf8 elementor-widget elementor-widget-text-editor\" data-id=\"15996bf8\" data-element_type=\"widget\" data-e-type=\"widget\" data-widget_type=\"text-editor.default\">\n\t\t\t\t<div class=\"elementor-widget-container\">\n\t\t\t\t\t\t\t\t\t<p>En savoir plus<\/p>\n\t\t\t\t\t\t\t\t<\/div>\n\t\t\t\t<\/div>\n\t\t\t\t\t<\/div>\n\t\t\t\t<\/div>\n\t\t<div class=\"elementor-element elementor-element-69020c2e e-flex e-con-boxed e-con e-parent\" data-id=\"69020c2e\" data-element_type=\"container\" data-e-type=\"container\" data-settings=\"{&quot;background_background&quot;:&quot;classic&quot;}\">\n\t\t\t\t\t<div class=\"e-con-inner\">\n\t\t\t\t<div class=\"elementor-element elementor-element-6ef0bfc5 elementor-grid-4 elementor-widget__width-inherit elementor-grid-tablet-2 elementor-grid-mobile-1 elementor-posts--thumbnail-top elementor-widget elementor-widget-posts\" data-id=\"6ef0bfc5\" data-element_type=\"widget\" data-e-type=\"widget\" data-settings=\"{&quot;classic_columns&quot;:&quot;4&quot;,&quot;classic_columns_tablet&quot;:&quot;2&quot;,&quot;classic_columns_mobile&quot;:&quot;1&quot;,&quot;classic_row_gap&quot;:{&quot;unit&quot;:&quot;px&quot;,&quot;size&quot;:35,&quot;sizes&quot;:[]},&quot;classic_row_gap_tablet&quot;:{&quot;unit&quot;:&quot;px&quot;,&quot;size&quot;:&quot;&quot;,&quot;sizes&quot;:[]},&quot;classic_row_gap_mobile&quot;:{&quot;unit&quot;:&quot;px&quot;,&quot;size&quot;:&quot;&quot;,&quot;sizes&quot;:[]}}\" data-widget_type=\"posts.classic\">\n\t\t\t\t<div class=\"elementor-widget-container\">\n\t\t\t\t\t\t\t<div class=\"elementor-posts-container elementor-posts elementor-posts--skin-classic elementor-grid\" role=\"list\">\n\t\t\t\t<article class=\"elementor-post elementor-grid-item post-10010 post type-post status-publish format-standard has-post-thumbnail hentry category-pieges-et-recettes\" role=\"listitem\">\n\t\t\t\t<a class=\"elementor-post__thumbnail__link\" href=\"https:\/\/www.taptrap.com\/fr\/piege-a-mouches-domestiques\/\" tabindex=\"-1\" >\n\t\t\t<div class=\"elementor-post__thumbnail\"><img loading=\"lazy\" decoding=\"async\" width=\"300\" height=\"226\" src=\"https:\/\/www.taptrap.com\/wp-content\/uploads\/2021\/04\/Tap-Trap-mosche-1-300x226.jpeg\" class=\"attachment-medium size-medium wp-image-568\" alt=\"Pi\u00e8ge \u00e0 mouche de la maison\" srcset=\"https:\/\/www.taptrap.com\/wp-content\/uploads\/2021\/04\/Tap-Trap-mosche-1-300x226.jpeg 300w, https:\/\/www.taptrap.com\/wp-content\/uploads\/2021\/04\/Tap-Trap-mosche-1.jpeg 570w\" sizes=\"(max-width: 300px) 100vw, 300px\" \/><\/div>\n\t\t<\/a>\n\t\t\t\t<div class=\"elementor-post__text\">\n\t\t\t\t<h3 class=\"elementor-post__title\">\n\t\t\t<a href=\"https:\/\/www.taptrap.com\/fr\/piege-a-mouches-domestiques\/\" >\n\t\t\t\tPI\u00c8GE \u00c0 MOUCHES DOMESTIQUES\t\t\t<\/a>\n\t\t<\/h3>\n\t\t\t\t<\/div>\n\t\t\t\t<\/article>\n\t\t\t\t<article class=\"elementor-post elementor-grid-item post-2333 post type-post status-publish format-standard has-post-thumbnail hentry category-pieges-et-recettes\" role=\"listitem\">\n\t\t\t\t<a class=\"elementor-post__thumbnail__link\" href=\"https:\/\/www.taptrap.com\/fr\/le-remede-naturel-contre-les-mouches-vaso-trap\/\" tabindex=\"-1\" >\n\t\t\t<div class=\"elementor-post__thumbnail\"><img loading=\"lazy\" decoding=\"async\" width=\"300\" height=\"169\" src=\"https:\/\/www.taptrap.com\/wp-content\/uploads\/2021\/09\/Vaso-Trap-4-300x169.jpg\" class=\"attachment-medium size-medium wp-image-2102\" alt=\"pi\u00e8ge-\u00e0-mouches-vaso-trap\" \/><\/div>\n\t\t<\/a>\n\t\t\t\t<div class=\"elementor-post__text\">\n\t\t\t\t<h3 class=\"elementor-post__title\">\n\t\t\t<a href=\"https:\/\/www.taptrap.com\/fr\/le-remede-naturel-contre-les-mouches-vaso-trap\/\" >\n\t\t\t\tLE REM\u00c8DE NATUREL CONTRE LES MOUCHES: VASO TRAP\t\t\t<\/a>\n\t\t<\/h3>\n\t\t\t\t<\/div>\n\t\t\t\t<\/article>\n\t\t\t\t<article class=\"elementor-post elementor-grid-item post-1935 post type-post status-publish format-standard has-post-thumbnail hentry category-pieges-et-recettes\" role=\"listitem\">\n\t\t\t\t<a class=\"elementor-post__thumbnail__link\" href=\"https:\/\/www.taptrap.com\/fr\/sfera-trap-piege-a-mouches\/\" tabindex=\"-1\" >\n\t\t\t<div class=\"elementor-post__thumbnail\"><img loading=\"lazy\" decoding=\"async\" width=\"300\" height=\"169\" src=\"https:\/\/www.taptrap.com\/wp-content\/uploads\/2021\/08\/trappola-per-mosche-sfera-trap-300x169.jpg\" class=\"attachment-medium size-medium wp-image-1889\" alt=\"pi\u00e8ge-\u00e0-mouches\" srcset=\"https:\/\/www.taptrap.com\/wp-content\/uploads\/2021\/08\/trappola-per-mosche-sfera-trap-300x169.jpg 300w, https:\/\/www.taptrap.com\/wp-content\/uploads\/2021\/08\/trappola-per-mosche-sfera-trap-scaled-600x338.jpg 600w, https:\/\/www.taptrap.com\/wp-content\/uploads\/2021\/08\/trappola-per-mosche-sfera-trap-1024x576.jpg 1024w, https:\/\/www.taptrap.com\/wp-content\/uploads\/2021\/08\/trappola-per-mosche-sfera-trap-768x432.jpg 768w, https:\/\/www.taptrap.com\/wp-content\/uploads\/2021\/08\/trappola-per-mosche-sfera-trap-1536x864.jpg 1536w, https:\/\/www.taptrap.com\/wp-content\/uploads\/2021\/08\/trappola-per-mosche-sfera-trap-2048x1152.jpg 2048w\" sizes=\"(max-width: 300px) 100vw, 300px\" \/><\/div>\n\t\t<\/a>\n\t\t\t\t<div class=\"elementor-post__text\">\n\t\t\t\t<h3 class=\"elementor-post__title\">\n\t\t\t<a href=\"https:\/\/www.taptrap.com\/fr\/sfera-trap-piege-a-mouches\/\" >\n\t\t\t\tLE PI\u00c8GE \u00c0 MOUCHES CONTRE LES INFESTATIONS: SFERA TRAP\t\t\t<\/a>\n\t\t<\/h3>\n\t\t\t\t<\/div>\n\t\t\t\t<\/article>\n\t\t\t\t<\/div>\n\t\t\n\t\t\t\t\t\t<\/div>\n\t\t\t\t<\/div>\n\t\t\t\t<div class=\"elementor-element elementor-element-5fdd3578 elementor-view-default elementor-widget elementor-widget-icon\" data-id=\"5fdd3578\" data-element_type=\"widget\" data-e-type=\"widget\" data-widget_type=\"icon.default\">\n\t\t\t\t<div class=\"elementor-widget-container\">\n\t\t\t\t\t\t\t<div class=\"elementor-icon-wrapper\">\n\t\t\t<a class=\"elementor-icon\" href=\"https:\/\/www.taptrap.com\/fr\/news\/\">\n\t\t\t<i aria-hidden=\"true\" class=\"fas fa-arrow-circle-right\"><\/i>\t\t\t<\/a>\n\t\t<\/div>\n\t\t\t\t\t\t<\/div>\n\t\t\t\t<\/div>\n\t\t\t\t<div class=\"elementor-element elementor-element-17ea34d0 elementor-widget elementor-widget-text-editor\" data-id=\"17ea34d0\" data-element_type=\"widget\" data-e-type=\"widget\" data-widget_type=\"text-editor.default\">\n\t\t\t\t<div class=\"elementor-widget-container\">\n\t\t\t\t\t\t\t\t\t<p><a href=\"https:\/\/www.taptrap.com\/fr\/news\/\">Lire toutes les actualit\u00e9s de Tap Trap<\/a><\/p>\n\t\t\t\t\t\t\t\t<\/div>\n\t\t\t\t<\/div>\n\t\t\t\t\t<\/div>\n\t\t\t\t<\/div>\n\t\t\t\t<\/div>\n\t\t","protected":false},"excerpt":{"rendered":"<p>PI\u00c8GES \u00c0 MOUCHES DE LA MAISON ET DES \u00c9TABLES Pour les jardins, les espaces verts, les \u00e9curies, les salles de traite et les entrep\u00f4ts de<\/p>\n","protected":false},"author":2,"featured_media":0,"parent":0,"menu_order":7,"comment_status":"closed","ping_status":"closed","template":"","meta":{"_acf_changed":false,"footnotes":""},"class_list":["post-10554","page","type-page","status-publish","hentry"],"acf":[],"_links":{"self":[{"href":"https:\/\/www.taptrap.com\/fr\/wp-json\/wp\/v2\/pages\/10554","targetHints":{"allow":["GET"]}}],"collection":[{"href":"https:\/\/www.taptrap.com\/fr\/wp-json\/wp\/v2\/pages"}],"about":[{"href":"https:\/\/www.taptrap.com\/fr\/wp-json\/wp\/v2\/types\/page"}],"author":[{"embeddable":true,"href":"https:\/\/www.taptrap.com\/fr\/wp-json\/wp\/v2\/users\/2"}],"replies":[{"embeddable":true,"href":"https:\/\/www.taptrap.com\/fr\/wp-json\/wp\/v2\/comments?post=10554"}],"version-history":[{"count":6,"href":"https:\/\/www.taptrap.com\/fr\/wp-json\/wp\/v2\/pages\/10554\/revisions"}],"predecessor-version":[{"id":10560,"href":"https:\/\/www.taptrap.com\/fr\/wp-json\/wp\/v2\/pages\/10554\/revisions\/10560"}],"wp:attachment":[{"href":"https:\/\/www.taptrap.com\/fr\/wp-json\/wp\/v2\/media?parent=10554"}],"curies":[{"name":"wp","href":"https:\/\/api.w.org\/{rel}","templated":true}]}}