{"id":10575,"date":"2023-11-29T15:45:44","date_gmt":"2023-11-29T14:45:44","guid":{"rendered":"https:\/\/www.taptrap.com\/pieges-a-limaces-et-escargots\/"},"modified":"2024-07-01T15:02:47","modified_gmt":"2024-07-01T13:02:47","slug":"pieges-a-limaces-et-escargots","status":"publish","type":"page","link":"https:\/\/www.taptrap.com\/fr\/pieges-a-limaces-et-escargots\/","title":{"rendered":"Pi\u00e8ges \u00e0 limaces et escargots"},"content":{"rendered":"\t\t<div data-elementor-type=\"wp-page\" data-elementor-id=\"10575\" class=\"elementor elementor-10575 elementor-10451\" data-elementor-post-type=\"page\">\n\t\t\t\t<div class=\"elementor-element elementor-element-2b25e888 e-flex e-con-boxed e-con e-parent\" data-id=\"2b25e888\" data-element_type=\"container\" data-e-type=\"container\">\n\t\t\t\t\t<div class=\"e-con-inner\">\n\t\t<div class=\"elementor-element elementor-element-63e67cfa e-con-full e-flex e-con e-child\" data-id=\"63e67cfa\" data-element_type=\"container\" data-e-type=\"container\">\n\t\t\t\t<div class=\"elementor-element elementor-element-3fa6b9b5 elementor-widget elementor-widget-heading\" data-id=\"3fa6b9b5\" data-element_type=\"widget\" data-e-type=\"widget\" data-widget_type=\"heading.default\">\n\t\t\t\t<div class=\"elementor-widget-container\">\n\t\t\t\t\t<h1 class=\"elementor-heading-title elementor-size-default\">PI\u00c8GES \u00c0 LIMACES POUR JARDIN ET POTAGER<\/h1>\t\t\t\t<\/div>\n\t\t\t\t<\/div>\n\t\t\t\t<div class=\"elementor-element elementor-element-2926ec80 elementor-widget elementor-widget-heading\" data-id=\"2926ec80\" data-element_type=\"widget\" data-e-type=\"widget\" data-widget_type=\"heading.default\">\n\t\t\t\t<div class=\"elementor-widget-container\">\n\t\t\t\t\t<h2 class=\"elementor-heading-title elementor-size-default\">Pi\u00e8ges avec app\u00e2t anti escargots et avec la bi\u00e8re<\/h2>\t\t\t\t<\/div>\n\t\t\t\t<\/div>\n\t\t\t\t<div class=\"elementor-element elementor-element-611ff4a elementor-widget elementor-widget-text-editor\" data-id=\"611ff4a\" data-element_type=\"widget\" data-e-type=\"widget\" data-widget_type=\"text-editor.default\">\n\t\t\t\t<div class=\"elementor-widget-container\">\n\t\t\t\t\t\t\t\t\t<p>(cliquez sur le pi\u00e8ge pour les instructions)<\/p>\n\t\t\t\t\t\t\t\t<\/div>\n\t\t\t\t<\/div>\n\t\t<div class=\"elementor-element elementor-element-1a139a65 e-con-full e-flex e-con e-child\" data-id=\"1a139a65\" data-element_type=\"container\" data-e-type=\"container\">\n\t\t<div class=\"elementor-element elementor-element-64842a9f e-con-full e-flex e-con e-child\" data-id=\"64842a9f\" data-element_type=\"container\" data-e-type=\"container\">\n\t\t\t\t<div class=\"elementor-element elementor-element-7eab7bcc elementor-widget elementor-widget-image\" data-id=\"7eab7bcc\" data-element_type=\"widget\" data-e-type=\"widget\" data-widget_type=\"image.default\">\n\t\t\t\t<div class=\"elementor-widget-container\">\n\t\t\t\t\t\t\t\t\t\t\t\t\t\t\t\t<a href=\"https:\/\/www.taptrap.com\/fr\/piege\/lima-trap\/\">\n\t\t\t\t\t\t\t<img decoding=\"async\" width=\"197\" height=\"197\" src=\"https:\/\/www.taptrap.com\/wp-content\/uploads\/2021\/04\/lima-trap.jpg\" class=\"elementor-animation-grow-rotate attachment-large size-large wp-image-428\" alt=\"\" srcset=\"https:\/\/www.taptrap.com\/wp-content\/uploads\/2021\/04\/lima-trap.jpg 197w, https:\/\/www.taptrap.com\/wp-content\/uploads\/2021\/04\/lima-trap-100x100.jpg 100w, https:\/\/www.taptrap.com\/wp-content\/uploads\/2021\/04\/lima-trap-150x150.jpg 150w\" sizes=\"(max-width: 197px) 100vw, 197px\" \/>\t\t\t\t\t\t\t\t<\/a>\n\t\t\t\t\t\t\t\t\t\t\t\t\t\t\t<\/div>\n\t\t\t\t<\/div>\n\t\t\t\t<div class=\"elementor-element elementor-element-2d8ebac0 elementor-widget elementor-widget-heading\" data-id=\"2d8ebac0\" data-element_type=\"widget\" data-e-type=\"widget\" data-widget_type=\"heading.default\">\n\t\t\t\t<div class=\"elementor-widget-container\">\n\t\t\t\t\t<h3 class=\"elementor-heading-title elementor-size-default\">PI\u00c8GE \u00c0 LIMACES<\/h3>\t\t\t\t<\/div>\n\t\t\t\t<\/div>\n\t\t\t\t<div class=\"elementor-element elementor-element-72a1b353 elementor-widget elementor-widget-heading\" data-id=\"72a1b353\" data-element_type=\"widget\" data-e-type=\"widget\" data-widget_type=\"heading.default\">\n\t\t\t\t<div class=\"elementor-widget-container\">\n\t\t\t\t\t<h4 class=\"elementor-heading-title elementor-size-default\"><a href=\"https:\/\/www.taptrap.com\/fr\/piege\/lima-trap\/\">LIMA TRAP <\/a><\/h4>\t\t\t\t<\/div>\n\t\t\t\t<\/div>\n\t\t\t\t<\/div>\n\t\t<div class=\"elementor-element elementor-element-7a98c95c e-con-full e-flex e-con e-child\" data-id=\"7a98c95c\" data-element_type=\"container\" data-e-type=\"container\">\n\t\t\t\t<div class=\"elementor-element elementor-element-1a01cbbd elementor-widget elementor-widget-image\" data-id=\"1a01cbbd\" data-element_type=\"widget\" data-e-type=\"widget\" data-widget_type=\"image.default\">\n\t\t\t\t<div class=\"elementor-widget-container\">\n\t\t\t\t\t\t\t\t\t\t\t\t\t\t\t\t<a href=\"https:\/\/www.taptrap.com\/fr\/piege\/vaso-trap\/\">\n\t\t\t\t\t\t\t<img decoding=\"async\" width=\"197\" height=\"197\" src=\"https:\/\/www.taptrap.com\/wp-content\/uploads\/2023\/11\/vaso-trap.jpg\" class=\"elementor-animation-grow-rotate attachment-large size-large wp-image-10352\" alt=\"\" srcset=\"https:\/\/www.taptrap.com\/wp-content\/uploads\/2023\/11\/vaso-trap.jpg 197w, https:\/\/www.taptrap.com\/wp-content\/uploads\/2023\/11\/vaso-trap-150x150.jpg 150w, https:\/\/www.taptrap.com\/wp-content\/uploads\/2023\/11\/vaso-trap-100x100.jpg 100w\" sizes=\"(max-width: 197px) 100vw, 197px\" \/>\t\t\t\t\t\t\t\t<\/a>\n\t\t\t\t\t\t\t\t\t\t\t\t\t\t\t<\/div>\n\t\t\t\t<\/div>\n\t\t\t\t<div class=\"elementor-element elementor-element-bbbafbb elementor-widget elementor-widget-heading\" data-id=\"bbbafbb\" data-element_type=\"widget\" data-e-type=\"widget\" data-widget_type=\"heading.default\">\n\t\t\t\t<div class=\"elementor-widget-container\">\n\t\t\t\t\t<h3 class=\"elementor-heading-title elementor-size-default\">PI\u00c8GE \u00c0 INSECTES ET LIMACES <br>avec app\u00e2t de bi\u00e8re<\/h3>\t\t\t\t<\/div>\n\t\t\t\t<\/div>\n\t\t\t\t<div class=\"elementor-element elementor-element-213a7eed elementor-widget elementor-widget-heading\" data-id=\"213a7eed\" data-element_type=\"widget\" data-e-type=\"widget\" data-widget_type=\"heading.default\">\n\t\t\t\t<div class=\"elementor-widget-container\">\n\t\t\t\t\t<h4 class=\"elementor-heading-title elementor-size-default\"><a href=\"https:\/\/www.taptrap.com\/fr\/piege\/vaso-trap\/\">Vaso Trap<\/a><\/h4>\t\t\t\t<\/div>\n\t\t\t\t<\/div>\n\t\t\t\t<\/div>\n\t\t\t\t<\/div>\n\t\t\t\t<\/div>\n\t\t\t\t\t<\/div>\n\t\t\t\t<\/div>\n\t\t<div class=\"elementor-element elementor-element-620a8fcc e-flex e-con-boxed e-con e-parent\" data-id=\"620a8fcc\" data-element_type=\"container\" data-e-type=\"container\">\n\t\t\t\t\t<div class=\"e-con-inner\">\n\t\t\t\t<div class=\"elementor-element elementor-element-3e62e6ef elementor-align-center elementor-widget elementor-widget-button\" data-id=\"3e62e6ef\" data-element_type=\"widget\" data-e-type=\"widget\" data-widget_type=\"button.default\">\n\t\t\t\t<div class=\"elementor-widget-container\">\n\t\t\t\t\t\t\t\t\t<div class=\"elementor-button-wrapper\">\n\t\t\t\t\t<a class=\"elementor-button elementor-button-link elementor-size-xs\" href=\"https:\/\/www.taptrap.com\/fr\/contactez-nous\/\">\n\t\t\t\t\t\t<span class=\"elementor-button-content-wrapper\">\n\t\t\t\t\t\t\t\t\t<span class=\"elementor-button-text\">RECHERCHER UN REVENDEUR PR\u00c8S DE CHEZ VOUS<\/span>\n\t\t\t\t\t<\/span>\n\t\t\t\t\t<\/a>\n\t\t\t\t<\/div>\n\t\t\t\t\t\t\t\t<\/div>\n\t\t\t\t<\/div>\n\t\t\t\t\t<\/div>\n\t\t\t\t<\/div>\n\t\t<div class=\"elementor-element elementor-element-7fba2bff e-flex e-con-boxed e-con e-parent\" data-id=\"7fba2bff\" data-element_type=\"container\" data-e-type=\"container\">\n\t\t\t\t\t<div class=\"e-con-inner\">\n\t\t\t\t<div class=\"elementor-element elementor-element-5163f16 elementor-widget__width-inherit elementor-widget elementor-widget-heading\" data-id=\"5163f16\" data-element_type=\"widget\" data-e-type=\"widget\" data-widget_type=\"heading.default\">\n\t\t\t\t<div class=\"elementor-widget-container\">\n\t\t\t\t\t<h2 class=\"elementor-heading-title elementor-size-default\">QUEL PI\u00c8GE \u00c0 ESCARGOTS CHOISIR<\/h2>\t\t\t\t<\/div>\n\t\t\t\t<\/div>\n\t\t\t\t<div class=\"elementor-element elementor-element-647432d9 elementor-widget__width-inherit elementor-widget elementor-widget-text-editor\" data-id=\"647432d9\" data-element_type=\"widget\" data-e-type=\"widget\" data-widget_type=\"text-editor.default\">\n\t\t\t\t<div class=\"elementor-widget-container\">\n\t\t\t\t\t\t\t\t\t<p><img decoding=\"async\" class=\"alignleft wp-image-2806 size-thumbnail\" src=\"https:\/\/www.taptrap.com\/wp-content\/uploads\/2021\/10\/Snail_01_RSZ-150x150.jpeg\" alt=\"\" width=\"150\" height=\"150\" \/><\/p>\n<p>Les\u00a0<strong>pi\u00e8ges \u00e0 escargots<\/strong>\u00a0ne sont pas la seule d\u00e9fense \u00e0 mettre en place lors de la cultivation de notre jardin: diff\u00e9rents types d\u2019<strong>insectes nuisibles<\/strong>, en fait, peuvent g\u00e2cher notre travail selon la saison.<br \/>\nDans les deux cas, intervenir \u00e0 temps pour se d\u00e9fendre peut \u00eatre d&#8217;une grande aide, sans attendre de trouver les premiers d\u00e9g\u00e2ts sur nos l\u00e9gumes: la pr\u00e9vention permet en effet d&#8217;\u00e9viter l&#8217;utilisation des pesticides, ou de les r\u00e9duire drastiquement.<\/p>\n<p>Dans le cas des escargots, nous pouvons nous aider avec des m\u00e9thodes naturelles, mais aussi en utilisant avec intelligence et s\u00e9curit\u00e9 des substances anti-limaces, peut-\u00eatre biologiques, essentielles face \u00e0 une invasion, r\u00e9ussissant \u00e0 ne pas contaminer le sol cultiv\u00e9.<\/p>\n<p>Les\u00a0pi\u00e8ges \u00e0 escargots\u00a0dont nous parlons sont en effet\u00a0<strong>s\u00e9lectifs<\/strong>,\u00a0<strong>recyclables<\/strong>\u00a0et surtout\u00a0<strong>durables<\/strong> car r\u00e9utilisables \u00e0 l&#8217;infini et utilisables par tous les temps: la pluie ne les ab\u00eeme pas (ce qui est important car apr\u00e8s la pluie, l&#8217;humidit\u00e9 persistante fait \u00e9merger de nombreux escargots).<\/p>\n<p>Dans le cas des insectes volants, cependant, il est essentiel d&#8217;\u00eatre pr\u00eates \u00e0 se d\u00e9fendre: placer des pi\u00e8ges \u00e0 insectes en d\u00e9but de saison permet de capturer imm\u00e9diatement les premiers exemplaires en circulation, y compris les reines fondatrices des nouvelles g\u00e9n\u00e9rations, et ainsi de r\u00e9duire le taux de reproduction de l&#8217;esp\u00e8ce.<\/p>\n<ul>\n<li><a href=\"https:\/\/www.taptrap.com\/fr\/piege\/vaso-trap\/\">VASO TRAP<\/a>: est un pi\u00e8ge \u00e9cologique pour les insectes volants, mais peut aussi \u00eatre utilis\u00e9 comme pi\u00e8ge \u00e0 escargots avec la bi\u00e8re<\/li>\n<li><a href=\"https:\/\/www.taptrap.com\/fr\/piege\/lima-trap\/\">LIMA TRAP<\/a> : un pi\u00e8ge \u00e0 escargots s\u00e9lectif et efficace toute l&#8217;ann\u00e9e<\/li>\n<\/ul>\n\t\t\t\t\t\t\t\t<\/div>\n\t\t\t\t<\/div>\n\t\t\t\t<div class=\"elementor-element elementor-element-76c006ee elementor-widget__width-inherit elementor-widget elementor-widget-image\" data-id=\"76c006ee\" data-element_type=\"widget\" data-e-type=\"widget\" data-widget_type=\"image.default\">\n\t\t\t\t<div class=\"elementor-widget-container\">\n\t\t\t\t\t\t\t\t\t\t\t\t\t\t\t<img loading=\"lazy\" decoding=\"async\" width=\"500\" height=\"50\" src=\"https:\/\/www.taptrap.com\/wp-content\/uploads\/2023\/11\/logo-made-in-italy-2021.png\" class=\"attachment-large size-large wp-image-10361\" alt=\"\" srcset=\"https:\/\/www.taptrap.com\/wp-content\/uploads\/2023\/11\/logo-made-in-italy-2021.png 500w, https:\/\/www.taptrap.com\/wp-content\/uploads\/2023\/11\/logo-made-in-italy-2021-300x30.png 300w\" sizes=\"(max-width: 500px) 100vw, 500px\" \/>\t\t\t\t\t\t\t\t\t\t\t\t\t\t\t<\/div>\n\t\t\t\t<\/div>\n\t\t\t\t\t<\/div>\n\t\t\t\t<\/div>\n\t\t<div class=\"elementor-element elementor-element-4b11c699 e-flex e-con-boxed e-con e-parent\" data-id=\"4b11c699\" data-element_type=\"container\" data-e-type=\"container\" data-settings=\"{&quot;background_background&quot;:&quot;classic&quot;}\">\n\t\t\t\t\t<div class=\"e-con-inner\">\n\t\t\t\t<div class=\"elementor-element elementor-element-7f4e1158 elementor-widget__width-inherit elementor-widget elementor-widget-heading\" data-id=\"7f4e1158\" data-element_type=\"widget\" data-e-type=\"widget\" data-widget_type=\"heading.default\">\n\t\t\t\t<div class=\"elementor-widget-container\">\n\t\t\t\t\t<h2 class=\"elementor-heading-title elementor-size-default\">O\u00d9 L'ON MET LES PI\u00c8GES \u00c0 ESCARGOTS<\/h2>\t\t\t\t<\/div>\n\t\t\t\t<\/div>\n\t\t\t\t<div class=\"elementor-element elementor-element-165c20a7 elementor-widget__width-inherit elementor-widget elementor-widget-text-editor\" data-id=\"165c20a7\" data-element_type=\"widget\" data-e-type=\"widget\" data-widget_type=\"text-editor.default\">\n\t\t\t\t<div class=\"elementor-widget-container\">\n\t\t\t\t\t\t\t\t\t<p>Articles contenant des techniques et des conseils pour une utilisation correcte<\/p>\n\t\t\t\t\t\t\t\t<\/div>\n\t\t\t\t<\/div>\n\t\t\t\t\t<\/div>\n\t\t\t\t<\/div>\n\t\t<div class=\"elementor-element elementor-element-24ad790e e-flex e-con-boxed e-con e-parent\" data-id=\"24ad790e\" data-element_type=\"container\" data-e-type=\"container\" data-settings=\"{&quot;background_background&quot;:&quot;classic&quot;}\">\n\t\t\t\t\t<div class=\"e-con-inner\">\n\t\t\t\t<div class=\"elementor-element elementor-element-7721b1b0 elementor-grid-2 elementor-widget__width-inherit elementor-grid-tablet-2 elementor-grid-mobile-1 elementor-posts--thumbnail-top elementor-widget elementor-widget-posts\" data-id=\"7721b1b0\" data-element_type=\"widget\" data-e-type=\"widget\" data-settings=\"{&quot;classic_columns&quot;:&quot;2&quot;,&quot;classic_columns_tablet&quot;:&quot;2&quot;,&quot;classic_columns_mobile&quot;:&quot;1&quot;,&quot;classic_row_gap&quot;:{&quot;unit&quot;:&quot;px&quot;,&quot;size&quot;:35,&quot;sizes&quot;:[]},&quot;classic_row_gap_tablet&quot;:{&quot;unit&quot;:&quot;px&quot;,&quot;size&quot;:&quot;&quot;,&quot;sizes&quot;:[]},&quot;classic_row_gap_mobile&quot;:{&quot;unit&quot;:&quot;px&quot;,&quot;size&quot;:&quot;&quot;,&quot;sizes&quot;:[]}}\" data-widget_type=\"posts.classic\">\n\t\t\t\t<div class=\"elementor-widget-container\">\n\t\t\t\t\t\t\t<div class=\"elementor-posts-container elementor-posts elementor-posts--skin-classic elementor-grid\" role=\"list\">\n\t\t\t\t<article class=\"elementor-post elementor-grid-item post-1561 post type-post status-publish format-standard has-post-thumbnail hentry category-pieges-et-recettes\" role=\"listitem\">\n\t\t\t\t<a class=\"elementor-post__thumbnail__link\" href=\"https:\/\/www.taptrap.com\/fr\/piege-a-limaces-garder-le-jardin-en-bonne-sante\/\" tabindex=\"-1\" >\n\t\t\t<div class=\"elementor-post__thumbnail\"><img loading=\"lazy\" decoding=\"async\" width=\"300\" height=\"200\" src=\"https:\/\/www.taptrap.com\/wp-content\/uploads\/2021\/07\/escargots-limaces-sur-salade-300x200.jpeg\" class=\"attachment-medium size-medium wp-image-1585\" alt=\"escargots-et-limaces-mangent-salade\" srcset=\"https:\/\/www.taptrap.com\/wp-content\/uploads\/2021\/07\/escargots-limaces-sur-salade-300x200.jpeg 300w, https:\/\/www.taptrap.com\/wp-content\/uploads\/2021\/07\/escargots-limaces-sur-salade-600x400.jpeg 600w, https:\/\/www.taptrap.com\/wp-content\/uploads\/2021\/07\/escargots-limaces-sur-salade-1024x683.jpeg 1024w, https:\/\/www.taptrap.com\/wp-content\/uploads\/2021\/07\/escargots-limaces-sur-salade-768x512.jpeg 768w, https:\/\/www.taptrap.com\/wp-content\/uploads\/2021\/07\/escargots-limaces-sur-salade-1536x1024.jpeg 1536w, https:\/\/www.taptrap.com\/wp-content\/uploads\/2021\/07\/escargots-limaces-sur-salade.jpeg 1920w\" sizes=\"(max-width: 300px) 100vw, 300px\" \/><\/div>\n\t\t<\/a>\n\t\t\t\t<div class=\"elementor-post__text\">\n\t\t\t\t<h3 class=\"elementor-post__title\">\n\t\t\t<a href=\"https:\/\/www.taptrap.com\/fr\/piege-a-limaces-garder-le-jardin-en-bonne-sante\/\" >\n\t\t\t\tPI\u00c8GE \u00c0 LIMACES: LA SOLUTION LA PLUS \u00c9COLOGIQUE\t\t\t<\/a>\n\t\t<\/h3>\n\t\t\t\t<\/div>\n\t\t\t\t<\/article>\n\t\t\t\t<\/div>\n\t\t\n\t\t\t\t\t\t<\/div>\n\t\t\t\t<\/div>\n\t\t\t\t<div class=\"elementor-element elementor-element-1436f55a elementor-view-default elementor-widget elementor-widget-icon\" data-id=\"1436f55a\" data-element_type=\"widget\" data-e-type=\"widget\" data-widget_type=\"icon.default\">\n\t\t\t\t<div class=\"elementor-widget-container\">\n\t\t\t\t\t\t\t<div class=\"elementor-icon-wrapper\">\n\t\t\t<a class=\"elementor-icon\" href=\"https:\/\/www.taptrap.com\/fr\/news\/\">\n\t\t\t<i aria-hidden=\"true\" class=\"fas fa-arrow-circle-right\"><\/i>\t\t\t<\/a>\n\t\t<\/div>\n\t\t\t\t\t\t<\/div>\n\t\t\t\t<\/div>\n\t\t\t\t<div class=\"elementor-element elementor-element-7d3dd227 elementor-widget elementor-widget-text-editor\" data-id=\"7d3dd227\" data-element_type=\"widget\" data-e-type=\"widget\" data-widget_type=\"text-editor.default\">\n\t\t\t\t<div class=\"elementor-widget-container\">\n\t\t\t\t\t\t\t\t\t<p><a href=\"https:\/\/www.taptrap.com\/fr\/news\/\">Lire toutes les actualit\u00e9s de Tap Trap<\/a><\/p>\n\t\t\t\t\t\t\t\t<\/div>\n\t\t\t\t<\/div>\n\t\t\t\t\t<\/div>\n\t\t\t\t<\/div>\n\t\t\t\t<\/div>\n\t\t","protected":false},"excerpt":{"rendered":"<p>PI\u00c8GES \u00c0 LIMACES POUR JARDIN ET POTAGER Pi\u00e8ges avec app\u00e2t anti escargots et avec la bi\u00e8re (cliquez sur le pi\u00e8ge pour les instructions) PI\u00c8GE \u00c0<\/p>\n","protected":false},"author":2,"featured_media":0,"parent":0,"menu_order":8,"comment_status":"closed","ping_status":"closed","template":"","meta":{"_acf_changed":false,"footnotes":""},"class_list":["post-10575","page","type-page","status-publish","hentry"],"acf":[],"_links":{"self":[{"href":"https:\/\/www.taptrap.com\/fr\/wp-json\/wp\/v2\/pages\/10575","targetHints":{"allow":["GET"]}}],"collection":[{"href":"https:\/\/www.taptrap.com\/fr\/wp-json\/wp\/v2\/pages"}],"about":[{"href":"https:\/\/www.taptrap.com\/fr\/wp-json\/wp\/v2\/types\/page"}],"author":[{"embeddable":true,"href":"https:\/\/www.taptrap.com\/fr\/wp-json\/wp\/v2\/users\/2"}],"replies":[{"embeddable":true,"href":"https:\/\/www.taptrap.com\/fr\/wp-json\/wp\/v2\/comments?post=10575"}],"version-history":[{"count":15,"href":"https:\/\/www.taptrap.com\/fr\/wp-json\/wp\/v2\/pages\/10575\/revisions"}],"predecessor-version":[{"id":11874,"href":"https:\/\/www.taptrap.com\/fr\/wp-json\/wp\/v2\/pages\/10575\/revisions\/11874"}],"wp:attachment":[{"href":"https:\/\/www.taptrap.com\/fr\/wp-json\/wp\/v2\/media?parent=10575"}],"curies":[{"name":"wp","href":"https:\/\/api.w.org\/{rel}","templated":true}]}}