{"id":1099,"date":"2021-04-11T11:21:27","date_gmt":"2021-04-11T09:21:27","guid":{"rendered":"https:\/\/www.taptrap.com\/qui-nous-sommes\/"},"modified":"2023-11-30T17:01:35","modified_gmt":"2023-11-30T16:01:35","slug":"qui-nous-sommes","status":"publish","type":"page","link":"https:\/\/www.taptrap.com\/fr\/qui-nous-sommes\/","title":{"rendered":"Qui nous sommes"},"content":{"rendered":"\t\t<div data-elementor-type=\"wp-page\" data-elementor-id=\"1099\" class=\"elementor elementor-1099 elementor-465\" data-elementor-post-type=\"page\">\n\t\t\t\t<div class=\"elementor-element elementor-element-da1f091 e-con-full e-flex e-con e-parent\" data-id=\"da1f091\" data-element_type=\"container\" data-e-type=\"container\">\n\t\t\t\t<div class=\"elementor-element elementor-element-a78bd17 elementor-widget__width-inherit elementor-widget elementor-widget-heading\" data-id=\"a78bd17\" data-element_type=\"widget\" data-e-type=\"widget\" data-widget_type=\"heading.default\">\n\t\t\t\t<div class=\"elementor-widget-container\">\n\t\t\t\t\t<h2 class=\"elementor-heading-title elementor-size-xl\">PLUS DE PI\u00c8GES MOINS D'INSECTICIDES<\/h2>\t\t\t\t<\/div>\n\t\t\t\t<\/div>\n\t\t\t\t<div class=\"elementor-element elementor-element-bf9bddb elementor-widget__width-inherit elementor-widget elementor-widget-image\" data-id=\"bf9bddb\" data-element_type=\"widget\" data-e-type=\"widget\" data-widget_type=\"image.default\">\n\t\t\t\t<div class=\"elementor-widget-container\">\n\t\t\t\t\t\t\t\t\t\t\t\t\t\t\t<img decoding=\"async\" width=\"300\" height=\"30\" src=\"https:\/\/www.taptrap.com\/wp-content\/uploads\/2023\/11\/logo-made-in-italy-2021-300x30.png\" class=\"attachment-medium size-medium wp-image-10361\" alt=\"\" srcset=\"https:\/\/www.taptrap.com\/wp-content\/uploads\/2023\/11\/logo-made-in-italy-2021-300x30.png 300w, https:\/\/www.taptrap.com\/wp-content\/uploads\/2023\/11\/logo-made-in-italy-2021.png 500w\" sizes=\"(max-width: 300px) 100vw, 300px\" \/>\t\t\t\t\t\t\t\t\t\t\t\t\t\t\t<\/div>\n\t\t\t\t<\/div>\n\t\t\t\t<div class=\"elementor-element elementor-element-3d7c35a elementor-widget__width-inherit elementor-widget elementor-widget-heading\" data-id=\"3d7c35a\" data-element_type=\"widget\" data-e-type=\"widget\" data-widget_type=\"heading.default\">\n\t\t\t\t<div class=\"elementor-widget-container\">\n\t\t\t\t\t<h3 class=\"elementor-heading-title elementor-size-default\">NOUS AIDONS LES CULTIVATEURS DE JARDINS ET DE PLANTES FRUITI\u00c8RES \u00c0 \u00c9LIMINER LES INSECTES NUISIBLES \u00c0 L'AIDE DE PI\u00c8GES \u00c9COLOGIQUES R\u00c9UTILISABLES<\/h3>\t\t\t\t<\/div>\n\t\t\t\t<\/div>\n\t\t\t\t<div class=\"elementor-element elementor-element-052823b elementor-widget elementor-widget-menu-anchor\" data-id=\"052823b\" data-element_type=\"widget\" data-e-type=\"widget\" data-widget_type=\"menu-anchor.default\">\n\t\t\t\t<div class=\"elementor-widget-container\">\n\t\t\t\t\t\t\t<div class=\"elementor-menu-anchor\" id=\"mthodededfense\"><\/div>\n\t\t\t\t\t\t<\/div>\n\t\t\t\t<\/div>\n\t\t\t\t<div class=\"elementor-element elementor-element-57a0622 elementor-widget__width-inherit elementor-widget elementor-widget-text-editor\" data-id=\"57a0622\" data-element_type=\"widget\" data-e-type=\"widget\" data-widget_type=\"text-editor.default\">\n\t\t\t\t<div class=\"elementor-widget-container\">\n\t\t\t\t\t\t\t\t\t<p style=\"text-align: justify;\">Parmi les pi\u00e8ges \u00e0 insectes \u00e9cologiques, la vieille technique paysanne de la bouteille en plastique coup\u00e9e et retourn\u00e9e, dans laquelle on pouvait placer un app\u00e2t attractif, \u00e9tait id\u00e9ale mais pr\u00e9sentait trop de probl\u00e8mes : l&#8217;app\u00e2t n&#8217;\u00e9tait pas efficace, le pi\u00e8ge trop long \u00e0 pr\u00e9parer et peu s\u00e9lectif.<\/p>\n\t\t\t\t\t\t\t\t<\/div>\n\t\t\t\t<\/div>\n\t\t\t\t<\/div>\n\t\t<div class=\"elementor-element elementor-element-174220b e-flex e-con-boxed e-con e-parent\" data-id=\"174220b\" data-element_type=\"container\" data-e-type=\"container\">\n\t\t\t\t\t<div class=\"e-con-inner\">\n\t\t\t\t<div class=\"elementor-element elementor-element-3aaaab0 elementor-widget elementor-widget-image\" data-id=\"3aaaab0\" data-element_type=\"widget\" data-e-type=\"widget\" data-widget_type=\"image.default\">\n\t\t\t\t<div class=\"elementor-widget-container\">\n\t\t\t\t\t\t\t\t\t\t\t\t\t\t\t<img fetchpriority=\"high\" decoding=\"async\" width=\"800\" height=\"573\" src=\"https:\/\/www.taptrap.com\/wp-content\/uploads\/2021\/10\/Roby_square_video_1-1024x733.png\" class=\"attachment-large size-large wp-image-3321\" alt=\"what is tap trap\" srcset=\"https:\/\/www.taptrap.com\/wp-content\/uploads\/2021\/10\/Roby_square_video_1-1024x733.png 1024w, https:\/\/www.taptrap.com\/wp-content\/uploads\/2021\/10\/Roby_square_video_1-e1636039105824.png 300w, https:\/\/www.taptrap.com\/wp-content\/uploads\/2021\/10\/Roby_square_video_1-768x550.png 768w\" sizes=\"(max-width: 800px) 100vw, 800px\" \/>\t\t\t\t\t\t\t\t\t\t\t\t\t\t\t<\/div>\n\t\t\t\t<\/div>\n\t\t\t\t<div class=\"elementor-element elementor-element-e864cc4 elementor-widget__width-inherit elementor-widget elementor-widget-text-editor\" data-id=\"e864cc4\" data-element_type=\"widget\" data-e-type=\"widget\" data-widget_type=\"text-editor.default\">\n\t\t\t\t<div class=\"elementor-widget-container\">\n\t\t\t\t\t\t\t\t\t<p style=\"text-align: justify;\">Je m&#8217;appelle Roberto Carello et depuis 2004, j&#8217;invente et j&#8217;exp\u00e9rimente des pi\u00e8ges \u00e9cologiques pour les insectes volants nuisibles que les professionnels et les amateurs utilisent aujourd&#8217;hui en Italie et dans 20 pays du monde pour d\u00e9fendre les plantes fruiti\u00e8res, les potagers et les jardins. L&#8217;id\u00e9e d&#8217;un pi\u00e8ge \u00e0 insectes m&#8217;est venue il y a 20 ans, lorsque j&#8217;ai d\u00e9m\u00e9nag\u00e9 \u00e0 la campagne avec ma famille et que, comme vous, je me suis passionn\u00e9 pour l&#8217;\u00e9cologie : ma femme et moi nous sommes fait un beau jardin, un potager et quelques plantes fruiti\u00e8res, en commen\u00e7ant \u00e0 exp\u00e9rimenter des app\u00e2ts alimentaires pour attraper les mouches des fruits et les bourdons qui g\u00e2chaient notre travail, sans utiliser de pesticides ni de poisons.<\/p>\n\t\t\t\t\t\t\t\t<\/div>\n\t\t\t\t<\/div>\n\t\t\t\t\t<\/div>\n\t\t\t\t<\/div>\n\t\t<div class=\"elementor-element elementor-element-4c8fc94 e-flex e-con-boxed e-con e-parent\" data-id=\"4c8fc94\" data-element_type=\"container\" data-e-type=\"container\">\n\t\t\t\t\t<div class=\"e-con-inner\">\n\t\t\t\t<div class=\"elementor-element elementor-element-bfbf224 elementor-widget__width-inherit elementor-widget elementor-widget-heading\" data-id=\"bfbf224\" data-element_type=\"widget\" data-e-type=\"widget\" data-widget_type=\"heading.default\">\n\t\t\t\t<div class=\"elementor-widget-container\">\n\t\t\t\t\t<h2 class=\"elementor-heading-title elementor-size-default\">PROFESSIONNALISER UNE M\u00c9THODE<\/h2>\t\t\t\t<\/div>\n\t\t\t\t<\/div>\n\t\t\t\t<div class=\"elementor-element elementor-element-8698aa4 elementor-widget__width-inherit elementor-widget elementor-widget-text-editor\" data-id=\"8698aa4\" data-element_type=\"widget\" data-e-type=\"widget\" data-widget_type=\"text-editor.default\">\n\t\t\t\t<div class=\"elementor-widget-container\">\n\t\t\t\t\t\t\t\t\t<p>C&#8217;est pour rem\u00e9dier \u00e0 cela qu&#8217;est n\u00e9 Tap Trap\u00ae, le premier pi\u00e8ge alimentaire \u00e0 attractivit\u00e9 chromatique, qui a professionnalis\u00e9 une m\u00e9thode d\u00e9j\u00e0 connue et utilis\u00e9e : la capture massive d&#8217;insectes volants par le recyclage de bouteilles en plastique. Seulement, la technique a \u00e9t\u00e9 consid\u00e9rablement am\u00e9lior\u00e9e : l&#8217;app\u00e2t est plus efficace, la capture est plus s\u00e9lective, l&#8217;attractivit\u00e9 est renforc\u00e9e. Ces facteurs, associ\u00e9s \u00e0 la facilit\u00e9 d&#8217;utilisation, ont donn\u00e9 naissance \u00e0 un pi\u00e8ge recyclable et tr\u00e8s durable, \u00e0 tel point qu&#8217;il est aujourd&#8217;hui utilis\u00e9 pour pr\u00e9venir les infestations et r\u00e9duire le taux de reproduction des insectes nuisibles.<\/p>\n<p>Nous aimons la transparence et l&#8217;honn\u00eatet\u00e9.<br \/>\nNous n&#8217;avons jamais propos\u00e9 nos pi\u00e8ges \u00e0 insectes comme une solution d\u00e9finitive aux nombreux probl\u00e8mes de la lutte contre les ravageurs des cultures, mais nous les avons certainement propos\u00e9s comme une aide pr\u00e9cieuse dans la pr\u00e9vention des infestations : le r\u00e9sultat est une diminution d\u00e9cisive des populations d&#8217;insectes, obtenue gr\u00e2ce au pi\u00e9geage pr\u00e9ventif et \u00e0 l&#8217;utilisation correcte des pi\u00e8ges.<\/p>\n\t\t\t\t\t\t\t\t<\/div>\n\t\t\t\t<\/div>\n\t\t\t\t<div class=\"elementor-element elementor-element-95b8216 elementor-widget__width-inherit elementor-widget elementor-widget-image\" data-id=\"95b8216\" data-element_type=\"widget\" data-e-type=\"widget\" data-widget_type=\"image.default\">\n\t\t\t\t<div class=\"elementor-widget-container\">\n\t\t\t\t\t\t\t\t\t\t\t\t\t\t\t<img decoding=\"async\" src=\"https:\/\/www.taptrap.com\/wp-content\/uploads\/elementor\/thumbs\/installazione-vaso-trap-e1718197194830-qpjvyoy2hb93efei1torljz36y0k4lgvs500oudu3k.png\" title=\"positionner-vaso-trap\" alt=\"positionner-vaso-trap\" loading=\"lazy\" \/>\t\t\t\t\t\t\t\t\t\t\t\t\t\t\t<\/div>\n\t\t\t\t<\/div>\n\t\t\t\t<div class=\"elementor-element elementor-element-054dbe1 elementor-widget elementor-widget-text-editor\" data-id=\"054dbe1\" data-element_type=\"widget\" data-e-type=\"widget\" data-widget_type=\"text-editor.default\">\n\t\t\t\t<div class=\"elementor-widget-container\">\n\t\t\t\t\t\t\t\t\t<p>Depuis le d\u00e9but, afin de faire conna\u00eetre Tap Trap\u00ae, nous avons particip\u00e9 \u00e0 d&#8217;innombrables salons, y compris internationaux, rencontrant et \u00e9coutant des milliers de personnes, leurs besoins et leurs probl\u00e8mes dans l&#8217;entretien de leurs jardins, vergers et potagers. C&#8217;est dans cette optique que j&#8217;ai con\u00e7u et brevet\u00e9 d&#8217;autres pi\u00e8ges \u00e9cologiques :<\/p>\n<p>Vaso Trap\u00ae, la version du pi\u00e8ge biologique qui, en recyclant les pots de miel de 1 kg, r\u00e9pond \u00e9galement aux besoins de ceux qui veulent poser le pi\u00e8ge et non le suspendre.<br \/>\nLima Trap\u00ae : un dispositif qui peut rendre le potager et le jardin biologiques pour ceux qui, \u00e9puis\u00e9s par l&#8217;invasion des limaces et des escargots, ne peuvent vraiment pas se passer de granul\u00e9s anti-limaces. Gr\u00e2ce \u00e0 ce petit appareil, vous \u00e9vitez de r\u00e9pandre le pesticide sur le sol et vous pouvez r\u00e9duire consid\u00e9rablement les quantit\u00e9s utilis\u00e9es.<\/p>\n\t\t\t\t\t\t\t\t<\/div>\n\t\t\t\t<\/div>\n\t\t\t\t<div class=\"elementor-element elementor-element-b39bce6 elementor-widget elementor-widget-image\" data-id=\"b39bce6\" data-element_type=\"widget\" data-e-type=\"widget\" data-widget_type=\"image.default\">\n\t\t\t\t<div class=\"elementor-widget-container\">\n\t\t\t\t\t\t\t\t\t\t\t\t\t\t\t<img decoding=\"async\" src=\"https:\/\/www.taptrap.com\/wp-content\/uploads\/elementor\/thumbs\/STAND-FIERA-Roby-p5jy7ogl56a76w2hk736ih0q6t0gxze5ni2wkx8az8.jpeg\" title=\"STAND-EXPOSITION-Roberto-Carello\" alt=\"STAND-EXPOSITION-Roberto-Carello\" loading=\"lazy\" \/>\t\t\t\t\t\t\t\t\t\t\t\t\t\t\t<\/div>\n\t\t\t\t<\/div>\n\t\t\t\t\t<\/div>\n\t\t\t\t<\/div>\n\t\t<div class=\"elementor-element elementor-element-5437a74 e-flex e-con-boxed e-con e-parent\" data-id=\"5437a74\" data-element_type=\"container\" data-e-type=\"container\">\n\t\t\t\t\t<div class=\"e-con-inner\">\n\t\t\t\t<div class=\"elementor-element elementor-element-a91611c elementor-widget elementor-widget-heading\" data-id=\"a91611c\" data-element_type=\"widget\" data-e-type=\"widget\" data-widget_type=\"heading.default\">\n\t\t\t\t<div class=\"elementor-widget-container\">\n\t\t\t\t\t<h2 class=\"elementor-heading-title elementor-size-default\">CE QUE NOUS D\u00c9FENDONS<\/h2>\t\t\t\t<\/div>\n\t\t\t\t<\/div>\n\t\t\t\t<div class=\"elementor-element elementor-element-8e2b864 elementor-widget elementor-widget-text-editor\" data-id=\"8e2b864\" data-element_type=\"widget\" data-e-type=\"widget\" data-widget_type=\"text-editor.default\">\n\t\t\t\t<div class=\"elementor-widget-container\">\n\t\t\t\t\t\t\t\t\t<p style=\"text-align: justify;\">Nos pi\u00e8ges \u00e0 insectes ont non seulement un faible impact sur l&#8217;environnement, mais ils r\u00e9duisent aussi consid\u00e9rablement le besoin de pesticides, ce qui constitue un avantage non n\u00e9gligeable pour notre sant\u00e9 et celle des autres. Les r\u00e9actions positives que nous recevons de nos clients depuis de nombreuses ann\u00e9es, ainsi que les exp\u00e9riences men\u00e9es par divers instituts de recherche, ont confirm\u00e9 l&#8217;importance de la pr\u00e9vention dans la lutte contre les parasites, ce qui nous incite \u00e0 rechercher en permanence des alternatives aux pesticides qui soient respectueuses de l&#8217;environnement.<\/p>\n\t\t\t\t\t\t\t\t<\/div>\n\t\t\t\t<\/div>\n\t\t\t\t<div class=\"elementor-element elementor-element-288b3b0 elementor-widget__width-inherit elementor-widget elementor-widget-image\" data-id=\"288b3b0\" data-element_type=\"widget\" data-e-type=\"widget\" data-widget_type=\"image.default\">\n\t\t\t\t<div class=\"elementor-widget-container\">\n\t\t\t\t\t\t\t\t\t\t\t\t\t\t\t<img decoding=\"async\" width=\"300\" height=\"30\" src=\"https:\/\/www.taptrap.com\/wp-content\/uploads\/2023\/11\/logo-made-in-italy-2021-300x30.png\" class=\"attachment-medium size-medium wp-image-10361\" alt=\"\" srcset=\"https:\/\/www.taptrap.com\/wp-content\/uploads\/2023\/11\/logo-made-in-italy-2021-300x30.png 300w, https:\/\/www.taptrap.com\/wp-content\/uploads\/2023\/11\/logo-made-in-italy-2021.png 500w\" sizes=\"(max-width: 300px) 100vw, 300px\" \/>\t\t\t\t\t\t\t\t\t\t\t\t\t\t\t<\/div>\n\t\t\t\t<\/div>\n\t\t\t\t<div class=\"elementor-element elementor-element-b7f4385 elementor-widget elementor-widget-text-editor\" data-id=\"b7f4385\" data-element_type=\"widget\" data-e-type=\"widget\" data-widget_type=\"text-editor.default\">\n\t\t\t\t<div class=\"elementor-widget-container\">\n\t\t\t\t\t\t\t\t\t<h4 style=\"text-align: center;\">LES PREMIERS PROFESSIONNELS EN ITALIE DE LA PROTECTION \u00c9COLOGIQUE DES PLANTES FRUITI\u00c8RES ET DES JARDINS CONTRE LES INSECTES VOLANTS SANS EMPLOI D&#8217;INSECTICIDES<\/h4>\n\t\t\t\t\t\t\t\t<\/div>\n\t\t\t\t<\/div>\n\t\t\t\t<div class=\"elementor-element elementor-element-375fb21 elementor-widget__width-inherit elementor-widget elementor-widget-text-editor\" data-id=\"375fb21\" data-element_type=\"widget\" data-e-type=\"widget\" data-widget_type=\"text-editor.default\">\n\t\t\t\t<div class=\"elementor-widget-container\">\n\t\t\t\t\t\t\t\t\t<p><em><span style=\"font-size: 10pt;\"><strong>A Roberto, \u00e9poux, p\u00e8re et grand-p\u00e8re bien-aim\u00e9 : tu es toujours avec nous, avec ton g\u00e9nie et ta gaiet\u00e9.<\/strong><\/span><\/em><br \/>\n<em><span style=\"font-size: 10pt;\">(06.02.1953 &#8211; 20.05.2021)<\/span><\/em><\/p>\n\t\t\t\t\t\t\t\t<\/div>\n\t\t\t\t<\/div>\n\t\t\t\t\t<\/div>\n\t\t\t\t<\/div>\n\t\t\t\t<\/div>\n\t\t","protected":false},"excerpt":{"rendered":"<p>PLUS DE PI\u00c8GES MOINS D&#8217;INSECTICIDES NOUS AIDONS LES CULTIVATEURS DE JARDINS ET DE PLANTES FRUITI\u00c8RES \u00c0 \u00c9LIMINER LES INSECTES NUISIBLES \u00c0 L&#8217;AIDE DE PI\u00c8GES \u00c9COLOGIQUES R\u00c9UTILISABLES Parmi les pi\u00e8ges \u00e0 insectes \u00e9cologiques, la vieille technique paysanne de la bouteille en plastique coup\u00e9e et retourn\u00e9e, dans laquelle on pouvait placer un app\u00e2t attractif, \u00e9tait id\u00e9ale mais [&hellip;]<\/p>\n","protected":false},"author":2,"featured_media":0,"parent":0,"menu_order":1,"comment_status":"closed","ping_status":"closed","template":"","meta":{"_acf_changed":false,"footnotes":""},"class_list":["post-1099","page","type-page","status-publish","hentry"],"acf":[],"_links":{"self":[{"href":"https:\/\/www.taptrap.com\/fr\/wp-json\/wp\/v2\/pages\/1099","targetHints":{"allow":["GET"]}}],"collection":[{"href":"https:\/\/www.taptrap.com\/fr\/wp-json\/wp\/v2\/pages"}],"about":[{"href":"https:\/\/www.taptrap.com\/fr\/wp-json\/wp\/v2\/types\/page"}],"author":[{"embeddable":true,"href":"https:\/\/www.taptrap.com\/fr\/wp-json\/wp\/v2\/users\/2"}],"replies":[{"embeddable":true,"href":"https:\/\/www.taptrap.com\/fr\/wp-json\/wp\/v2\/comments?post=1099"}],"version-history":[{"count":15,"href":"https:\/\/www.taptrap.com\/fr\/wp-json\/wp\/v2\/pages\/1099\/revisions"}],"predecessor-version":[{"id":10695,"href":"https:\/\/www.taptrap.com\/fr\/wp-json\/wp\/v2\/pages\/1099\/revisions\/10695"}],"wp:attachment":[{"href":"https:\/\/www.taptrap.com\/fr\/wp-json\/wp\/v2\/media?parent=1099"}],"curies":[{"name":"wp","href":"https:\/\/api.w.org\/{rel}","templated":true}]}}