{"id":1194,"date":"2021-04-11T22:35:52","date_gmt":"2021-04-11T20:35:52","guid":{"rendered":"https:\/\/www.taptrap.com\/piege\/tap-trap-rouge\/"},"modified":"2022-07-22T11:58:31","modified_gmt":"2022-07-22T09:58:31","slug":"tap-trap-rouge","status":"publish","type":"page","link":"https:\/\/www.taptrap.com\/fr\/piege\/tap-trap-rouge\/","title":{"rendered":"Tap Trap Rouge"},"content":{"rendered":"\t\t<div data-elementor-type=\"wp-page\" data-elementor-id=\"1194\" class=\"elementor elementor-1194 elementor-661\" data-elementor-post-type=\"page\">\n\t\t\t\t\t\t<section class=\"elementor-section elementor-top-section elementor-element elementor-element-bb3c195 elementor-section-boxed elementor-section-height-default elementor-section-height-default\" data-id=\"bb3c195\" data-element_type=\"section\" data-e-type=\"section\">\n\t\t\t\t\t\t<div class=\"elementor-container elementor-column-gap-default\">\n\t\t\t\t\t<div class=\"elementor-column elementor-col-100 elementor-top-column elementor-element elementor-element-5811b06\" data-id=\"5811b06\" data-element_type=\"column\" data-e-type=\"column\">\n\t\t\t<div class=\"elementor-widget-wrap elementor-element-populated\">\n\t\t\t\t\t\t<section class=\"elementor-section elementor-inner-section elementor-element elementor-element-0831f3d elementor-section-boxed elementor-section-height-default elementor-section-height-default\" data-id=\"0831f3d\" data-element_type=\"section\" data-e-type=\"section\">\n\t\t\t\t\t\t<div class=\"elementor-container elementor-column-gap-default\">\n\t\t\t\t\t<div class=\"elementor-column elementor-col-50 elementor-inner-column elementor-element elementor-element-8d81e5b\" data-id=\"8d81e5b\" data-element_type=\"column\" data-e-type=\"column\">\n\t\t\t<div class=\"elementor-widget-wrap elementor-element-populated\">\n\t\t\t\t\t\t<div class=\"elementor-element elementor-element-310366a elementor-widget elementor-widget-image\" data-id=\"310366a\" data-element_type=\"widget\" data-e-type=\"widget\" data-widget_type=\"image.default\">\n\t\t\t\t<div class=\"elementor-widget-container\">\n\t\t\t\t\t\t\t\t\t\t\t\t\t\t\t<img decoding=\"async\" width=\"197\" height=\"197\" src=\"https:\/\/www.taptrap.com\/wp-content\/uploads\/2021\/04\/tap-trap-rosso.jpg\" class=\"attachment-large size-large wp-image-440\" alt=\"tap-trap-rosso-per-suzukii\" srcset=\"https:\/\/www.taptrap.com\/wp-content\/uploads\/2021\/04\/tap-trap-rosso.jpg 197w, https:\/\/www.taptrap.com\/wp-content\/uploads\/2021\/04\/tap-trap-rosso-100x100.jpg 100w, https:\/\/www.taptrap.com\/wp-content\/uploads\/2021\/04\/tap-trap-rosso-150x150.jpg 150w\" sizes=\"(max-width: 197px) 100vw, 197px\" \/>\t\t\t\t\t\t\t\t\t\t\t\t\t\t\t<\/div>\n\t\t\t\t<\/div>\n\t\t\t\t\t<\/div>\n\t\t<\/div>\n\t\t\t\t<div class=\"elementor-column elementor-col-50 elementor-inner-column elementor-element elementor-element-ebc7a8d\" data-id=\"ebc7a8d\" data-element_type=\"column\" data-e-type=\"column\">\n\t\t\t<div class=\"elementor-widget-wrap elementor-element-populated\">\n\t\t\t\t\t\t<div class=\"elementor-element elementor-element-6bf1ac4 elementor-widget elementor-widget-heading\" data-id=\"6bf1ac4\" data-element_type=\"widget\" data-e-type=\"widget\" data-widget_type=\"heading.default\">\n\t\t\t\t<div class=\"elementor-widget-container\">\n\t\t\t\t\t<h1 class=\"elementor-heading-title elementor-size-default\">TAP TRAP ROUGE<\/h1>\t\t\t\t<\/div>\n\t\t\t\t<\/div>\n\t\t\t\t\t<\/div>\n\t\t<\/div>\n\t\t\t\t\t<\/div>\n\t\t<\/section>\n\t\t\t\t\t<\/div>\n\t\t<\/div>\n\t\t\t\t\t<\/div>\n\t\t<\/section>\n\t\t\t\t<section class=\"elementor-section elementor-top-section elementor-element elementor-element-cdaceb1 elementor-section-boxed elementor-section-height-default elementor-section-height-default\" data-id=\"cdaceb1\" data-element_type=\"section\" data-e-type=\"section\">\n\t\t\t\t\t\t<div class=\"elementor-container elementor-column-gap-default\">\n\t\t\t\t\t<div class=\"elementor-column elementor-col-100 elementor-top-column elementor-element elementor-element-32ac7da\" data-id=\"32ac7da\" data-element_type=\"column\" data-e-type=\"column\">\n\t\t\t<div class=\"elementor-widget-wrap elementor-element-populated\">\n\t\t\t\t\t\t<section class=\"elementor-section elementor-inner-section elementor-element elementor-element-0a382be elementor-section-boxed elementor-section-height-default elementor-section-height-default\" data-id=\"0a382be\" data-element_type=\"section\" data-e-type=\"section\">\n\t\t\t\t\t\t<div class=\"elementor-container elementor-column-gap-default\">\n\t\t\t\t\t<div class=\"elementor-column elementor-col-50 elementor-inner-column elementor-element elementor-element-7c01be8\" data-id=\"7c01be8\" data-element_type=\"column\" data-e-type=\"column\">\n\t\t\t<div class=\"elementor-widget-wrap elementor-element-populated\">\n\t\t\t\t\t\t<div class=\"elementor-element elementor-element-499fad4 elementor--h-position-center elementor--v-position-middle elementor-arrows-position-inside elementor-pagination-position-inside elementor-widget elementor-widget-slides\" data-id=\"499fad4\" data-element_type=\"widget\" data-e-type=\"widget\" data-settings=\"{&quot;navigation&quot;:&quot;both&quot;,&quot;autoplay&quot;:&quot;yes&quot;,&quot;pause_on_hover&quot;:&quot;yes&quot;,&quot;pause_on_interaction&quot;:&quot;yes&quot;,&quot;autoplay_speed&quot;:5000,&quot;infinite&quot;:&quot;yes&quot;,&quot;transition&quot;:&quot;slide&quot;,&quot;transition_speed&quot;:500}\" data-widget_type=\"slides.default\">\n\t\t\t\t<div class=\"elementor-widget-container\">\n\t\t\t\t\t\t\t\t\t<div class=\"elementor-swiper\">\n\t\t\t\t\t<div class=\"elementor-slides-wrapper elementor-main-swiper swiper\" role=\"region\" aria-roledescription=\"carousel\" aria-label=\"Diapositives\" dir=\"ltr\" data-animation=\"fadeInUp\">\n\t\t\t\t<div class=\"swiper-wrapper elementor-slides\">\n\t\t\t\t\t\t\t\t\t\t<div class=\"elementor-repeater-item-5d37b70 swiper-slide\" role=\"group\" aria-roledescription=\"slide\"><div class=\"swiper-slide-bg\" role=\"img\" aria-label=\"Tap-Trap-rouge-2\"><\/div><div class=\"swiper-slide-inner\" ><div class=\"swiper-slide-contents\"><\/div><\/div><\/div><div class=\"elementor-repeater-item-f852f5d swiper-slide\" role=\"group\" aria-roledescription=\"slide\"><div class=\"swiper-slide-bg\" role=\"img\" aria-label=\"Tap-Trap-rouge-1\"><\/div><div class=\"swiper-slide-inner\" ><div class=\"swiper-slide-contents\"><\/div><\/div><\/div>\t\t\t\t<\/div>\n\t\t\t\t\t\t\t\t\t\t\t\t\t\t\t<div class=\"elementor-swiper-button elementor-swiper-button-prev\" role=\"button\" tabindex=\"0\" aria-label=\"Diapositive pr\u00e9c\u00e9dente\">\n\t\t\t\t\t\t\t<i aria-hidden=\"true\" class=\"eicon-chevron-left\"><\/i>\t\t\t\t\t\t<\/div>\n\t\t\t\t\t\t<div class=\"elementor-swiper-button elementor-swiper-button-next\" role=\"button\" tabindex=\"0\" aria-label=\"Diapositive suivante\">\n\t\t\t\t\t\t\t<i aria-hidden=\"true\" class=\"eicon-chevron-right\"><\/i>\t\t\t\t\t\t<\/div>\n\t\t\t\t\t\t\t\t\t\t\t\t\t\t\t\t<div class=\"swiper-pagination\"><\/div>\n\t\t\t\t\t\t\t\t\t\t\t\t<\/div>\n\t\t\t\t<\/div>\n\t\t\t\t\t\t\t\t<\/div>\n\t\t\t\t<\/div>\n\t\t\t\t\t<\/div>\n\t\t<\/div>\n\t\t\t\t<div class=\"elementor-column elementor-col-50 elementor-inner-column elementor-element elementor-element-954e77c\" data-id=\"954e77c\" data-element_type=\"column\" data-e-type=\"column\">\n\t\t\t<div class=\"elementor-widget-wrap elementor-element-populated\">\n\t\t\t\t\t\t<div class=\"elementor-element elementor-element-0312ec3 elementor-widget elementor-widget-text-editor\" data-id=\"0312ec3\" data-element_type=\"widget\" data-e-type=\"widget\" data-widget_type=\"text-editor.default\">\n\t\t\t\t<div class=\"elementor-widget-container\">\n\t\t\t\t\t\t\t\t\t<p><strong>Le pi\u00e8ge \u00e0 insectes \u00e9cologique<\/strong>\u00a0Tap Trap Rouge est\u00a0une variante des pi\u00e8ges \u00e0 insectes <a href=\"https:\/\/www.taptrap.com\/fr\/pi\u00e8ge\/tap-trap\">Tap Trap<\/a>, sp\u00e9cifiquement pour la capture massive s\u00e9lective de <a href=\"https:\/\/www.taptrap.com\/fr\/drosophila-suzukii\">Drosophila Suzukii<\/a> (commun\u00e9ment appel\u00e9e la mouche des petits fruits), fl\u00e9au des m\u00fbres, des framboises, des prunes, des cerises, ainsi que de nombreux autres types d&#8217;insectes.<\/p>\n<p>L&#8217;utilisation du Tap Trap rouge permet de r\u00e9duire consid\u00e9rablement l&#8217;utilisation de produits chimiques, en valorisant la technique d&#8217;agriculture biologique de capture massive de diverses esp\u00e8ces de parasites volants. Il est fabriqu\u00e9 dans la m\u00eame mati\u00e8re plastique que les bio-pi\u00e8ges originaux: r\u00e9sistant dans le temps et versatile dans son utilisation.<\/p>\n\t\t\t\t\t\t\t\t<\/div>\n\t\t\t\t<\/div>\n\t\t\t\t\t<\/div>\n\t\t<\/div>\n\t\t\t\t\t<\/div>\n\t\t<\/section>\n\t\t\t\t\t<\/div>\n\t\t<\/div>\n\t\t\t\t\t<\/div>\n\t\t<\/section>\n\t\t\t\t<section class=\"elementor-section elementor-top-section elementor-element elementor-element-e7013c4 elementor-section-boxed elementor-section-height-default elementor-section-height-default\" data-id=\"e7013c4\" data-element_type=\"section\" data-e-type=\"section\">\n\t\t\t\t\t\t<div class=\"elementor-container elementor-column-gap-default\">\n\t\t\t\t\t<div class=\"elementor-column elementor-col-100 elementor-top-column elementor-element elementor-element-387173b\" data-id=\"387173b\" data-element_type=\"column\" data-e-type=\"column\">\n\t\t\t<div class=\"elementor-widget-wrap elementor-element-populated\">\n\t\t\t\t\t\t<div class=\"elementor-element elementor-element-37e86dd elementor-widget elementor-widget-text-editor\" data-id=\"37e86dd\" data-element_type=\"widget\" data-e-type=\"widget\" data-widget_type=\"text-editor.default\">\n\t\t\t\t<div class=\"elementor-widget-container\">\n\t\t\t\t\t\t\t\t\t<p>Les excellents r\u00e9sultats obtenus lors des essais en champ confirment la forte attractivit\u00e9 visuelle donn\u00e9e par la couleur rouge, pr\u00e9f\u00e9r\u00e9e par la Drosophila Suzukii, comme premi\u00e8re attraction pour le moucheron, et la forte attractivit\u00e9 de l&#8217;app\u00e2t alimentaire test\u00e9 avec un excellent succ\u00e8s.<\/p><p>Dans ce cas, Tap Trap rouge a une double fonction : l&#8217;app\u00e2t qui attire la Drosophila Suzukii (voir recette ci-dessous) est \u00e9galement tr\u00e8s attractif pour les gu\u00eapes et les frelons: il est possible de mettre en place une double capture en utilisant un seul pi\u00e8ge.<\/p><p><strong>Conseil<\/strong>: pour contr\u00f4ler la pr\u00e9sence et la capture de la seule Drosophila Suzukii, il est recommand\u00e9 d&#8217;utiliser <a href=\"https:\/\/www.taptrap.com\/fr\/pi\u00e8ge\/vaso-trap-rouge\">Vaso Trap rouge<\/a>, qui est hautement s\u00e9lectif.<\/p>\t\t\t\t\t\t\t\t<\/div>\n\t\t\t\t<\/div>\n\t\t\t\t\t<\/div>\n\t\t<\/div>\n\t\t\t\t\t<\/div>\n\t\t<\/section>\n\t\t\t\t<section class=\"elementor-section elementor-top-section elementor-element elementor-element-ae6e284 elementor-section-boxed elementor-section-height-default elementor-section-height-default\" data-id=\"ae6e284\" data-element_type=\"section\" data-e-type=\"section\" data-settings=\"{&quot;background_background&quot;:&quot;classic&quot;}\">\n\t\t\t\t\t\t<div class=\"elementor-container elementor-column-gap-default\">\n\t\t\t\t\t<div class=\"elementor-column elementor-col-100 elementor-top-column elementor-element elementor-element-b137dd5\" data-id=\"b137dd5\" data-element_type=\"column\" data-e-type=\"column\">\n\t\t\t<div class=\"elementor-widget-wrap elementor-element-populated\">\n\t\t\t\t\t\t<div class=\"elementor-element elementor-element-18ab800 elementor-widget elementor-widget-heading\" data-id=\"18ab800\" data-element_type=\"widget\" data-e-type=\"widget\" data-widget_type=\"heading.default\">\n\t\t\t\t<div class=\"elementor-widget-container\">\n\t\t\t\t\t<h2 class=\"elementor-heading-title elementor-size-default\">O\u00d9 ACHETER TAP TRAP?<\/h2>\t\t\t\t<\/div>\n\t\t\t\t<\/div>\n\t\t\t\t<div class=\"elementor-element elementor-element-6558c59 elementor-widget elementor-widget-text-editor\" data-id=\"6558c59\" data-element_type=\"widget\" data-e-type=\"widget\" data-widget_type=\"text-editor.default\">\n\t\t\t\t<div class=\"elementor-widget-container\">\n\t\t\t\t\t\t\t\t\t<p style=\"text-align: center;\">Vous pouvez trouver <strong>Tap Trap<\/strong> dans les meilleurs<strong> magasins agricoles, jardineries et quincailleries<\/strong><\/p>\t\t\t\t\t\t\t\t<\/div>\n\t\t\t\t<\/div>\n\t\t\t\t<div class=\"elementor-element elementor-element-074a08f elementor-align-center elementor-widget elementor-widget-button\" data-id=\"074a08f\" data-element_type=\"widget\" data-e-type=\"widget\" data-widget_type=\"button.default\">\n\t\t\t\t<div class=\"elementor-widget-container\">\n\t\t\t\t\t\t\t\t\t<div class=\"elementor-button-wrapper\">\n\t\t\t\t\t<a class=\"elementor-button elementor-button-link elementor-size-sm\" href=\"https:\/\/www.taptrap.com\/fr\/contactez-nous\/\">\n\t\t\t\t\t\t<span class=\"elementor-button-content-wrapper\">\n\t\t\t\t\t\t<span class=\"elementor-button-icon\">\n\t\t\t\t<i aria-hidden=\"true\" class=\"fas fa-angle-right\"><\/i>\t\t\t<\/span>\n\t\t\t\t\t\t\t\t\t<span class=\"elementor-button-text\">TROUVER UN REVENDEUR<\/span>\n\t\t\t\t\t<\/span>\n\t\t\t\t\t<\/a>\n\t\t\t\t<\/div>\n\t\t\t\t\t\t\t\t<\/div>\n\t\t\t\t<\/div>\n\t\t\t\t\t<\/div>\n\t\t<\/div>\n\t\t\t\t\t<\/div>\n\t\t<\/section>\n\t\t\t\t<section class=\"elementor-section elementor-top-section elementor-element elementor-element-2796e25 elementor-section-boxed elementor-section-height-default elementor-section-height-default\" data-id=\"2796e25\" data-element_type=\"section\" data-e-type=\"section\">\n\t\t\t\t\t\t<div class=\"elementor-container elementor-column-gap-default\">\n\t\t\t\t\t<div class=\"elementor-column elementor-col-100 elementor-top-column elementor-element elementor-element-2f0b407\" data-id=\"2f0b407\" data-element_type=\"column\" data-e-type=\"column\">\n\t\t\t<div class=\"elementor-widget-wrap elementor-element-populated\">\n\t\t\t\t\t\t<div class=\"elementor-element elementor-element-5ecd28a elementor-widget elementor-widget-heading\" data-id=\"5ecd28a\" data-element_type=\"widget\" data-e-type=\"widget\" data-widget_type=\"heading.default\">\n\t\t\t\t<div class=\"elementor-widget-container\">\n\t\t\t\t\t<h2 class=\"elementor-heading-title elementor-size-default\">LA RECETTE RECOMMAND\u00c9E POUR LE PI\u00c8GEAGE DE DROSOPHILA S.<\/h2>\t\t\t\t<\/div>\n\t\t\t\t<\/div>\n\t\t\t\t<div class=\"elementor-element elementor-element-806deae elementor-widget elementor-widget-heading\" data-id=\"806deae\" data-element_type=\"widget\" data-e-type=\"widget\" data-widget_type=\"heading.default\">\n\t\t\t\t<div class=\"elementor-widget-container\">\n\t\t\t\t\t<h4 class=\"elementor-heading-title elementor-size-default\">Utilisez ces quantit\u00e9s avec Tap Trap rouge<\/h4>\t\t\t\t<\/div>\n\t\t\t\t<\/div>\n\t\t\t\t\t<\/div>\n\t\t<\/div>\n\t\t\t\t\t<\/div>\n\t\t<\/section>\n\t\t\t\t<section class=\"elementor-section elementor-top-section elementor-element elementor-element-399e040 elementor-section-boxed elementor-section-height-default elementor-section-height-default\" data-id=\"399e040\" data-element_type=\"section\" data-e-type=\"section\">\n\t\t\t\t\t\t<div class=\"elementor-container elementor-column-gap-default\">\n\t\t\t\t\t<div class=\"elementor-column elementor-col-100 elementor-top-column elementor-element elementor-element-1dbf906\" data-id=\"1dbf906\" data-element_type=\"column\" data-e-type=\"column\">\n\t\t\t<div class=\"elementor-widget-wrap elementor-element-populated\">\n\t\t\t\t\t\t<div class=\"elementor-element elementor-element-0c20ec5 elementor-tabs-view-vertical elementor-widget elementor-widget-tabs\" data-id=\"0c20ec5\" data-element_type=\"widget\" data-e-type=\"widget\" data-widget_type=\"tabs.default\">\n\t\t\t\t<div class=\"elementor-widget-container\">\n\t\t\t\t\t\t\t<div class=\"elementor-tabs\">\n\t\t\t<div class=\"elementor-tabs-wrapper\" role=\"tablist\" >\n\t\t\t\t\t\t\t\t\t<div id=\"elementor-tab-title-1271\" class=\"elementor-tab-title elementor-tab-desktop-title\" aria-selected=\"true\" data-tab=\"1\" role=\"tab\" tabindex=\"0\" aria-controls=\"elementor-tab-content-1271\" aria-expanded=\"false\">DROSOPHILA SUZUKII (Moucheron Asiatique) - Tap Trap rouge<\/div>\n\t\t\t\t\t\t\t<\/div>\n\t\t\t<div class=\"elementor-tabs-content-wrapper\" role=\"tablist\" aria-orientation=\"vertical\">\n\t\t\t\t\t\t\t\t\t<div class=\"elementor-tab-title elementor-tab-mobile-title\" aria-selected=\"true\" data-tab=\"1\" role=\"tab\" tabindex=\"0\" aria-controls=\"elementor-tab-content-1271\" aria-expanded=\"false\">DROSOPHILA SUZUKII (Moucheron Asiatique) - Tap Trap rouge<\/div>\n\t\t\t\t\t<div id=\"elementor-tab-content-1271\" class=\"elementor-tab-content elementor-clearfix\" data-tab=\"1\" role=\"tabpanel\" aria-labelledby=\"elementor-tab-title-1271\" tabindex=\"0\" hidden=\"false\"><p class=\"text-align-justify\"><u>Utilisez ce pi\u00e8ge pour<\/u>:\u00a0<mark>Plantes de petits fruits: cerises, fraises, m\u00fbres, framboises, groseilles, myrtilles, etc.<\/mark><\/p><p class=\"text-align-justify\"><u>Utilisez les quantit\u00e9s suivantes avec<\/u>:\u00a0<mark>Tap Trap Rouge<\/mark><\/p><p class=\"text-align-justify\"><u>Comment faire<\/u>: Introduire dans la bouteille 250ml de vinaigre de pomme + 100ml de vin rouge + un cuill\u00e8re \u00e0 soupe de sucre<\/p><p class=\"text-align-justify\"><u>Refaire l&#8217;app\u00e2t<\/u>:\u00a0<mark>OUI, toujours chaque 15 jours<\/mark><\/p><p class=\"text-align-justify\">L&#8217;app\u00e2t est test\u00e9 et recommand\u00e9 par la Fondation Edmund Mach <a href=\"http:\/\/www.fmach.it\/\" target=\"_blank\" rel=\"noopener\">FEM<\/a> \u00e0 San Michele all&#8217;Adige (TN) avec d&#8217;excellents r\u00e9sultats.<\/p><\/div>\n\t\t\t\t\t\t\t<\/div>\n\t\t<\/div>\n\t\t\t\t\t\t<\/div>\n\t\t\t\t<\/div>\n\t\t\t\t\t<\/div>\n\t\t<\/div>\n\t\t\t\t\t<\/div>\n\t\t<\/section>\n\t\t\t\t<section class=\"elementor-section elementor-top-section elementor-element elementor-element-777f7f1 elementor-section-boxed elementor-section-height-default elementor-section-height-default\" data-id=\"777f7f1\" data-element_type=\"section\" data-e-type=\"section\">\n\t\t\t\t\t\t<div class=\"elementor-container elementor-column-gap-default\">\n\t\t\t\t\t<div class=\"elementor-column elementor-col-100 elementor-top-column elementor-element elementor-element-5751ec0\" data-id=\"5751ec0\" data-element_type=\"column\" data-e-type=\"column\">\n\t\t\t<div class=\"elementor-widget-wrap elementor-element-populated\">\n\t\t\t\t\t\t<div class=\"elementor-element elementor-element-31ccd02 elementor-widget elementor-widget-heading\" data-id=\"31ccd02\" data-element_type=\"widget\" data-e-type=\"widget\" data-widget_type=\"heading.default\">\n\t\t\t\t<div class=\"elementor-widget-container\">\n\t\t\t\t\t<h2 class=\"elementor-heading-title elementor-size-default\">O\u00d9 L'ON UTILISE LE PI\u00c8GE POUR DROSOPHILA<\/h2>\t\t\t\t<\/div>\n\t\t\t\t<\/div>\n\t\t\t\t\t<\/div>\n\t\t<\/div>\n\t\t\t\t\t<\/div>\n\t\t<\/section>\n\t\t\t\t<section class=\"elementor-section elementor-top-section elementor-element elementor-element-069fc46 elementor-section-boxed elementor-section-height-default elementor-section-height-default\" data-id=\"069fc46\" data-element_type=\"section\" data-e-type=\"section\">\n\t\t\t\t\t\t<div class=\"elementor-container elementor-column-gap-default\">\n\t\t\t\t\t<div class=\"elementor-column elementor-col-100 elementor-top-column elementor-element elementor-element-cbc1e59\" data-id=\"cbc1e59\" data-element_type=\"column\" data-e-type=\"column\">\n\t\t\t<div class=\"elementor-widget-wrap elementor-element-populated\">\n\t\t\t\t\t\t<div class=\"elementor-element elementor-element-152d0fb elementor-widget elementor-widget-text-editor\" data-id=\"152d0fb\" data-element_type=\"widget\" data-e-type=\"widget\" data-widget_type=\"text-editor.default\">\n\t\t\t\t<div class=\"elementor-widget-container\">\n\t\t\t\t\t\t\t\t\t<p>Il y a beaucoup de cultures qui peuvent \u00eatre d\u00e9fendues avec l&#8217;utilisation de Tap Trap rouge :<\/p><ul><li>Baies (m\u00fbres, myrtilles, groseilles, framboises, raisins, baies de sureau)<\/li><li>Petits fruits \u00e0 chair molle (fraises, abricots, p\u00eaches, kaki, kiwis, figues)<\/li><li>Fruits \u00e0 p\u00e9pins (les pommes et les poires ne sont attaqu\u00e9es que si elles sont d\u00e9j\u00e0 endommag\u00e9es)<\/li><\/ul>\t\t\t\t\t\t\t\t<\/div>\n\t\t\t\t<\/div>\n\t\t\t\t<div class=\"elementor-element elementor-element-f4092e5 elementor-widget elementor-widget-image\" data-id=\"f4092e5\" data-element_type=\"widget\" data-e-type=\"widget\" data-widget_type=\"image.default\">\n\t\t\t\t<div class=\"elementor-widget-container\">\n\t\t\t\t\t\t\t\t\t\t\t\t\t\t\t<img decoding=\"async\" src=\"https:\/\/www.taptrap.com\/wp-content\/uploads\/elementor\/thumbs\/logo-made-in-italy-2021-pejwdr4lrjsotz7dfd1t8zbns1qinxl65uxe937wfo.png\" title=\"logo made-in-italy-2021\" alt=\"logo made-in-italy-2021\" loading=\"lazy\" \/>\t\t\t\t\t\t\t\t\t\t\t\t\t\t\t<\/div>\n\t\t\t\t<\/div>\n\t\t\t\t<div class=\"elementor-element elementor-element-0fe7c5d elementor-widget elementor-widget-spacer\" data-id=\"0fe7c5d\" data-element_type=\"widget\" data-e-type=\"widget\" data-widget_type=\"spacer.default\">\n\t\t\t\t<div class=\"elementor-widget-container\">\n\t\t\t\t\t\t\t<div class=\"elementor-spacer\">\n\t\t\t<div class=\"elementor-spacer-inner\"><\/div>\n\t\t<\/div>\n\t\t\t\t\t\t<\/div>\n\t\t\t\t<\/div>\n\t\t\t\t\t<\/div>\n\t\t<\/div>\n\t\t\t\t\t<\/div>\n\t\t<\/section>\n\t\t\t\t<\/div>\n\t\t","protected":false},"excerpt":{"rendered":"<p>TAP TRAP ROUGE Previous Next Le pi\u00e8ge \u00e0 insectes \u00e9cologique\u00a0Tap Trap Rouge est\u00a0une variante des pi\u00e8ges \u00e0 insectes Tap Trap, sp\u00e9cifiquement pour la capture massive s\u00e9lective de Drosophila Suzukii (commun\u00e9ment appel\u00e9e la mouche des petits fruits), fl\u00e9au des m\u00fbres, des framboises, des prunes, des cerises, ainsi que de nombreux autres types d&#8217;insectes. L&#8217;utilisation du Tap [&hellip;]<\/p>\n","protected":false},"author":2,"featured_media":0,"parent":972,"menu_order":0,"comment_status":"closed","ping_status":"closed","template":"","meta":{"_acf_changed":false,"footnotes":""},"class_list":["post-1194","page","type-page","status-publish","hentry"],"acf":[],"_links":{"self":[{"href":"https:\/\/www.taptrap.com\/fr\/wp-json\/wp\/v2\/pages\/1194","targetHints":{"allow":["GET"]}}],"collection":[{"href":"https:\/\/www.taptrap.com\/fr\/wp-json\/wp\/v2\/pages"}],"about":[{"href":"https:\/\/www.taptrap.com\/fr\/wp-json\/wp\/v2\/types\/page"}],"author":[{"embeddable":true,"href":"https:\/\/www.taptrap.com\/fr\/wp-json\/wp\/v2\/users\/2"}],"replies":[{"embeddable":true,"href":"https:\/\/www.taptrap.com\/fr\/wp-json\/wp\/v2\/comments?post=1194"}],"version-history":[{"count":15,"href":"https:\/\/www.taptrap.com\/fr\/wp-json\/wp\/v2\/pages\/1194\/revisions"}],"predecessor-version":[{"id":7053,"href":"https:\/\/www.taptrap.com\/fr\/wp-json\/wp\/v2\/pages\/1194\/revisions\/7053"}],"up":[{"embeddable":true,"href":"https:\/\/www.taptrap.com\/fr\/wp-json\/wp\/v2\/pages\/972"}],"wp:attachment":[{"href":"https:\/\/www.taptrap.com\/fr\/wp-json\/wp\/v2\/media?parent=1194"}],"curies":[{"name":"wp","href":"https:\/\/api.w.org\/{rel}","templated":true}]}}