{"id":1204,"date":"2021-04-11T23:02:18","date_gmt":"2021-04-11T21:02:18","guid":{"rendered":"https:\/\/www.taptrap.com\/piege\/vaso-trap-rouge\/"},"modified":"2022-07-22T11:54:08","modified_gmt":"2022-07-22T09:54:08","slug":"vaso-trap-rouge","status":"publish","type":"page","link":"https:\/\/www.taptrap.com\/fr\/piege\/vaso-trap-rouge\/","title":{"rendered":"Vaso Trap Rouge"},"content":{"rendered":"\t\t<div data-elementor-type=\"wp-page\" data-elementor-id=\"1204\" class=\"elementor elementor-1204 elementor-695\" data-elementor-post-type=\"page\">\n\t\t\t\t\t\t<section class=\"elementor-section elementor-top-section elementor-element elementor-element-bb3c195 elementor-section-boxed elementor-section-height-default elementor-section-height-default\" data-id=\"bb3c195\" data-element_type=\"section\" data-e-type=\"section\">\n\t\t\t\t\t\t<div class=\"elementor-container elementor-column-gap-default\">\n\t\t\t\t\t<div class=\"elementor-column elementor-col-100 elementor-top-column elementor-element elementor-element-5811b06\" data-id=\"5811b06\" data-element_type=\"column\" data-e-type=\"column\">\n\t\t\t<div class=\"elementor-widget-wrap elementor-element-populated\">\n\t\t\t\t\t\t<section class=\"elementor-section elementor-inner-section elementor-element elementor-element-0831f3d elementor-section-boxed elementor-section-height-default elementor-section-height-default\" data-id=\"0831f3d\" data-element_type=\"section\" data-e-type=\"section\">\n\t\t\t\t\t\t<div class=\"elementor-container elementor-column-gap-default\">\n\t\t\t\t\t<div class=\"elementor-column elementor-col-50 elementor-inner-column elementor-element elementor-element-8d81e5b\" data-id=\"8d81e5b\" data-element_type=\"column\" data-e-type=\"column\">\n\t\t\t<div class=\"elementor-widget-wrap elementor-element-populated\">\n\t\t\t\t\t\t<div class=\"elementor-element elementor-element-310366a elementor-widget elementor-widget-image\" data-id=\"310366a\" data-element_type=\"widget\" data-e-type=\"widget\" data-widget_type=\"image.default\">\n\t\t\t\t<div class=\"elementor-widget-container\">\n\t\t\t\t\t\t\t\t\t\t\t\t\t\t\t<img decoding=\"async\" width=\"197\" height=\"197\" src=\"https:\/\/www.taptrap.com\/wp-content\/uploads\/2021\/04\/vaso-trap-rosso-e1633951660982.jpg\" class=\"attachment-large size-large wp-image-431\" alt=\"vaso-trap-rosso-per-drosophila-suzukii\" srcset=\"https:\/\/www.taptrap.com\/wp-content\/uploads\/2021\/04\/vaso-trap-rosso-e1633951660982.jpg 197w, https:\/\/www.taptrap.com\/wp-content\/uploads\/2021\/04\/vaso-trap-rosso-e1633951660982-100x100.jpg 100w\" sizes=\"(max-width: 197px) 100vw, 197px\" \/>\t\t\t\t\t\t\t\t\t\t\t\t\t\t\t<\/div>\n\t\t\t\t<\/div>\n\t\t\t\t\t<\/div>\n\t\t<\/div>\n\t\t\t\t<div class=\"elementor-column elementor-col-50 elementor-inner-column elementor-element elementor-element-ebc7a8d\" data-id=\"ebc7a8d\" data-element_type=\"column\" data-e-type=\"column\">\n\t\t\t<div class=\"elementor-widget-wrap elementor-element-populated\">\n\t\t\t\t\t\t<div class=\"elementor-element elementor-element-6bf1ac4 elementor-widget elementor-widget-heading\" data-id=\"6bf1ac4\" data-element_type=\"widget\" data-e-type=\"widget\" data-widget_type=\"heading.default\">\n\t\t\t\t<div class=\"elementor-widget-container\">\n\t\t\t\t\t<h1 class=\"elementor-heading-title elementor-size-default\">VASO TRAP ROUGE<\/h1>\t\t\t\t<\/div>\n\t\t\t\t<\/div>\n\t\t\t\t\t<\/div>\n\t\t<\/div>\n\t\t\t\t\t<\/div>\n\t\t<\/section>\n\t\t\t\t\t<\/div>\n\t\t<\/div>\n\t\t\t\t\t<\/div>\n\t\t<\/section>\n\t\t\t\t<section class=\"elementor-section elementor-top-section elementor-element elementor-element-cdaceb1 elementor-section-boxed elementor-section-height-default elementor-section-height-default\" data-id=\"cdaceb1\" data-element_type=\"section\" data-e-type=\"section\">\n\t\t\t\t\t\t<div class=\"elementor-container elementor-column-gap-default\">\n\t\t\t\t\t<div class=\"elementor-column elementor-col-100 elementor-top-column elementor-element elementor-element-32ac7da\" data-id=\"32ac7da\" data-element_type=\"column\" data-e-type=\"column\">\n\t\t\t<div class=\"elementor-widget-wrap elementor-element-populated\">\n\t\t\t\t\t\t<section class=\"elementor-section elementor-inner-section elementor-element elementor-element-0a382be elementor-section-boxed elementor-section-height-default elementor-section-height-default\" data-id=\"0a382be\" data-element_type=\"section\" data-e-type=\"section\">\n\t\t\t\t\t\t<div class=\"elementor-container elementor-column-gap-default\">\n\t\t\t\t\t<div class=\"elementor-column elementor-col-50 elementor-inner-column elementor-element elementor-element-7c01be8\" data-id=\"7c01be8\" data-element_type=\"column\" data-e-type=\"column\">\n\t\t\t<div class=\"elementor-widget-wrap elementor-element-populated\">\n\t\t\t\t\t\t<div class=\"elementor-element elementor-element-499fad4 elementor--h-position-center elementor--v-position-middle elementor-arrows-position-inside elementor-pagination-position-inside elementor-widget elementor-widget-slides\" data-id=\"499fad4\" data-element_type=\"widget\" data-e-type=\"widget\" data-settings=\"{&quot;navigation&quot;:&quot;both&quot;,&quot;autoplay&quot;:&quot;yes&quot;,&quot;pause_on_hover&quot;:&quot;yes&quot;,&quot;pause_on_interaction&quot;:&quot;yes&quot;,&quot;autoplay_speed&quot;:5000,&quot;infinite&quot;:&quot;yes&quot;,&quot;transition&quot;:&quot;slide&quot;,&quot;transition_speed&quot;:500}\" data-widget_type=\"slides.default\">\n\t\t\t\t<div class=\"elementor-widget-container\">\n\t\t\t\t\t\t\t\t\t<div class=\"elementor-swiper\">\n\t\t\t\t\t<div class=\"elementor-slides-wrapper elementor-main-swiper swiper\" role=\"region\" aria-roledescription=\"carousel\" aria-label=\"Diapositives\" dir=\"ltr\" data-animation=\"fadeInUp\">\n\t\t\t\t<div class=\"swiper-wrapper elementor-slides\">\n\t\t\t\t\t\t\t\t\t\t<div class=\"elementor-repeater-item-5d37b70 swiper-slide\" role=\"group\" aria-roledescription=\"slide\"><div class=\"swiper-slide-bg\" role=\"img\" aria-label=\"Vaso-Trap-drosophila-suzukii-2\"><\/div><div class=\"swiper-slide-inner\" ><div class=\"swiper-slide-contents\"><\/div><\/div><\/div><div class=\"elementor-repeater-item-f852f5d swiper-slide\" role=\"group\" aria-roledescription=\"slide\"><div class=\"swiper-slide-bg\" role=\"img\" aria-label=\"Vaso-Trap-drosophila-suzukii-1\"><\/div><div class=\"swiper-slide-inner\" ><div class=\"swiper-slide-contents\"><\/div><\/div><\/div><div class=\"elementor-repeater-item-600c0bf swiper-slide\" role=\"group\" aria-roledescription=\"slide\"><div class=\"swiper-slide-bg\" role=\"img\" aria-label=\"Vaso-Trap-rouge-suzukii\"><\/div><div class=\"swiper-slide-inner\" ><div class=\"swiper-slide-contents\"><\/div><\/div><\/div><div class=\"elementor-repeater-item-671c246 swiper-slide\" role=\"group\" aria-roledescription=\"slide\"><div class=\"swiper-slide-bg\" role=\"img\" aria-label=\"Vaso-Trap-moucheron-asiatique-suzukii\"><\/div><div class=\"swiper-slide-inner\" ><div class=\"swiper-slide-contents\"><\/div><\/div><\/div>\t\t\t\t<\/div>\n\t\t\t\t\t\t\t\t\t\t\t\t\t\t\t<div class=\"elementor-swiper-button elementor-swiper-button-prev\" role=\"button\" tabindex=\"0\" aria-label=\"Diapositive pr\u00e9c\u00e9dente\">\n\t\t\t\t\t\t\t<i aria-hidden=\"true\" class=\"eicon-chevron-left\"><\/i>\t\t\t\t\t\t<\/div>\n\t\t\t\t\t\t<div class=\"elementor-swiper-button elementor-swiper-button-next\" role=\"button\" tabindex=\"0\" aria-label=\"Diapositive suivante\">\n\t\t\t\t\t\t\t<i aria-hidden=\"true\" class=\"eicon-chevron-right\"><\/i>\t\t\t\t\t\t<\/div>\n\t\t\t\t\t\t\t\t\t\t\t\t\t\t\t\t<div class=\"swiper-pagination\"><\/div>\n\t\t\t\t\t\t\t\t\t\t\t\t<\/div>\n\t\t\t\t<\/div>\n\t\t\t\t\t\t\t\t<\/div>\n\t\t\t\t<\/div>\n\t\t\t\t\t<\/div>\n\t\t<\/div>\n\t\t\t\t<div class=\"elementor-column elementor-col-50 elementor-inner-column elementor-element elementor-element-954e77c\" data-id=\"954e77c\" data-element_type=\"column\" data-e-type=\"column\">\n\t\t\t<div class=\"elementor-widget-wrap elementor-element-populated\">\n\t\t\t\t\t\t<div class=\"elementor-element elementor-element-0312ec3 elementor-widget elementor-widget-text-editor\" data-id=\"0312ec3\" data-element_type=\"widget\" data-e-type=\"widget\" data-widget_type=\"text-editor.default\">\n\t\t\t\t<div class=\"elementor-widget-container\">\n\t\t\t\t\t\t\t\t\t<p class=\"text-align-justify\"><strong>Le pi\u00e8ge \u00e0 insectes \u00e9cologique<\/strong>\u00a0Vaso Trap Rouge est\u00a0une variante des pi\u00e8ges \u00e0 insectes Tap Trap\u00a0et Vaso Trap, sp\u00e9cifiquement pour la capture massive s\u00e9lective de Drosophila Suzukii (commun\u00e9ment appel\u00e9e la mouche des petits fruits).<\/p>\n<p class=\"text-align-justify\">Fabriqu\u00e9s dans la m\u00eame mati\u00e8re plastique que les pi\u00e8ges originaux, r\u00e9sistants dans le temps et polyvalents dans leur utilisation, ce pi\u00e8ge a\u00a0donn\u00e9 d&#8217;excellents r\u00e9sultats dans les essais de pi\u00e9geage s\u00e9lectif de masse sur le terrain, confirmant avec succ\u00e8s son efficacit\u00e9 gr\u00e2ce \u00e0 la\u00a0<strong>forte attraction visuelle\u00a0<\/strong>donn\u00e9e par la couleur rouge, pr\u00e9f\u00e9r\u00e9e par la Drosophila Suzukii, comme premi\u00e8re attractivit\u00e9 pour la mouche des petits fruits, et \u00e0 l&#8217;attrait de l&#8217;app\u00e2t alimentaire test\u00e9 avec un excellent succ\u00e8s.<\/p>\n\t\t\t\t\t\t\t\t<\/div>\n\t\t\t\t<\/div>\n\t\t\t\t\t<\/div>\n\t\t<\/div>\n\t\t\t\t\t<\/div>\n\t\t<\/section>\n\t\t\t\t\t<\/div>\n\t\t<\/div>\n\t\t\t\t\t<\/div>\n\t\t<\/section>\n\t\t\t\t<section class=\"elementor-section elementor-top-section elementor-element elementor-element-e7013c4 elementor-section-boxed elementor-section-height-default elementor-section-height-default\" data-id=\"e7013c4\" data-element_type=\"section\" data-e-type=\"section\">\n\t\t\t\t\t\t<div class=\"elementor-container elementor-column-gap-default\">\n\t\t\t\t\t<div class=\"elementor-column elementor-col-100 elementor-top-column elementor-element elementor-element-387173b\" data-id=\"387173b\" data-element_type=\"column\" data-e-type=\"column\">\n\t\t\t<div class=\"elementor-widget-wrap elementor-element-populated\">\n\t\t\t\t\t\t<div class=\"elementor-element elementor-element-37e86dd elementor-widget elementor-widget-text-editor\" data-id=\"37e86dd\" data-element_type=\"widget\" data-e-type=\"widget\" data-widget_type=\"text-editor.default\">\n\t\t\t\t<div class=\"elementor-widget-container\">\n\t\t\t\t\t\t\t\t\t<p>Id\u00e9al\u00a0\u00e0 la surveillance dans le but d&#8217;une capture s\u00e9lective de masse, Vaso Trap\u00a0Rouge est \u00e9quip\u00e9 d&#8217;un entonnoir modifi\u00e9 qui permet une\u00a0<strong>s\u00e9lection exclusive<\/strong>\u00a0de Drosophila\u00a0Suzukii, emp\u00eachant l&#8217;entr\u00e9e dans le pi\u00e8ge d&#8217;autres insectes int\u00e9ress\u00e9s par la pr\u00e9paration des aliments.<\/p>\n\t\t\t\t\t\t\t\t<\/div>\n\t\t\t\t<\/div>\n\t\t\t\t\t<\/div>\n\t\t<\/div>\n\t\t\t\t\t<\/div>\n\t\t<\/section>\n\t\t\t\t<section class=\"elementor-section elementor-top-section elementor-element elementor-element-741282b elementor-section-boxed elementor-section-height-default elementor-section-height-default\" data-id=\"741282b\" data-element_type=\"section\" data-e-type=\"section\" data-settings=\"{&quot;background_background&quot;:&quot;classic&quot;}\">\n\t\t\t\t\t\t<div class=\"elementor-container elementor-column-gap-default\">\n\t\t\t\t\t<div class=\"elementor-column elementor-col-100 elementor-top-column elementor-element elementor-element-0138d3f\" data-id=\"0138d3f\" data-element_type=\"column\" data-e-type=\"column\">\n\t\t\t<div class=\"elementor-widget-wrap elementor-element-populated\">\n\t\t\t\t\t\t<div class=\"elementor-element elementor-element-75a1580 elementor-widget elementor-widget-heading\" data-id=\"75a1580\" data-element_type=\"widget\" data-e-type=\"widget\" data-widget_type=\"heading.default\">\n\t\t\t\t<div class=\"elementor-widget-container\">\n\t\t\t\t\t<h2 class=\"elementor-heading-title elementor-size-default\">O\u00d9 ACHETER VASO TRAP ROUGE?<\/h2>\t\t\t\t<\/div>\n\t\t\t\t<\/div>\n\t\t\t\t<div class=\"elementor-element elementor-element-62e4ec2 elementor-widget elementor-widget-text-editor\" data-id=\"62e4ec2\" data-element_type=\"widget\" data-e-type=\"widget\" data-widget_type=\"text-editor.default\">\n\t\t\t\t<div class=\"elementor-widget-container\">\n\t\t\t\t\t\t\t\t\t<p style=\"text-align: center;\">Vous pouvez trouver <strong>Vaso Trap rouge<\/strong> dans les meilleurs <strong>magasins agricoles, jardineries et quincailleries<\/strong>.<\/p>\t\t\t\t\t\t\t\t<\/div>\n\t\t\t\t<\/div>\n\t\t\t\t<div class=\"elementor-element elementor-element-c68e29a elementor-align-center elementor-widget elementor-widget-button\" data-id=\"c68e29a\" data-element_type=\"widget\" data-e-type=\"widget\" data-widget_type=\"button.default\">\n\t\t\t\t<div class=\"elementor-widget-container\">\n\t\t\t\t\t\t\t\t\t<div class=\"elementor-button-wrapper\">\n\t\t\t\t\t<a class=\"elementor-button elementor-button-link elementor-size-sm\" href=\"https:\/\/www.taptrap.com\/fr\/distributeurs\/#france\">\n\t\t\t\t\t\t<span class=\"elementor-button-content-wrapper\">\n\t\t\t\t\t\t<span class=\"elementor-button-icon\">\n\t\t\t\t<i aria-hidden=\"true\" class=\"fas fa-angle-right\"><\/i>\t\t\t<\/span>\n\t\t\t\t\t\t\t\t\t<span class=\"elementor-button-text\">TROUVER UN REVENDEUR<\/span>\n\t\t\t\t\t<\/span>\n\t\t\t\t\t<\/a>\n\t\t\t\t<\/div>\n\t\t\t\t\t\t\t\t<\/div>\n\t\t\t\t<\/div>\n\t\t\t\t\t<\/div>\n\t\t<\/div>\n\t\t\t\t\t<\/div>\n\t\t<\/section>\n\t\t\t\t<section class=\"elementor-section elementor-top-section elementor-element elementor-element-2796e25 elementor-section-boxed elementor-section-height-default elementor-section-height-default\" data-id=\"2796e25\" data-element_type=\"section\" data-e-type=\"section\">\n\t\t\t\t\t\t<div class=\"elementor-container elementor-column-gap-default\">\n\t\t\t\t\t<div class=\"elementor-column elementor-col-100 elementor-top-column elementor-element elementor-element-2f0b407\" data-id=\"2f0b407\" data-element_type=\"column\" data-e-type=\"column\">\n\t\t\t<div class=\"elementor-widget-wrap elementor-element-populated\">\n\t\t\t\t\t\t<div class=\"elementor-element elementor-element-5ecd28a elementor-widget elementor-widget-heading\" data-id=\"5ecd28a\" data-element_type=\"widget\" data-e-type=\"widget\" data-widget_type=\"heading.default\">\n\t\t\t\t<div class=\"elementor-widget-container\">\n\t\t\t\t\t<h2 class=\"elementor-heading-title elementor-size-default\">LA RECETTE RECOMMAND\u00c9E POUR LE PI\u00c8GEAGE DE DROSOPHILA S.<\/h2>\t\t\t\t<\/div>\n\t\t\t\t<\/div>\n\t\t\t\t<div class=\"elementor-element elementor-element-806deae elementor-widget elementor-widget-heading\" data-id=\"806deae\" data-element_type=\"widget\" data-e-type=\"widget\" data-widget_type=\"heading.default\">\n\t\t\t\t<div class=\"elementor-widget-container\">\n\t\t\t\t\t<h4 class=\"elementor-heading-title elementor-size-default\">Utilisez ces quantit\u00e9s avec Vaso Trap rouge<\/h4>\t\t\t\t<\/div>\n\t\t\t\t<\/div>\n\t\t\t\t\t<\/div>\n\t\t<\/div>\n\t\t\t\t\t<\/div>\n\t\t<\/section>\n\t\t\t\t<section class=\"elementor-section elementor-top-section elementor-element elementor-element-399e040 elementor-section-boxed elementor-section-height-default elementor-section-height-default\" data-id=\"399e040\" data-element_type=\"section\" data-e-type=\"section\">\n\t\t\t\t\t\t<div class=\"elementor-container elementor-column-gap-default\">\n\t\t\t\t\t<div class=\"elementor-column elementor-col-100 elementor-top-column elementor-element elementor-element-1dbf906\" data-id=\"1dbf906\" data-element_type=\"column\" data-e-type=\"column\">\n\t\t\t<div class=\"elementor-widget-wrap elementor-element-populated\">\n\t\t\t\t\t\t<div class=\"elementor-element elementor-element-0c20ec5 elementor-tabs-view-vertical elementor-widget elementor-widget-tabs\" data-id=\"0c20ec5\" data-element_type=\"widget\" data-e-type=\"widget\" data-widget_type=\"tabs.default\">\n\t\t\t\t<div class=\"elementor-widget-container\">\n\t\t\t\t\t\t\t<div class=\"elementor-tabs\">\n\t\t\t<div class=\"elementor-tabs-wrapper\" role=\"tablist\" >\n\t\t\t\t\t\t\t\t\t<div id=\"elementor-tab-title-1271\" class=\"elementor-tab-title elementor-tab-desktop-title\" aria-selected=\"true\" data-tab=\"1\" role=\"tab\" tabindex=\"0\" aria-controls=\"elementor-tab-content-1271\" aria-expanded=\"false\">DROSOPHILA SUZUKII (Moucheron Asiatique) - Vaso Trap rouge  <\/div>\n\t\t\t\t\t\t\t<\/div>\n\t\t\t<div class=\"elementor-tabs-content-wrapper\" role=\"tablist\" aria-orientation=\"vertical\">\n\t\t\t\t\t\t\t\t\t<div class=\"elementor-tab-title elementor-tab-mobile-title\" aria-selected=\"true\" data-tab=\"1\" role=\"tab\" tabindex=\"0\" aria-controls=\"elementor-tab-content-1271\" aria-expanded=\"false\">DROSOPHILA SUZUKII (Moucheron Asiatique) - Vaso Trap rouge  <\/div>\n\t\t\t\t\t<div id=\"elementor-tab-content-1271\" class=\"elementor-tab-content elementor-clearfix\" data-tab=\"1\" role=\"tabpanel\" aria-labelledby=\"elementor-tab-title-1271\" tabindex=\"0\" hidden=\"false\"><p class=\"text-align-justify\"><u>Utilisez ce pi\u00e8ge pour<\/u>:\u00a0<mark>Plantes de petits fruits: cerises, fraises, m\u00fbres, framboises, groseilles, myrtilles, ecc.<\/mark><\/p>\n<p class=\"text-align-justify\"><u>Utilisez les quantit\u00e9s suivantes avec<\/u>: Vaso<mark>\u00a0Trap Rouge<\/mark><\/p>\n<p class=\"text-align-justify\"><u>Comment faire<\/u>: Introduire dans le bocal 250ml de vinaigre de pomme + 100ml de vin rouge + un cuill\u00e8re \u00e0 soupe de sucre<\/p>\n<p class=\"text-align-justify\"><u>Refaire l&#8217;app\u00e2t<\/u>:\u00a0<mark>OUI, toujours chaque 15 jours<\/mark><\/p>\n<p class=\"text-align-justify\">L&#8217;app\u00e2t est test\u00e9 et recommand\u00e9 par la Fondation Edmund Mach <a href=\"http:\/\/www.fmach.it\/\" target=\"_blank\" rel=\"noopener\">FEM<\/a> \u00e0 San Michele all&#8217;Adige (TN) avec d&#8217;excellents r\u00e9sultats.<\/p>\n<\/div>\n\t\t\t\t\t\t\t<\/div>\n\t\t<\/div>\n\t\t\t\t\t\t<\/div>\n\t\t\t\t<\/div>\n\t\t\t\t\t<\/div>\n\t\t<\/div>\n\t\t\t\t\t<\/div>\n\t\t<\/section>\n\t\t\t\t<section class=\"elementor-section elementor-top-section elementor-element elementor-element-3a8f69a elementor-section-boxed elementor-section-height-default elementor-section-height-default\" data-id=\"3a8f69a\" data-element_type=\"section\" data-e-type=\"section\">\n\t\t\t\t\t\t<div class=\"elementor-container elementor-column-gap-default\">\n\t\t\t\t\t<div class=\"elementor-column elementor-col-100 elementor-top-column elementor-element elementor-element-7093590\" data-id=\"7093590\" data-element_type=\"column\" data-e-type=\"column\">\n\t\t\t<div class=\"elementor-widget-wrap elementor-element-populated\">\n\t\t\t\t\t\t<div class=\"elementor-element elementor-element-ea7cfb4 elementor-widget elementor-widget-heading\" data-id=\"ea7cfb4\" data-element_type=\"widget\" data-e-type=\"widget\" data-widget_type=\"heading.default\">\n\t\t\t\t<div class=\"elementor-widget-container\">\n\t\t\t\t\t<h2 class=\"elementor-heading-title elementor-size-default\">O\u00d9 L'ON UTILISE LE PI\u00c8GE POUR DROSOPHILA<\/h2>\t\t\t\t<\/div>\n\t\t\t\t<\/div>\n\t\t\t\t\t<\/div>\n\t\t<\/div>\n\t\t\t\t\t<\/div>\n\t\t<\/section>\n\t\t\t\t<section class=\"elementor-section elementor-top-section elementor-element elementor-element-2e01c35 elementor-section-boxed elementor-section-height-default elementor-section-height-default\" data-id=\"2e01c35\" data-element_type=\"section\" data-e-type=\"section\">\n\t\t\t\t\t\t<div class=\"elementor-container elementor-column-gap-default\">\n\t\t\t\t\t<div class=\"elementor-column elementor-col-100 elementor-top-column elementor-element elementor-element-540062f\" data-id=\"540062f\" data-element_type=\"column\" data-e-type=\"column\">\n\t\t\t<div class=\"elementor-widget-wrap elementor-element-populated\">\n\t\t\t\t\t\t<div class=\"elementor-element elementor-element-8af61fe elementor-widget elementor-widget-text-editor\" data-id=\"8af61fe\" data-element_type=\"widget\" data-e-type=\"widget\" data-widget_type=\"text-editor.default\">\n\t\t\t\t<div class=\"elementor-widget-container\">\n\t\t\t\t\t\t\t\t\t<p>Il y a beaucoup de cultures qui peuvent \u00eatre d\u00e9fendues avec l&#8217;utilisation de Vaso Trap rouge :<\/p><ul><li>Baies (m\u00fbres, myrtilles, groseilles, framboises, raisins, baies de sureau)<\/li><li>Petits fruits \u00e0 chair molle (fraises, abricots, p\u00eaches, kaki, kiwis, figues)<\/li><li>Fruits \u00e0 p\u00e9pins (les pommes et les poires ne sont attaqu\u00e9es que si elles sont d\u00e9j\u00e0 endommag\u00e9es)<\/li><\/ul>\t\t\t\t\t\t\t\t<\/div>\n\t\t\t\t<\/div>\n\t\t\t\t<div class=\"elementor-element elementor-element-fd7b684 elementor-widget elementor-widget-image\" data-id=\"fd7b684\" data-element_type=\"widget\" data-e-type=\"widget\" data-widget_type=\"image.default\">\n\t\t\t\t<div class=\"elementor-widget-container\">\n\t\t\t\t\t\t\t\t\t\t\t\t\t\t\t<img decoding=\"async\" src=\"https:\/\/www.taptrap.com\/wp-content\/uploads\/elementor\/thumbs\/logo-made-in-italy-2021-pejwdr4lrjsotz7dfd1t8zbns1qinxl65uxe937wfo.png\" title=\"logo made-in-italy-2021\" alt=\"logo made-in-italy-2021\" loading=\"lazy\" \/>\t\t\t\t\t\t\t\t\t\t\t\t\t\t\t<\/div>\n\t\t\t\t<\/div>\n\t\t\t\t<div class=\"elementor-element elementor-element-95898fc elementor-widget elementor-widget-spacer\" data-id=\"95898fc\" data-element_type=\"widget\" data-e-type=\"widget\" data-widget_type=\"spacer.default\">\n\t\t\t\t<div class=\"elementor-widget-container\">\n\t\t\t\t\t\t\t<div class=\"elementor-spacer\">\n\t\t\t<div class=\"elementor-spacer-inner\"><\/div>\n\t\t<\/div>\n\t\t\t\t\t\t<\/div>\n\t\t\t\t<\/div>\n\t\t\t\t\t<\/div>\n\t\t<\/div>\n\t\t\t\t\t<\/div>\n\t\t<\/section>\n\t\t\t\t<\/div>\n\t\t","protected":false},"excerpt":{"rendered":"<p>VASO TRAP ROUGE Previous Next Le pi\u00e8ge \u00e0 insectes \u00e9cologique\u00a0Vaso Trap Rouge est\u00a0une variante des pi\u00e8ges \u00e0 insectes Tap Trap\u00a0et Vaso Trap, sp\u00e9cifiquement pour la capture massive s\u00e9lective de Drosophila Suzukii (commun\u00e9ment appel\u00e9e la mouche des petits fruits). Fabriqu\u00e9s dans la m\u00eame mati\u00e8re plastique que les pi\u00e8ges originaux, r\u00e9sistants dans le temps et polyvalents dans [&hellip;]<\/p>\n","protected":false},"author":2,"featured_media":0,"parent":972,"menu_order":0,"comment_status":"closed","ping_status":"closed","template":"","meta":{"_acf_changed":false,"footnotes":""},"class_list":["post-1204","page","type-page","status-publish","hentry"],"acf":[],"_links":{"self":[{"href":"https:\/\/www.taptrap.com\/fr\/wp-json\/wp\/v2\/pages\/1204","targetHints":{"allow":["GET"]}}],"collection":[{"href":"https:\/\/www.taptrap.com\/fr\/wp-json\/wp\/v2\/pages"}],"about":[{"href":"https:\/\/www.taptrap.com\/fr\/wp-json\/wp\/v2\/types\/page"}],"author":[{"embeddable":true,"href":"https:\/\/www.taptrap.com\/fr\/wp-json\/wp\/v2\/users\/2"}],"replies":[{"embeddable":true,"href":"https:\/\/www.taptrap.com\/fr\/wp-json\/wp\/v2\/comments?post=1204"}],"version-history":[{"count":15,"href":"https:\/\/www.taptrap.com\/fr\/wp-json\/wp\/v2\/pages\/1204\/revisions"}],"predecessor-version":[{"id":7040,"href":"https:\/\/www.taptrap.com\/fr\/wp-json\/wp\/v2\/pages\/1204\/revisions\/7040"}],"up":[{"embeddable":true,"href":"https:\/\/www.taptrap.com\/fr\/wp-json\/wp\/v2\/pages\/972"}],"wp:attachment":[{"href":"https:\/\/www.taptrap.com\/fr\/wp-json\/wp\/v2\/media?parent=1204"}],"curies":[{"name":"wp","href":"https:\/\/api.w.org\/{rel}","templated":true}]}}