{"id":1230,"date":"2021-04-11T23:14:36","date_gmt":"2021-04-11T21:14:36","guid":{"rendered":"https:\/\/www.taptrap.com\/piege\/lima-trap\/"},"modified":"2022-07-25T11:42:02","modified_gmt":"2022-07-25T09:42:02","slug":"lima-trap","status":"publish","type":"page","link":"https:\/\/www.taptrap.com\/fr\/piege\/lima-trap\/","title":{"rendered":"Lima Trap"},"content":{"rendered":"\t\t<div data-elementor-type=\"wp-page\" data-elementor-id=\"1230\" class=\"elementor elementor-1230 elementor-714\" data-elementor-post-type=\"page\">\n\t\t\t\t\t\t<section class=\"elementor-section elementor-top-section elementor-element elementor-element-bb3c195 elementor-section-boxed elementor-section-height-default elementor-section-height-default\" data-id=\"bb3c195\" data-element_type=\"section\" data-e-type=\"section\">\n\t\t\t\t\t\t<div class=\"elementor-container elementor-column-gap-default\">\n\t\t\t\t\t<div class=\"elementor-column elementor-col-100 elementor-top-column elementor-element elementor-element-5811b06\" data-id=\"5811b06\" data-element_type=\"column\" data-e-type=\"column\">\n\t\t\t<div class=\"elementor-widget-wrap elementor-element-populated\">\n\t\t\t\t\t\t<section class=\"elementor-section elementor-inner-section elementor-element elementor-element-0831f3d elementor-section-boxed elementor-section-height-default elementor-section-height-default\" data-id=\"0831f3d\" data-element_type=\"section\" data-e-type=\"section\">\n\t\t\t\t\t\t<div class=\"elementor-container elementor-column-gap-default\">\n\t\t\t\t\t<div class=\"elementor-column elementor-col-50 elementor-inner-column elementor-element elementor-element-8d81e5b\" data-id=\"8d81e5b\" data-element_type=\"column\" data-e-type=\"column\">\n\t\t\t<div class=\"elementor-widget-wrap elementor-element-populated\">\n\t\t\t\t\t\t<div class=\"elementor-element elementor-element-310366a elementor-widget elementor-widget-image\" data-id=\"310366a\" data-element_type=\"widget\" data-e-type=\"widget\" data-widget_type=\"image.default\">\n\t\t\t\t<div class=\"elementor-widget-container\">\n\t\t\t\t\t\t\t\t\t\t\t\t\t\t\t<img decoding=\"async\" width=\"197\" height=\"197\" src=\"https:\/\/www.taptrap.com\/wp-content\/uploads\/2021\/04\/lima-trap.jpg\" class=\"attachment-large size-large wp-image-428\" alt=\"\" srcset=\"https:\/\/www.taptrap.com\/wp-content\/uploads\/2021\/04\/lima-trap.jpg 197w, https:\/\/www.taptrap.com\/wp-content\/uploads\/2021\/04\/lima-trap-100x100.jpg 100w, https:\/\/www.taptrap.com\/wp-content\/uploads\/2021\/04\/lima-trap-150x150.jpg 150w\" sizes=\"(max-width: 197px) 100vw, 197px\" \/>\t\t\t\t\t\t\t\t\t\t\t\t\t\t\t<\/div>\n\t\t\t\t<\/div>\n\t\t\t\t\t<\/div>\n\t\t<\/div>\n\t\t\t\t<div class=\"elementor-column elementor-col-50 elementor-inner-column elementor-element elementor-element-ebc7a8d\" data-id=\"ebc7a8d\" data-element_type=\"column\" data-e-type=\"column\">\n\t\t\t<div class=\"elementor-widget-wrap elementor-element-populated\">\n\t\t\t\t\t\t<div class=\"elementor-element elementor-element-6bf1ac4 elementor-widget elementor-widget-heading\" data-id=\"6bf1ac4\" data-element_type=\"widget\" data-e-type=\"widget\" data-widget_type=\"heading.default\">\n\t\t\t\t<div class=\"elementor-widget-container\">\n\t\t\t\t\t<h1 class=\"elementor-heading-title elementor-size-default\">LIMA TRAP<\/h1>\t\t\t\t<\/div>\n\t\t\t\t<\/div>\n\t\t\t\t<div class=\"elementor-element elementor-element-2af7544 elementor-widget elementor-widget-heading\" data-id=\"2af7544\" data-element_type=\"widget\" data-e-type=\"widget\" data-widget_type=\"heading.default\">\n\t\t\t\t<div class=\"elementor-widget-container\">\n\t\t\t\t\t<h2 class=\"elementor-heading-title elementor-size-default\">Pi\u00e8ge \u00e0 escargots et limaces<\/h2>\t\t\t\t<\/div>\n\t\t\t\t<\/div>\n\t\t\t\t\t<\/div>\n\t\t<\/div>\n\t\t\t\t\t<\/div>\n\t\t<\/section>\n\t\t\t\t\t<\/div>\n\t\t<\/div>\n\t\t\t\t\t<\/div>\n\t\t<\/section>\n\t\t\t\t<section class=\"elementor-section elementor-top-section elementor-element elementor-element-cdaceb1 elementor-section-boxed elementor-section-height-default elementor-section-height-default\" data-id=\"cdaceb1\" data-element_type=\"section\" data-e-type=\"section\">\n\t\t\t\t\t\t<div class=\"elementor-container elementor-column-gap-default\">\n\t\t\t\t\t<div class=\"elementor-column elementor-col-100 elementor-top-column elementor-element elementor-element-32ac7da\" data-id=\"32ac7da\" data-element_type=\"column\" data-e-type=\"column\">\n\t\t\t<div class=\"elementor-widget-wrap elementor-element-populated\">\n\t\t\t\t\t\t<section class=\"elementor-section elementor-inner-section elementor-element elementor-element-0a382be elementor-section-boxed elementor-section-height-default elementor-section-height-default\" data-id=\"0a382be\" data-element_type=\"section\" data-e-type=\"section\">\n\t\t\t\t\t\t<div class=\"elementor-container elementor-column-gap-default\">\n\t\t\t\t\t<div class=\"elementor-column elementor-col-50 elementor-inner-column elementor-element elementor-element-7c01be8\" data-id=\"7c01be8\" data-element_type=\"column\" data-e-type=\"column\">\n\t\t\t<div class=\"elementor-widget-wrap elementor-element-populated\">\n\t\t\t\t\t\t<div class=\"elementor-element elementor-element-499fad4 elementor--h-position-center elementor--v-position-middle elementor-arrows-position-inside elementor-pagination-position-inside elementor-widget elementor-widget-slides\" data-id=\"499fad4\" data-element_type=\"widget\" data-e-type=\"widget\" data-settings=\"{&quot;navigation&quot;:&quot;both&quot;,&quot;autoplay&quot;:&quot;yes&quot;,&quot;pause_on_hover&quot;:&quot;yes&quot;,&quot;pause_on_interaction&quot;:&quot;yes&quot;,&quot;autoplay_speed&quot;:5000,&quot;infinite&quot;:&quot;yes&quot;,&quot;transition&quot;:&quot;slide&quot;,&quot;transition_speed&quot;:500}\" data-widget_type=\"slides.default\">\n\t\t\t\t<div class=\"elementor-widget-container\">\n\t\t\t\t\t\t\t\t\t<div class=\"elementor-swiper\">\n\t\t\t\t\t<div class=\"elementor-slides-wrapper elementor-main-swiper swiper\" role=\"region\" aria-roledescription=\"carousel\" aria-label=\"Diapositives\" dir=\"ltr\" data-animation=\"fadeInUp\">\n\t\t\t\t<div class=\"swiper-wrapper elementor-slides\">\n\t\t\t\t\t\t\t\t\t\t<div class=\"elementor-repeater-item-5d37b70 swiper-slide\" role=\"group\" aria-roledescription=\"slide\"><div class=\"swiper-slide-bg\" role=\"img\" aria-label=\"app\u00e2t-naturel-anti-escargot\"><\/div><div class=\"swiper-slide-inner\" ><div class=\"swiper-slide-contents\"><\/div><\/div><\/div><div class=\"elementor-repeater-item-f852f5d swiper-slide\" role=\"group\" aria-roledescription=\"slide\"><div class=\"swiper-slide-bg\" role=\"img\" aria-label=\"Pi\u00e8ge-\u00e0-limaces\"><\/div><div class=\"swiper-slide-inner\" ><div class=\"swiper-slide-contents\"><\/div><\/div><\/div><div class=\"elementor-repeater-item-1472bd6 swiper-slide\" role=\"group\" aria-roledescription=\"slide\"><div class=\"swiper-slide-bg\" role=\"img\" aria-label=\"lumache-senza-guscio-trappola\"><\/div><div class=\"swiper-slide-inner\" ><div class=\"swiper-slide-contents\"><\/div><\/div><\/div><div class=\"elementor-repeater-item-5f6747d swiper-slide\" role=\"group\" aria-roledescription=\"slide\"><div class=\"swiper-slide-bg\" role=\"img\" aria-label=\"escargots-et-limaces\"><\/div><div class=\"swiper-slide-inner\" ><div class=\"swiper-slide-contents\"><\/div><\/div><\/div><div class=\"elementor-repeater-item-b6d9151 swiper-slide\" role=\"group\" aria-roledescription=\"slide\"><div class=\"swiper-slide-bg\" role=\"img\" aria-label=\"\u00e9liminer-les-escargots-du-jardin\"><\/div><div class=\"swiper-slide-inner\" ><div class=\"swiper-slide-contents\"><\/div><\/div><\/div><div class=\"elementor-repeater-item-adb1085 swiper-slide\" role=\"group\" aria-roledescription=\"slide\"><div class=\"swiper-slide-bg\" role=\"img\" aria-label=\"\u00e9liminer-les-escargots-du-potager\"><\/div><div class=\"swiper-slide-inner\" ><div class=\"swiper-slide-contents\"><\/div><\/div><\/div>\t\t\t\t<\/div>\n\t\t\t\t\t\t\t\t\t\t\t\t\t\t\t<div class=\"elementor-swiper-button elementor-swiper-button-prev\" role=\"button\" tabindex=\"0\" aria-label=\"Diapositive pr\u00e9c\u00e9dente\">\n\t\t\t\t\t\t\t<i aria-hidden=\"true\" class=\"eicon-chevron-left\"><\/i>\t\t\t\t\t\t<\/div>\n\t\t\t\t\t\t<div class=\"elementor-swiper-button elementor-swiper-button-next\" role=\"button\" tabindex=\"0\" aria-label=\"Diapositive suivante\">\n\t\t\t\t\t\t\t<i aria-hidden=\"true\" class=\"eicon-chevron-right\"><\/i>\t\t\t\t\t\t<\/div>\n\t\t\t\t\t\t\t\t\t\t\t\t\t\t\t\t<div class=\"swiper-pagination\"><\/div>\n\t\t\t\t\t\t\t\t\t\t\t\t<\/div>\n\t\t\t\t<\/div>\n\t\t\t\t\t\t\t\t<\/div>\n\t\t\t\t<\/div>\n\t\t\t\t\t<\/div>\n\t\t<\/div>\n\t\t\t\t<div class=\"elementor-column elementor-col-50 elementor-inner-column elementor-element elementor-element-954e77c\" data-id=\"954e77c\" data-element_type=\"column\" data-e-type=\"column\">\n\t\t\t<div class=\"elementor-widget-wrap elementor-element-populated\">\n\t\t\t\t\t\t<div class=\"elementor-element elementor-element-0312ec3 elementor-widget elementor-widget-text-editor\" data-id=\"0312ec3\" data-element_type=\"widget\" data-e-type=\"widget\" data-widget_type=\"text-editor.default\">\n\t\t\t\t<div class=\"elementor-widget-container\">\n\t\t\t\t\t\t\t\t\t<p><strong>Lima Trap<\/strong>\u00a0est un distributeur brevet\u00e9, simple et efficace, pour le contr\u00f4le des escargots et des limaces. Indispensable pour potagers, jardins, viviers, serres, pots de fleurs, etc.)<\/p><h3 style=\"text-align: center;\"><span style=\"font-size: 14pt;\">LES AVANTAGES DE L&#8217;UTILISATION DE LIMA TRAP<\/span><\/h3><p>\u00a0<\/p><p>\u2022 <strong>Protection de l&#8217;app\u00e2t<\/strong> contre les intemp\u00e9ries et, donc, efficacit\u00e9 prolong\u00e9e du produit<br \/>\u2022 <strong>Protection de l&#8217;environnement<\/strong>:\u00a0le produit n&#8217;est pas au contact direct du sol<br \/>\u2022 <strong>Tr\u00e8s forte r\u00e9duction des traces de produit<\/strong> phytosanitaire dans les cultures soumises au traitement de lutte contre les escargots et les limaces<br \/>\u2022 <strong>Pr\u00e9vention des risques d&#8217;empoisonnement<\/strong> des animaux domestiques et sauvages<\/p>\t\t\t\t\t\t\t\t<\/div>\n\t\t\t\t<\/div>\n\t\t\t\t\t<\/div>\n\t\t<\/div>\n\t\t\t\t\t<\/div>\n\t\t<\/section>\n\t\t\t\t\t<\/div>\n\t\t<\/div>\n\t\t\t\t\t<\/div>\n\t\t<\/section>\n\t\t\t\t<section class=\"elementor-section elementor-top-section elementor-element elementor-element-e7013c4 elementor-section-boxed elementor-section-height-default elementor-section-height-default\" data-id=\"e7013c4\" data-element_type=\"section\" data-e-type=\"section\">\n\t\t\t\t\t\t<div class=\"elementor-container elementor-column-gap-default\">\n\t\t\t\t\t<div class=\"elementor-column elementor-col-100 elementor-top-column elementor-element elementor-element-387173b\" data-id=\"387173b\" data-element_type=\"column\" data-e-type=\"column\">\n\t\t\t<div class=\"elementor-widget-wrap elementor-element-populated\">\n\t\t\t\t\t\t<div class=\"elementor-element elementor-element-37e86dd elementor-widget elementor-widget-text-editor\" data-id=\"37e86dd\" data-element_type=\"widget\" data-e-type=\"widget\" data-widget_type=\"text-editor.default\">\n\t\t\t\t<div class=\"elementor-widget-container\">\n\t\t\t\t\t\t\t\t\t<p><strong>Lima Trap<\/strong> est plac\u00e9 dans les zones du potager et du jardin o\u00f9 <strong>les escargots font le plus de d\u00e9g\u00e2ts<\/strong>. Vous pouvez \u00e9galement placer Lima Trap dans des <strong>pots de fleurs et des serres<\/strong>, partout o\u00f9 cela est n\u00e9cessaire, et le d\u00e9placer p\u00e9riodiquement afin de d\u00e9fendre toute la zone qui vous int\u00e9resse. L&#8217;utilisation de Lima Trap est tr\u00e8s simple et r\u00e9duit consid\u00e9rablement le gaspillage de l&#8217;app\u00e2t, tout en garantissant la m\u00eame efficacit\u00e9 de d\u00e9sinfestation, un potager parfaitement sain et une \u00e9pargne \u00e9conomique.<\/p><p><a href=\"https:\/\/www.taptrap.com\/fr\/pi\u00e8ge-\u00e0-limaces-garder-le-jardin-en-bonne-sant\u00e9\">Comment garder le potager en bonne sant\u00e9 avec le pi\u00e8ge \u00e0 limaces Lima Trap<\/a> &gt;&gt;<\/p>\t\t\t\t\t\t\t\t<\/div>\n\t\t\t\t<\/div>\n\t\t\t\t\t<\/div>\n\t\t<\/div>\n\t\t\t\t\t<\/div>\n\t\t<\/section>\n\t\t\t\t<section class=\"elementor-section elementor-top-section elementor-element elementor-element-15183e5 elementor-section-boxed elementor-section-height-default elementor-section-height-default\" data-id=\"15183e5\" data-element_type=\"section\" data-e-type=\"section\" data-settings=\"{&quot;background_background&quot;:&quot;classic&quot;}\">\n\t\t\t\t\t\t<div class=\"elementor-container elementor-column-gap-default\">\n\t\t\t\t\t<div class=\"elementor-column elementor-col-100 elementor-top-column elementor-element elementor-element-f025db8\" data-id=\"f025db8\" data-element_type=\"column\" data-e-type=\"column\">\n\t\t\t<div class=\"elementor-widget-wrap elementor-element-populated\">\n\t\t\t\t\t\t<div class=\"elementor-element elementor-element-6f2b791 elementor-widget elementor-widget-heading\" data-id=\"6f2b791\" data-element_type=\"widget\" data-e-type=\"widget\" data-widget_type=\"heading.default\">\n\t\t\t\t<div class=\"elementor-widget-container\">\n\t\t\t\t\t<h2 class=\"elementor-heading-title elementor-size-default\">O\u00d9 ACHETER LIMA TRAP?<\/h2>\t\t\t\t<\/div>\n\t\t\t\t<\/div>\n\t\t\t\t<div class=\"elementor-element elementor-element-4a5c25a elementor-widget elementor-widget-text-editor\" data-id=\"4a5c25a\" data-element_type=\"widget\" data-e-type=\"widget\" data-widget_type=\"text-editor.default\">\n\t\t\t\t<div class=\"elementor-widget-container\">\n\t\t\t\t\t\t\t\t\t<p style=\"text-align: center;\">Vous pouvez trouver <strong>Lima\u00a0Trap<\/strong> dans les meilleurs<strong> magasins agricoles, jardineries et quincailleries<\/strong><\/p>\t\t\t\t\t\t\t\t<\/div>\n\t\t\t\t<\/div>\n\t\t\t\t<div class=\"elementor-element elementor-element-e04fe98 elementor-align-center elementor-widget elementor-widget-button\" data-id=\"e04fe98\" data-element_type=\"widget\" data-e-type=\"widget\" data-widget_type=\"button.default\">\n\t\t\t\t<div class=\"elementor-widget-container\">\n\t\t\t\t\t\t\t\t\t<div class=\"elementor-button-wrapper\">\n\t\t\t\t\t<a class=\"elementor-button elementor-button-link elementor-size-sm\" href=\"https:\/\/www.taptrap.com\/fr\/contactez-nous\/\">\n\t\t\t\t\t\t<span class=\"elementor-button-content-wrapper\">\n\t\t\t\t\t\t<span class=\"elementor-button-icon\">\n\t\t\t\t<i aria-hidden=\"true\" class=\"fas fa-angle-right\"><\/i>\t\t\t<\/span>\n\t\t\t\t\t\t\t\t\t<span class=\"elementor-button-text\">TROUVER UN REVENDEUR<\/span>\n\t\t\t\t\t<\/span>\n\t\t\t\t\t<\/a>\n\t\t\t\t<\/div>\n\t\t\t\t\t\t\t\t<\/div>\n\t\t\t\t<\/div>\n\t\t\t\t\t<\/div>\n\t\t<\/div>\n\t\t\t\t\t<\/div>\n\t\t<\/section>\n\t\t\t\t<section class=\"elementor-section elementor-top-section elementor-element elementor-element-2796e25 elementor-section-boxed elementor-section-height-default elementor-section-height-default\" data-id=\"2796e25\" data-element_type=\"section\" data-e-type=\"section\">\n\t\t\t\t\t\t<div class=\"elementor-container elementor-column-gap-default\">\n\t\t\t\t\t<div class=\"elementor-column elementor-col-100 elementor-top-column elementor-element elementor-element-2f0b407\" data-id=\"2f0b407\" data-element_type=\"column\" data-e-type=\"column\">\n\t\t\t<div class=\"elementor-widget-wrap elementor-element-populated\">\n\t\t\t\t\t\t<div class=\"elementor-element elementor-element-5ecd28a elementor-widget elementor-widget-heading\" data-id=\"5ecd28a\" data-element_type=\"widget\" data-e-type=\"widget\" data-widget_type=\"heading.default\">\n\t\t\t\t<div class=\"elementor-widget-container\">\n\t\t\t\t\t<h2 class=\"elementor-heading-title elementor-size-default\">COMMENT UTILISER LIMA TRAP<\/h2>\t\t\t\t<\/div>\n\t\t\t\t<\/div>\n\t\t\t\t\t<\/div>\n\t\t<\/div>\n\t\t\t\t\t<\/div>\n\t\t<\/section>\n\t\t\t\t<section class=\"elementor-section elementor-top-section elementor-element elementor-element-399e040 elementor-section-boxed elementor-section-height-default elementor-section-height-default\" data-id=\"399e040\" data-element_type=\"section\" data-e-type=\"section\">\n\t\t\t\t\t\t<div class=\"elementor-container elementor-column-gap-default\">\n\t\t\t\t\t<div class=\"elementor-column elementor-col-100 elementor-top-column elementor-element elementor-element-1dbf906\" data-id=\"1dbf906\" data-element_type=\"column\" data-e-type=\"column\">\n\t\t\t<div class=\"elementor-widget-wrap elementor-element-populated\">\n\t\t\t\t\t\t<div class=\"elementor-element elementor-element-1ea8a5d elementor-widget elementor-widget-text-editor\" data-id=\"1ea8a5d\" data-element_type=\"widget\" data-e-type=\"widget\" data-widget_type=\"text-editor.default\">\n\t\t\t\t<div class=\"elementor-widget-container\">\n\t\t\t\t\t\t\t\t\t<p style=\"text-align: center;\">Vous trouverez ci-dessous des conseils d\u00e9taill\u00e9s sur la meilleure fa\u00e7on d&#8217;utiliser Lima Trap <br \/>(si vous voulez, vous pouvez t\u00e9l\u00e9charger le <a href=\"https:\/\/www.taptrap.com\/wp-content\/uploads\/2022\/05\/LIMA-TRAP-RECETTE-A\u0300-TE\u0301LE\u0301CHARGER.pdf\">pdf avec des instructions imprimables ici<\/a>).<\/p>\t\t\t\t\t\t\t\t<\/div>\n\t\t\t\t<\/div>\n\t\t\t\t<div class=\"elementor-element elementor-element-0c20ec5 elementor-tabs-view-vertical elementor-widget elementor-widget-tabs\" data-id=\"0c20ec5\" data-element_type=\"widget\" data-e-type=\"widget\" data-widget_type=\"tabs.default\">\n\t\t\t\t<div class=\"elementor-widget-container\">\n\t\t\t\t\t\t\t<div class=\"elementor-tabs\">\n\t\t\t<div class=\"elementor-tabs-wrapper\" role=\"tablist\" >\n\t\t\t\t\t\t\t\t\t<div id=\"elementor-tab-title-1271\" class=\"elementor-tab-title elementor-tab-desktop-title\" aria-selected=\"true\" data-tab=\"1\" role=\"tab\" tabindex=\"0\" aria-controls=\"elementor-tab-content-1271\" aria-expanded=\"false\">PI\u00c8GE \u00c0 ESCARGOTS ET LIMACES LIMA TRAP<\/div>\n\t\t\t\t\t\t\t<\/div>\n\t\t\t<div class=\"elementor-tabs-content-wrapper\" role=\"tablist\" aria-orientation=\"vertical\">\n\t\t\t\t\t\t\t\t\t<div class=\"elementor-tab-title elementor-tab-mobile-title\" aria-selected=\"true\" data-tab=\"1\" role=\"tab\" tabindex=\"0\" aria-controls=\"elementor-tab-content-1271\" aria-expanded=\"false\">PI\u00c8GE \u00c0 ESCARGOTS ET LIMACES LIMA TRAP<\/div>\n\t\t\t\t\t<div id=\"elementor-tab-content-1271\" class=\"elementor-tab-content elementor-clearfix\" data-tab=\"1\" role=\"tabpanel\" aria-labelledby=\"elementor-tab-title-1271\" tabindex=\"0\" hidden=\"false\"><p class=\"text-align-justify\"><u>Utilisez ce pi\u00e8ge pour<\/u>: Jardins, potagers, pots de fleurs, serres, vergers, terres cultiv\u00e9es en g\u00e9n\u00e9ral<\/p>\n<p class=\"text-align-justify\"><u>Utilisez les quantit\u00e9s suivantes avec<\/u>:\u00a0<mark>App\u00e2t anti-escargots<\/mark><\/p>\n<p class=\"text-align-justify\"><u>Comment faire<\/u>: Remplir la coupelle du Lima Trap d&#8217;une quantit\u00e9 appropri\u00e9e de produit anti-escargots et anti-limaces (environ 8 g soit 2 cuill\u00e8res \u00e0 caf\u00e9). Ensuite, une fois la couverture de protection est mise en place, le distributeur est pr\u00eat \u00e0 l&#8217;utilisation.<\/p>\n<p>Plusieurs Lima Trap\u00a0ainsi pr\u00e9par\u00e9s doivent \u00eatre plac\u00e9s dans les zones \u00e0 prot\u00e9ger (potagers, jardins, viviers, serres, pots de fleurs, etc.) \u00e0 hauteur des points jug\u00e9s les mieux aptes\u00a0et les plus strat\u00e9giques. Ne pas\u00a0oublier de d\u00e9placer \u00e0 intervalles r\u00e9guliers les Lima Trap\u00a0par rotation de fa\u00e7on \u00e0 couvrir toute la zone trait\u00e9e jusqu&#8217;\u00e0 sa d\u00e9sinfestation compl\u00e8te, en s&#8217;assurant \u00e0 cette occasion que l&#8217;app\u00e2t anti-limaces et anti-escargots est actif.<\/p>\n<p><span style=\"text-decoration: underline;\">Recommandation<\/span>:<em>\u00a0en raison de la grande quantit\u00e9 de limaces et d&#8217;escargots morts \u00e0 proximit\u00e9 des Lima Trap, il est recommand\u00e9 de les retirer fr\u00e9quemment pour pr\u00e9venir les risques d&#8217;empoisonnement indirect d&#8217;animaux non cibl\u00e9s<\/em><\/p>\n<\/div>\n\t\t\t\t\t\t\t<\/div>\n\t\t<\/div>\n\t\t\t\t\t\t<\/div>\n\t\t\t\t<\/div>\n\t\t\t\t\t<\/div>\n\t\t<\/div>\n\t\t\t\t\t<\/div>\n\t\t<\/section>\n\t\t\t\t<section class=\"elementor-section elementor-top-section elementor-element elementor-element-3f10c1a elementor-section-boxed elementor-section-height-default elementor-section-height-default\" data-id=\"3f10c1a\" data-element_type=\"section\" data-e-type=\"section\">\n\t\t\t\t\t\t<div class=\"elementor-container elementor-column-gap-default\">\n\t\t\t\t\t<div class=\"elementor-column elementor-col-100 elementor-top-column elementor-element elementor-element-1fb8c67\" data-id=\"1fb8c67\" data-element_type=\"column\" data-e-type=\"column\">\n\t\t\t<div class=\"elementor-widget-wrap elementor-element-populated\">\n\t\t\t\t\t\t<div class=\"elementor-element elementor-element-e8ee401 elementor-widget elementor-widget-image\" data-id=\"e8ee401\" data-element_type=\"widget\" data-e-type=\"widget\" data-widget_type=\"image.default\">\n\t\t\t\t<div class=\"elementor-widget-container\">\n\t\t\t\t\t\t\t\t\t\t\t\t\t\t\t<img decoding=\"async\" src=\"https:\/\/www.taptrap.com\/wp-content\/uploads\/elementor\/thumbs\/logo-made-in-italy-2021-pejwdr4lrjsotz7dfd1t8zbns1qinxl65uxe937wfo.png\" title=\"logo made-in-italy-2021\" alt=\"logo made-in-italy-2021\" loading=\"lazy\" \/>\t\t\t\t\t\t\t\t\t\t\t\t\t\t\t<\/div>\n\t\t\t\t<\/div>\n\t\t\t\t\t<\/div>\n\t\t<\/div>\n\t\t\t\t\t<\/div>\n\t\t<\/section>\n\t\t\t\t<section class=\"elementor-section elementor-top-section elementor-element elementor-element-355ec4b elementor-section-boxed elementor-section-height-default elementor-section-height-default\" data-id=\"355ec4b\" data-element_type=\"section\" data-e-type=\"section\">\n\t\t\t\t\t\t<div class=\"elementor-container elementor-column-gap-default\">\n\t\t\t\t\t<div class=\"elementor-column elementor-col-50 elementor-top-column elementor-element elementor-element-4935f1f\" data-id=\"4935f1f\" data-element_type=\"column\" data-e-type=\"column\">\n\t\t\t<div class=\"elementor-widget-wrap elementor-element-populated\">\n\t\t\t\t\t\t<div class=\"elementor-element elementor-element-d543b35 elementor-widget elementor-widget-text-editor\" data-id=\"d543b35\" data-element_type=\"widget\" data-e-type=\"widget\" data-widget_type=\"text-editor.default\">\n\t\t\t\t<div class=\"elementor-widget-container\">\n\t\t\t\t\t\t\t\t\t<p>Lima Trap est aussi simple qu&#8217;efficace : l&#8217;app\u00e2t pour escargots est contenu dans un r\u00e9cipient que l&#8217;on plante facilement dans le sol, puis il est prot\u00e9g\u00e9 de la pluie par la partie sup\u00e9rieure du pi\u00e8ge qui ressemble beaucoup \u00e0 un parasol. De cette fa\u00e7on, l&#8217;app\u00e2t lui-m\u00eame durera beaucoup plus longtemps et de plus petites quantit\u00e9s seront n\u00e9cessaires.<\/p><p>(Roberto Carello, designer)<\/p>\t\t\t\t\t\t\t\t<\/div>\n\t\t\t\t<\/div>\n\t\t\t\t\t<\/div>\n\t\t<\/div>\n\t\t\t\t<div class=\"elementor-column elementor-col-50 elementor-top-column elementor-element elementor-element-1b24f70\" data-id=\"1b24f70\" data-element_type=\"column\" data-e-type=\"column\">\n\t\t\t<div class=\"elementor-widget-wrap elementor-element-populated\">\n\t\t\t\t\t\t<div class=\"elementor-element elementor-element-f23ca47 elementor-widget elementor-widget-video\" data-id=\"f23ca47\" data-element_type=\"widget\" data-e-type=\"widget\" data-settings=\"{&quot;youtube_url&quot;:&quot;https:\\\/\\\/youtu.be\\\/TPcCi85Gxa4&quot;,&quot;video_type&quot;:&quot;youtube&quot;,&quot;controls&quot;:&quot;yes&quot;}\" data-widget_type=\"video.default\">\n\t\t\t\t<div class=\"elementor-widget-container\">\n\t\t\t\t\t\t\t<div class=\"elementor-wrapper elementor-open-inline\">\n\t\t\t<div class=\"elementor-video\"><\/div>\t\t<\/div>\n\t\t\t\t\t\t<\/div>\n\t\t\t\t<\/div>\n\t\t\t\t\t<\/div>\n\t\t<\/div>\n\t\t\t\t\t<\/div>\n\t\t<\/section>\n\t\t\t\t<\/div>\n\t\t","protected":false},"excerpt":{"rendered":"<p>LIMA TRAP Pi\u00e8ge \u00e0 escargots et limaces Previous Next Lima Trap\u00a0est un distributeur brevet\u00e9, simple et efficace, pour le contr\u00f4le des escargots et des limaces. Indispensable pour potagers, jardins, viviers, serres, pots de fleurs, etc.) LES AVANTAGES DE L&#8217;UTILISATION DE LIMA TRAP \u00a0 \u2022 Protection de l&#8217;app\u00e2t contre les intemp\u00e9ries et, donc, efficacit\u00e9 prolong\u00e9e du [&hellip;]<\/p>\n","protected":false},"author":2,"featured_media":0,"parent":972,"menu_order":0,"comment_status":"closed","ping_status":"closed","template":"","meta":{"_acf_changed":false,"footnotes":""},"class_list":["post-1230","page","type-page","status-publish","hentry"],"acf":[],"_links":{"self":[{"href":"https:\/\/www.taptrap.com\/fr\/wp-json\/wp\/v2\/pages\/1230","targetHints":{"allow":["GET"]}}],"collection":[{"href":"https:\/\/www.taptrap.com\/fr\/wp-json\/wp\/v2\/pages"}],"about":[{"href":"https:\/\/www.taptrap.com\/fr\/wp-json\/wp\/v2\/types\/page"}],"author":[{"embeddable":true,"href":"https:\/\/www.taptrap.com\/fr\/wp-json\/wp\/v2\/users\/2"}],"replies":[{"embeddable":true,"href":"https:\/\/www.taptrap.com\/fr\/wp-json\/wp\/v2\/comments?post=1230"}],"version-history":[{"count":12,"href":"https:\/\/www.taptrap.com\/fr\/wp-json\/wp\/v2\/pages\/1230\/revisions"}],"predecessor-version":[{"id":7068,"href":"https:\/\/www.taptrap.com\/fr\/wp-json\/wp\/v2\/pages\/1230\/revisions\/7068"}],"up":[{"embeddable":true,"href":"https:\/\/www.taptrap.com\/fr\/wp-json\/wp\/v2\/pages\/972"}],"wp:attachment":[{"href":"https:\/\/www.taptrap.com\/fr\/wp-json\/wp\/v2\/media?parent=1230"}],"curies":[{"name":"wp","href":"https:\/\/api.w.org\/{rel}","templated":true}]}}