{"id":1292,"date":"2021-04-13T12:26:22","date_gmt":"2021-04-13T10:26:22","guid":{"rendered":"https:\/\/www.taptrap.com\/type-d-insecte\/escargots-et-limaces\/"},"modified":"2022-09-16T10:46:03","modified_gmt":"2022-09-16T08:46:03","slug":"escargots-et-limaces","status":"publish","type":"page","link":"https:\/\/www.taptrap.com\/fr\/guide-des-insectes-volants-nuisibles\/escargots-et-limaces\/","title":{"rendered":"Comment \u00c9liminer les Limaces du Jardin et du Potager"},"content":{"rendered":"\t\t<div data-elementor-type=\"wp-page\" data-elementor-id=\"1292\" class=\"elementor elementor-1292 elementor-830\" data-elementor-post-type=\"page\">\n\t\t\t\t\t\t<section class=\"elementor-section elementor-top-section elementor-element elementor-element-24e7ac6 elementor-section-boxed elementor-section-height-default elementor-section-height-default\" data-id=\"24e7ac6\" data-element_type=\"section\" data-e-type=\"section\">\n\t\t\t\t\t\t<div class=\"elementor-container elementor-column-gap-default\">\n\t\t\t\t\t<div class=\"elementor-column elementor-col-100 elementor-top-column elementor-element elementor-element-a205e89\" data-id=\"a205e89\" data-element_type=\"column\" data-e-type=\"column\">\n\t\t\t<div class=\"elementor-widget-wrap elementor-element-populated\">\n\t\t\t\t\t\t<div class=\"elementor-element elementor-element-c5848e8 elementor-widget elementor-widget-heading\" data-id=\"c5848e8\" data-element_type=\"widget\" data-e-type=\"widget\" data-widget_type=\"heading.default\">\n\t\t\t\t<div class=\"elementor-widget-container\">\n\t\t\t\t\t<h1 class=\"elementor-heading-title elementor-size-default\">LIMACES DU JARDIN ET DU POTAGER<\/h1>\t\t\t\t<\/div>\n\t\t\t\t<\/div>\n\t\t\t\t<div class=\"elementor-element elementor-element-cc8ae55 elementor-widget elementor-widget-heading\" data-id=\"cc8ae55\" data-element_type=\"widget\" data-e-type=\"widget\" data-widget_type=\"heading.default\">\n\t\t\t\t<div class=\"elementor-widget-container\">\n\t\t\t\t\t<h2 class=\"elementor-heading-title elementor-size-default\">\u00c9liminer Rapidement les Limaces Sans Polluer le Potager<\/h2>\t\t\t\t<\/div>\n\t\t\t\t<\/div>\n\t\t\t\t\t<\/div>\n\t\t<\/div>\n\t\t\t\t\t<\/div>\n\t\t<\/section>\n\t\t\t\t<section class=\"elementor-section elementor-top-section elementor-element elementor-element-082ee33 elementor-section-boxed elementor-section-height-default elementor-section-height-default\" data-id=\"082ee33\" data-element_type=\"section\" data-e-type=\"section\">\n\t\t\t\t\t\t<div class=\"elementor-container elementor-column-gap-default\">\n\t\t\t\t\t<div class=\"elementor-column elementor-col-100 elementor-top-column elementor-element elementor-element-be04fe2\" data-id=\"be04fe2\" data-element_type=\"column\" data-e-type=\"column\">\n\t\t\t<div class=\"elementor-widget-wrap elementor-element-populated\">\n\t\t\t\t\t\t<div class=\"elementor-element elementor-element-08f4fb7 elementor-widget elementor-widget-text-editor\" data-id=\"08f4fb7\" data-element_type=\"widget\" data-e-type=\"widget\" data-widget_type=\"text-editor.default\">\n\t\t\t\t<div class=\"elementor-widget-container\">\n\t\t\t\t\t\t\t\t\t<p class=\"p1\">Les m\u00e9thodes les plus rapides et les plus efficaces pour \u00e9liminer les limaces du potager sont essentiellement deux: l&#8217;utilisation de pi\u00e8ges avec un app\u00e2t \u00e0 base de bi\u00e8re (une substance dont elles sont friandes) et l&#8217;utilisation d&#8217;un app\u00e2t chimique pour limaces. La deuxi\u00e8me option est souvent utilis\u00e9e en cas d&#8217;invasion importante, o\u00f9 il y a vraiment beaucoup de limaces, on retrouve alors les l\u00e9gumes compl\u00e8tement ruin\u00e9s et on se sent d\u00e9sesp\u00e9r\u00e9. C&#8217;est une m\u00e9thode d\u00e9cisive et tr\u00e8s efficace, mais elle est drastique car les pesticides polluent et ne sont pas conseill\u00e9s dans un potager biologique. Nous proposons une solution pour l&#8217;utilisation de ce type d&#8217;app\u00e2t afin d&#8217;\u00e9viter de contaminer le sol cultiv\u00e9 et les l\u00e9gumes que vous apportez \u00e0 la table. En r\u00e9sum\u00e9: <strong><i>si vous ne pouvez pas vous en passer, utilisez intelligemment les app\u00e2ts \u00e0 escargots avec Lima Trap<\/i>.<\/strong><\/p>\n\t\t\t\t\t\t\t\t<\/div>\n\t\t\t\t<\/div>\n\t\t\t\t\t<\/div>\n\t\t<\/div>\n\t\t\t\t\t<\/div>\n\t\t<\/section>\n\t\t\t\t<section class=\"elementor-section elementor-top-section elementor-element elementor-element-4d2788f elementor-section-boxed elementor-section-height-default elementor-section-height-default\" data-id=\"4d2788f\" data-element_type=\"section\" data-e-type=\"section\">\n\t\t\t\t\t\t<div class=\"elementor-container elementor-column-gap-default\">\n\t\t\t\t\t<div class=\"elementor-column elementor-col-100 elementor-top-column elementor-element elementor-element-c7fb325\" data-id=\"c7fb325\" data-element_type=\"column\" data-e-type=\"column\">\n\t\t\t<div class=\"elementor-widget-wrap elementor-element-populated\">\n\t\t\t\t\t\t<div class=\"elementor-element elementor-element-53946dc elementor-widget elementor-widget-heading\" data-id=\"53946dc\" data-element_type=\"widget\" data-e-type=\"widget\" data-widget_type=\"heading.default\">\n\t\t\t\t<div class=\"elementor-widget-container\">\n\t\t\t\t\t<h2 class=\"elementor-heading-title elementor-size-default\">Deux M\u00e9thodes de Capture des Limaces<\/h2>\t\t\t\t<\/div>\n\t\t\t\t<\/div>\n\t\t\t\t<div class=\"elementor-element elementor-element-df87a28 elementor-widget elementor-widget-text-editor\" data-id=\"df87a28\" data-element_type=\"widget\" data-e-type=\"widget\" data-widget_type=\"text-editor.default\">\n\t\t\t\t<div class=\"elementor-widget-container\">\n\t\t\t\t\t\t\t\t\t<p>(cliquez sur le pi\u00e8ge pour lire comment l&#8217;utiliser)<\/p>\n\t\t\t\t\t\t\t\t<\/div>\n\t\t\t\t<\/div>\n\t\t\t\t<section class=\"elementor-section elementor-inner-section elementor-element elementor-element-44b490d elementor-section-boxed elementor-section-height-default elementor-section-height-default\" data-id=\"44b490d\" data-element_type=\"section\" data-e-type=\"section\">\n\t\t\t\t\t\t<div class=\"elementor-container elementor-column-gap-default\">\n\t\t\t\t\t<div class=\"elementor-column elementor-col-50 elementor-inner-column elementor-element elementor-element-acec489\" data-id=\"acec489\" data-element_type=\"column\" data-e-type=\"column\">\n\t\t\t<div class=\"elementor-widget-wrap elementor-element-populated\">\n\t\t\t\t\t\t<div class=\"elementor-element elementor-element-c0bfca0 elementor-widget elementor-widget-image\" data-id=\"c0bfca0\" data-element_type=\"widget\" data-e-type=\"widget\" data-widget_type=\"image.default\">\n\t\t\t\t<div class=\"elementor-widget-container\">\n\t\t\t\t\t\t\t\t\t\t\t\t\t\t\t\t<a href=\"https:\/\/www.taptrap.com\/fr\/piege\/lima-trap\/\">\n\t\t\t\t\t\t\t<img decoding=\"async\" width=\"197\" height=\"197\" src=\"https:\/\/www.taptrap.com\/wp-content\/uploads\/2021\/04\/lima-trap.jpg\" class=\"elementor-animation-grow-rotate attachment-large size-large wp-image-428\" alt=\"\" srcset=\"https:\/\/www.taptrap.com\/wp-content\/uploads\/2021\/04\/lima-trap.jpg 197w, https:\/\/www.taptrap.com\/wp-content\/uploads\/2021\/04\/lima-trap-100x100.jpg 100w, https:\/\/www.taptrap.com\/wp-content\/uploads\/2021\/04\/lima-trap-150x150.jpg 150w\" sizes=\"(max-width: 197px) 100vw, 197px\" \/>\t\t\t\t\t\t\t\t<\/a>\n\t\t\t\t\t\t\t\t\t\t\t\t\t\t\t<\/div>\n\t\t\t\t<\/div>\n\t\t\t\t<div class=\"elementor-element elementor-element-e2df6d0 elementor-widget elementor-widget-heading\" data-id=\"e2df6d0\" data-element_type=\"widget\" data-e-type=\"widget\" data-widget_type=\"heading.default\">\n\t\t\t\t<div class=\"elementor-widget-container\">\n\t\t\t\t\t<h3 class=\"elementor-heading-title elementor-size-default\"><a href=\"https:\/\/www.taptrap.com\/fr\/piege\/piege-a-insectes-tap-trap\/\">PI\u00c8GE \u00c0 LIMACES <br>avec support d'app\u00e2t intelligent<\/br><\/a><\/h3>\t\t\t\t<\/div>\n\t\t\t\t<\/div>\n\t\t\t\t<div class=\"elementor-element elementor-element-e583b11 elementor-widget elementor-widget-heading\" data-id=\"e583b11\" data-element_type=\"widget\" data-e-type=\"widget\" data-widget_type=\"heading.default\">\n\t\t\t\t<div class=\"elementor-widget-container\">\n\t\t\t\t\t<h4 class=\"elementor-heading-title elementor-size-default\"><a href=\"https:\/\/www.taptrap.com\/fr\/piege\/lima-trap\/\">Vaso Trap<\/a><\/h4>\t\t\t\t<\/div>\n\t\t\t\t<\/div>\n\t\t\t\t\t<\/div>\n\t\t<\/div>\n\t\t\t\t<div class=\"elementor-column elementor-col-50 elementor-inner-column elementor-element elementor-element-b0fa87f\" data-id=\"b0fa87f\" data-element_type=\"column\" data-e-type=\"column\">\n\t\t\t<div class=\"elementor-widget-wrap elementor-element-populated\">\n\t\t\t\t\t\t<div class=\"elementor-element elementor-element-2ca72ff elementor-widget elementor-widget-image\" data-id=\"2ca72ff\" data-element_type=\"widget\" data-e-type=\"widget\" data-widget_type=\"image.default\">\n\t\t\t\t<div class=\"elementor-widget-container\">\n\t\t\t\t\t\t\t\t\t\t\t\t\t\t\t\t<a href=\"https:\/\/www.taptrap.com\/fr\/piege\/vaso-trap\/\">\n\t\t\t\t\t\t\t<img decoding=\"async\" width=\"197\" height=\"197\" src=\"https:\/\/www.taptrap.com\/wp-content\/uploads\/2021\/04\/vaso-trap.jpg\" class=\"elementor-animation-grow-rotate attachment-large size-large wp-image-437\" alt=\"\" srcset=\"https:\/\/www.taptrap.com\/wp-content\/uploads\/2021\/04\/vaso-trap.jpg 197w, https:\/\/www.taptrap.com\/wp-content\/uploads\/2021\/04\/vaso-trap-100x100.jpg 100w, https:\/\/www.taptrap.com\/wp-content\/uploads\/2021\/04\/vaso-trap-150x150.jpg 150w\" sizes=\"(max-width: 197px) 100vw, 197px\" \/>\t\t\t\t\t\t\t\t<\/a>\n\t\t\t\t\t\t\t\t\t\t\t\t\t\t\t<\/div>\n\t\t\t\t<\/div>\n\t\t\t\t<div class=\"elementor-element elementor-element-6f3c155 elementor-widget elementor-widget-heading\" data-id=\"6f3c155\" data-element_type=\"widget\" data-e-type=\"widget\" data-widget_type=\"heading.default\">\n\t\t\t\t<div class=\"elementor-widget-container\">\n\t\t\t\t\t<h3 class=\"elementor-heading-title elementor-size-default\"><a href=\"https:\/\/www.taptrap.com\/fr\/piege\/piege-a-insectes-tap-trap\/\">PI\u00c8GE \u00c0 LIMACES <br>avec app\u00e2t de bi\u00e8re<\/br><\/a><\/h3>\t\t\t\t<\/div>\n\t\t\t\t<\/div>\n\t\t\t\t<div class=\"elementor-element elementor-element-0ed8cd2 elementor-widget elementor-widget-heading\" data-id=\"0ed8cd2\" data-element_type=\"widget\" data-e-type=\"widget\" data-widget_type=\"heading.default\">\n\t\t\t\t<div class=\"elementor-widget-container\">\n\t\t\t\t\t<h4 class=\"elementor-heading-title elementor-size-default\"><a href=\"https:\/\/www.taptrap.com\/fr\/piege\/vaso-trap\/\">Lima Trap<\/a><\/h4>\t\t\t\t<\/div>\n\t\t\t\t<\/div>\n\t\t\t\t\t<\/div>\n\t\t<\/div>\n\t\t\t\t\t<\/div>\n\t\t<\/section>\n\t\t\t\t\t<\/div>\n\t\t<\/div>\n\t\t\t\t\t<\/div>\n\t\t<\/section>\n\t\t\t\t<section class=\"elementor-section elementor-top-section elementor-element elementor-element-d01f3bc elementor-section-boxed elementor-section-height-default elementor-section-height-default\" data-id=\"d01f3bc\" data-element_type=\"section\" data-e-type=\"section\">\n\t\t\t\t\t\t<div class=\"elementor-container elementor-column-gap-default\">\n\t\t\t\t\t<div class=\"elementor-column elementor-col-100 elementor-top-column elementor-element elementor-element-f9fd89c\" data-id=\"f9fd89c\" data-element_type=\"column\" data-e-type=\"column\">\n\t\t\t<div class=\"elementor-widget-wrap elementor-element-populated\">\n\t\t\t\t\t\t<div class=\"elementor-element elementor-element-ceb697a elementor-button-info elementor-align-center elementor-widget elementor-widget-button\" data-id=\"ceb697a\" data-element_type=\"widget\" data-e-type=\"widget\" data-widget_type=\"button.default\">\n\t\t\t\t<div class=\"elementor-widget-container\">\n\t\t\t\t\t\t\t\t\t<div class=\"elementor-button-wrapper\">\n\t\t\t\t\t<a class=\"elementor-button elementor-button-link elementor-size-md\" href=\"https:\/\/www.taptrap.com\/fr\/contactez-nous\/\">\n\t\t\t\t\t\t<span class=\"elementor-button-content-wrapper\">\n\t\t\t\t\t\t\t\t\t<span class=\"elementor-button-text\">DEMANDEZ PLUS D'INFO<\/span>\n\t\t\t\t\t<\/span>\n\t\t\t\t\t<\/a>\n\t\t\t\t<\/div>\n\t\t\t\t\t\t\t\t<\/div>\n\t\t\t\t<\/div>\n\t\t\t\t\t<\/div>\n\t\t<\/div>\n\t\t\t\t\t<\/div>\n\t\t<\/section>\n\t\t\t\t<section class=\"elementor-section elementor-top-section elementor-element elementor-element-aad47af elementor-section-boxed elementor-section-height-default elementor-section-height-default\" data-id=\"aad47af\" data-element_type=\"section\" data-e-type=\"section\">\n\t\t\t\t\t\t<div class=\"elementor-container elementor-column-gap-default\">\n\t\t\t\t\t<div class=\"elementor-column elementor-col-100 elementor-top-column elementor-element elementor-element-83a7a44\" data-id=\"83a7a44\" data-element_type=\"column\" data-e-type=\"column\">\n\t\t\t<div class=\"elementor-widget-wrap elementor-element-populated\">\n\t\t\t\t\t\t<div class=\"elementor-element elementor-element-65a8209 elementor-widget elementor-widget-text-editor\" data-id=\"65a8209\" data-element_type=\"widget\" data-e-type=\"widget\" data-widget_type=\"text-editor.default\">\n\t\t\t\t<div class=\"elementor-widget-container\">\n\t\t\t\t\t\t\t\t\t<h3><strong><img decoding=\"async\" class=\"wp-image-2807 size-full alignleft\" src=\"https:\/\/www.taptrap.com\/wp-content\/uploads\/2021\/10\/Snail_01_RSZ-1-scaled-e1633598491837.jpeg\" alt=\"lumache\" width=\"150\" height=\"85\" \/>COMMENT PROT\u00c9GER VOTRE JARDIN DES LIMACES<br \/>\n<\/strong><\/h3>\n<p><strong>\u00a0<\/strong><\/p>\n<p class=\"p1\">Nous cultivons nos propres l\u00e9gumes, nous entretenons notre jardin toute l&#8217;ann\u00e9e, avec passion et sacrifice dans l&#8217;espoir non seulement de faire des \u00e9conomies, mais surtout de manger des produits sains et savoureux, sans pesticides. Nous voulons que notre jardin soit biologique. Mais ensuite, ils arrivent: <b>escargots<\/b> et <b>limaces<\/b>. L&#8217;un des pires d\u00e9g\u00e2ts pour nos jardins et potagers cultiv\u00e9s. Ils mangent les l\u00e9gumes de notre jardin, se nourrissent de fleurs, on les trouve dans les serres et m\u00eame dans des pots sur le balcon.<\/p>\n<p class=\"p1\"><b>Il existe de nombreuses m\u00e9thodes anti-limaces<\/b>: les plus respectueuses de l&#8217;environnement demandent beaucoup de temps et de travail face \u00e0 une invasion importante, et les m\u00e9thodes alternatives, comme les app\u00e2ts granul\u00e9s pour limaces, sont tr\u00e8s efficaces mais pr\u00e9sentent un inconv\u00e9nient majeur, celui d&#8217;\u00eatre des produits chimiques qui empoisonnent le sol cultiv\u00e9. Voici donc deux bonnes solutions \u00e0 ces deux probl\u00e8mes: <b>Lima Trap<\/b> et <b>Vaso Trap<\/b>. \u00c9conomiques et recyclables, ils sont con\u00e7us pour lutter contre l&#8217;invasion des limaces dans les potagers, les serres et les jardins, que vous pr\u00e9f\u00e9riez utiliser des app\u00e2ts \u00e0 limaces ou que vous choisissiez une m\u00e9thode plus \u00e9cologique. <b>Les pi\u00e8ges \u00e0 limaces<\/b> <a href=\"https:\/\/www.taptrap.com\/fr\/piege\/lima-trap\/\"><span class=\"s1\">Lima Trap<\/span><\/a> et <a href=\"https:\/\/www.taptrap.com\/fr\/piege\/vaso-trap\/\"><span class=\"s1\">Vaso Trap<\/span><\/a> sont \u00e9cologiques et efficaces, adapt\u00e9s pour r\u00e9soudre le probl\u00e8me des limaces dans les potagers et les jardins sans polluer le sol cultiv\u00e9.<\/p>\n\t\t\t\t\t\t\t\t<\/div>\n\t\t\t\t<\/div>\n\t\t\t\t\t<\/div>\n\t\t<\/div>\n\t\t\t\t\t<\/div>\n\t\t<\/section>\n\t\t\t\t<section class=\"elementor-section elementor-top-section elementor-element elementor-element-b0df787 elementor-section-boxed elementor-section-height-default elementor-section-height-default\" data-id=\"b0df787\" data-element_type=\"section\" data-e-type=\"section\" data-settings=\"{&quot;background_background&quot;:&quot;classic&quot;}\">\n\t\t\t\t\t\t<div class=\"elementor-container elementor-column-gap-default\">\n\t\t\t\t\t<div class=\"elementor-column elementor-col-100 elementor-top-column elementor-element elementor-element-71bb34f\" data-id=\"71bb34f\" data-element_type=\"column\" data-e-type=\"column\">\n\t\t\t<div class=\"elementor-widget-wrap elementor-element-populated\">\n\t\t\t\t\t\t<div class=\"elementor-element elementor-element-b4df0ee elementor-widget elementor-widget-heading\" data-id=\"b4df0ee\" data-element_type=\"widget\" data-e-type=\"widget\" data-widget_type=\"heading.default\">\n\t\t\t\t<div class=\"elementor-widget-container\">\n\t\t\t\t\t<h2 class=\"elementor-heading-title elementor-size-default\">O\u00d9 FAUT-IL METTRE LES PI\u00c8GES \u00c0 ESCARGOTS<\/h2>\t\t\t\t<\/div>\n\t\t\t\t<\/div>\n\t\t\t\t<div class=\"elementor-element elementor-element-1161ada elementor-widget elementor-widget-text-editor\" data-id=\"1161ada\" data-element_type=\"widget\" data-e-type=\"widget\" data-widget_type=\"text-editor.default\">\n\t\t\t\t<div class=\"elementor-widget-container\">\n\t\t\t\t\t\t\t\t\t<p>Un metodo intelligente per non inquinare e raccogliere gli ortaggi integri<\/p>\n\t\t\t\t\t\t\t\t<\/div>\n\t\t\t\t<\/div>\n\t\t\t\t\t<\/div>\n\t\t<\/div>\n\t\t\t\t\t<\/div>\n\t\t<\/section>\n\t\t\t\t<section class=\"elementor-section elementor-top-section elementor-element elementor-element-6812266 elementor-section-boxed elementor-section-height-default elementor-section-height-default\" data-id=\"6812266\" data-element_type=\"section\" data-e-type=\"section\" data-settings=\"{&quot;background_background&quot;:&quot;classic&quot;}\">\n\t\t\t\t\t\t<div class=\"elementor-container elementor-column-gap-default\">\n\t\t\t\t\t<div class=\"elementor-column elementor-col-100 elementor-top-column elementor-element elementor-element-189caa7\" data-id=\"189caa7\" data-element_type=\"column\" data-e-type=\"column\">\n\t\t\t<div class=\"elementor-widget-wrap elementor-element-populated\">\n\t\t\t\t\t\t<div class=\"elementor-element elementor-element-1edc8ed elementor-grid-3 elementor-grid-tablet-2 elementor-grid-mobile-1 elementor-posts--thumbnail-top elementor-widget elementor-widget-posts\" data-id=\"1edc8ed\" data-element_type=\"widget\" data-e-type=\"widget\" data-settings=\"{&quot;classic_columns&quot;:&quot;3&quot;,&quot;classic_columns_tablet&quot;:&quot;2&quot;,&quot;classic_columns_mobile&quot;:&quot;1&quot;,&quot;classic_row_gap&quot;:{&quot;unit&quot;:&quot;px&quot;,&quot;size&quot;:35,&quot;sizes&quot;:[]},&quot;classic_row_gap_tablet&quot;:{&quot;unit&quot;:&quot;px&quot;,&quot;size&quot;:&quot;&quot;,&quot;sizes&quot;:[]},&quot;classic_row_gap_mobile&quot;:{&quot;unit&quot;:&quot;px&quot;,&quot;size&quot;:&quot;&quot;,&quot;sizes&quot;:[]}}\" data-widget_type=\"posts.classic\">\n\t\t\t\t<div class=\"elementor-widget-container\">\n\t\t\t\t\t\t\t<div class=\"elementor-posts-container elementor-posts elementor-posts--skin-classic elementor-grid\" role=\"list\">\n\t\t\t\t<article class=\"elementor-post elementor-grid-item post-1561 post type-post status-publish format-standard has-post-thumbnail hentry category-pieges-et-recettes\" role=\"listitem\">\n\t\t\t\t<a class=\"elementor-post__thumbnail__link\" href=\"https:\/\/www.taptrap.com\/fr\/piege-a-limaces-garder-le-jardin-en-bonne-sante\/\" tabindex=\"-1\" >\n\t\t\t<div class=\"elementor-post__thumbnail\"><img loading=\"lazy\" decoding=\"async\" width=\"300\" height=\"200\" src=\"https:\/\/www.taptrap.com\/wp-content\/uploads\/2021\/07\/escargots-limaces-sur-salade-300x200.jpeg\" class=\"attachment-medium size-medium wp-image-1585\" alt=\"escargots-et-limaces-mangent-salade\" srcset=\"https:\/\/www.taptrap.com\/wp-content\/uploads\/2021\/07\/escargots-limaces-sur-salade-300x200.jpeg 300w, https:\/\/www.taptrap.com\/wp-content\/uploads\/2021\/07\/escargots-limaces-sur-salade-600x400.jpeg 600w, https:\/\/www.taptrap.com\/wp-content\/uploads\/2021\/07\/escargots-limaces-sur-salade-1024x683.jpeg 1024w, https:\/\/www.taptrap.com\/wp-content\/uploads\/2021\/07\/escargots-limaces-sur-salade-768x512.jpeg 768w, https:\/\/www.taptrap.com\/wp-content\/uploads\/2021\/07\/escargots-limaces-sur-salade-1536x1024.jpeg 1536w, https:\/\/www.taptrap.com\/wp-content\/uploads\/2021\/07\/escargots-limaces-sur-salade.jpeg 1920w\" sizes=\"(max-width: 300px) 100vw, 300px\" \/><\/div>\n\t\t<\/a>\n\t\t\t\t<div class=\"elementor-post__text\">\n\t\t\t\t<h3 class=\"elementor-post__title\">\n\t\t\t<a href=\"https:\/\/www.taptrap.com\/fr\/piege-a-limaces-garder-le-jardin-en-bonne-sante\/\" >\n\t\t\t\tPI\u00c8GE \u00c0 LIMACES: LA SOLUTION LA PLUS \u00c9COLOGIQUE\t\t\t<\/a>\n\t\t<\/h3>\n\t\t\t\t<\/div>\n\t\t\t\t<\/article>\n\t\t\t\t<\/div>\n\t\t\n\t\t\t\t\t\t<\/div>\n\t\t\t\t<\/div>\n\t\t\t\t\t<\/div>\n\t\t<\/div>\n\t\t\t\t\t<\/div>\n\t\t<\/section>\n\t\t\t\t<section class=\"elementor-section elementor-top-section elementor-element elementor-element-c7ecc78 elementor-section-boxed elementor-section-height-default elementor-section-height-default\" data-id=\"c7ecc78\" data-element_type=\"section\" data-e-type=\"section\">\n\t\t\t\t\t\t<div class=\"elementor-container elementor-column-gap-default\">\n\t\t\t\t\t<div class=\"elementor-column elementor-col-100 elementor-top-column elementor-element elementor-element-dfb9da0\" data-id=\"dfb9da0\" data-element_type=\"column\" data-e-type=\"column\">\n\t\t\t<div class=\"elementor-widget-wrap elementor-element-populated\">\n\t\t\t\t\t\t<div class=\"elementor-element elementor-element-12083a4 elementor-widget elementor-widget-text-editor\" data-id=\"12083a4\" data-element_type=\"widget\" data-e-type=\"widget\" data-widget_type=\"text-editor.default\">\n\t\t\t\t<div class=\"elementor-widget-container\">\n\t\t\t\t\t\t\t\t\t<p>Lire toutes <a href=\"https:\/\/www.taptrap.com\/fr\/news\/\">les actualit\u00e9s de Tap Trap<\/a><br \/>\nPour trouver un d\u00e9taillant Tap Trap pr\u00e8s de chez vous ou demander des informations, veuillez remplir le <a href=\"https:\/\/www.taptrap.com\/fr\/contactez-nous\/\">formulaire de contact<\/a>.<\/p>\n\t\t\t\t\t\t\t\t<\/div>\n\t\t\t\t<\/div>\n\t\t\t\t\t<\/div>\n\t\t<\/div>\n\t\t\t\t\t<\/div>\n\t\t<\/section>\n\t\t\t\t<\/div>\n\t\t","protected":false},"excerpt":{"rendered":"<p>LIMACES DU JARDIN ET DU POTAGER \u00c9liminer Rapidement les Limaces Sans Polluer le Potager Les m\u00e9thodes les plus rapides et les plus efficaces pour \u00e9liminer<\/p>\n","protected":false},"author":2,"featured_media":0,"parent":7735,"menu_order":0,"comment_status":"closed","ping_status":"closed","template":"","meta":{"_acf_changed":false,"footnotes":""},"class_list":["post-1292","page","type-page","status-publish","hentry"],"acf":[],"_links":{"self":[{"href":"https:\/\/www.taptrap.com\/fr\/wp-json\/wp\/v2\/pages\/1292","targetHints":{"allow":["GET"]}}],"collection":[{"href":"https:\/\/www.taptrap.com\/fr\/wp-json\/wp\/v2\/pages"}],"about":[{"href":"https:\/\/www.taptrap.com\/fr\/wp-json\/wp\/v2\/types\/page"}],"author":[{"embeddable":true,"href":"https:\/\/www.taptrap.com\/fr\/wp-json\/wp\/v2\/users\/2"}],"replies":[{"embeddable":true,"href":"https:\/\/www.taptrap.com\/fr\/wp-json\/wp\/v2\/comments?post=1292"}],"version-history":[{"count":8,"href":"https:\/\/www.taptrap.com\/fr\/wp-json\/wp\/v2\/pages\/1292\/revisions"}],"predecessor-version":[{"id":7701,"href":"https:\/\/www.taptrap.com\/fr\/wp-json\/wp\/v2\/pages\/1292\/revisions\/7701"}],"up":[{"embeddable":true,"href":"https:\/\/www.taptrap.com\/fr\/wp-json\/wp\/v2\/pages\/7735"}],"wp:attachment":[{"href":"https:\/\/www.taptrap.com\/fr\/wp-json\/wp\/v2\/media?parent=1292"}],"curies":[{"name":"wp","href":"https:\/\/api.w.org\/{rel}","templated":true}]}}