{"id":6654,"date":"2021-10-01T11:15:09","date_gmt":"2021-10-01T09:15:09","guid":{"rendered":"https:\/\/www.taptrap.com\/mouche-de-lolivier\/"},"modified":"2024-06-27T09:58:13","modified_gmt":"2024-06-27T07:58:13","slug":"mouche-de-l-olivier","status":"publish","type":"page","link":"https:\/\/www.taptrap.com\/fr\/guide-des-insectes-volants-nuisibles\/mouches-des-fruits\/mouche-de-l-olivier\/","title":{"rendered":"MOUCHE DE L&#8217;OLIVIER"},"content":{"rendered":"\t\t<div data-elementor-type=\"wp-page\" data-elementor-id=\"6654\" class=\"elementor elementor-6654 elementor-2503\" data-elementor-post-type=\"page\">\n\t\t\t\t\t\t<section class=\"elementor-section elementor-top-section elementor-element elementor-element-4301c39 elementor-section-boxed elementor-section-height-default elementor-section-height-default\" data-id=\"4301c39\" data-element_type=\"section\" data-e-type=\"section\">\n\t\t\t\t\t\t<div class=\"elementor-container elementor-column-gap-default\">\n\t\t\t\t\t<div class=\"elementor-column elementor-col-100 elementor-top-column elementor-element elementor-element-d07d046\" data-id=\"d07d046\" data-element_type=\"column\" data-e-type=\"column\">\n\t\t\t<div class=\"elementor-widget-wrap elementor-element-populated\">\n\t\t\t\t\t\t<div class=\"elementor-element elementor-element-81ad822 elementor-widget elementor-widget-image\" data-id=\"81ad822\" data-element_type=\"widget\" data-e-type=\"widget\" data-widget_type=\"image.default\">\n\t\t\t\t<div class=\"elementor-widget-container\">\n\t\t\t\t\t\t\t\t\t\t\t\t\t\t\t<img fetchpriority=\"high\" decoding=\"async\" width=\"640\" height=\"432\" src=\"https:\/\/www.taptrap.com\/wp-content\/uploads\/2021\/09\/mosca_olearia-e1638261543570.jpg\" class=\"attachment-large size-large wp-image-2508\" alt=\"mouche-de-l&#039;olivier\" srcset=\"https:\/\/www.taptrap.com\/wp-content\/uploads\/2021\/09\/mosca_olearia-e1638261543570.jpg 640w, https:\/\/www.taptrap.com\/wp-content\/uploads\/2021\/09\/mosca_olearia-e1638261543570-600x405.jpg 600w\" sizes=\"(max-width: 640px) 100vw, 640px\" \/>\t\t\t\t\t\t\t\t\t\t\t\t\t\t\t<\/div>\n\t\t\t\t<\/div>\n\t\t\t\t\t<\/div>\n\t\t<\/div>\n\t\t\t\t\t<\/div>\n\t\t<\/section>\n\t\t\t\t<section class=\"elementor-section elementor-top-section elementor-element elementor-element-3108fce elementor-section-boxed elementor-section-height-default elementor-section-height-default\" data-id=\"3108fce\" data-element_type=\"section\" data-e-type=\"section\">\n\t\t\t\t\t\t<div class=\"elementor-container elementor-column-gap-default\">\n\t\t\t\t\t<div class=\"elementor-column elementor-col-100 elementor-top-column elementor-element elementor-element-6d38313\" data-id=\"6d38313\" data-element_type=\"column\" data-e-type=\"column\">\n\t\t\t<div class=\"elementor-widget-wrap elementor-element-populated\">\n\t\t\t\t\t\t<div class=\"elementor-element elementor-element-5c2cb80 elementor-widget elementor-widget-heading\" data-id=\"5c2cb80\" data-element_type=\"widget\" data-e-type=\"widget\" data-widget_type=\"heading.default\">\n\t\t\t\t<div class=\"elementor-widget-container\">\n\t\t\t\t\t<h1 class=\"elementor-heading-title elementor-size-default\">MOUCHE DE L'OLIVIER<\/h1>\t\t\t\t<\/div>\n\t\t\t\t<\/div>\n\t\t\t\t\t<\/div>\n\t\t<\/div>\n\t\t\t\t\t<\/div>\n\t\t<\/section>\n\t\t\t\t<section class=\"elementor-section elementor-top-section elementor-element elementor-element-2b82a6c elementor-section-boxed elementor-section-height-default elementor-section-height-default\" data-id=\"2b82a6c\" data-element_type=\"section\" data-e-type=\"section\">\n\t\t\t\t\t\t<div class=\"elementor-container elementor-column-gap-default\">\n\t\t\t\t\t<div class=\"elementor-column elementor-col-100 elementor-top-column elementor-element elementor-element-4f1bfce\" data-id=\"4f1bfce\" data-element_type=\"column\" data-e-type=\"column\">\n\t\t\t<div class=\"elementor-widget-wrap elementor-element-populated\">\n\t\t\t\t\t\t<div class=\"elementor-element elementor-element-29f2769 elementor-widget elementor-widget-heading\" data-id=\"29f2769\" data-element_type=\"widget\" data-e-type=\"widget\" data-widget_type=\"heading.default\">\n\t\t\t\t<div class=\"elementor-widget-container\">\n\t\t\t\t\t<h2 class=\"elementor-heading-title elementor-size-default\">Bactrocera Oleae<\/h2>\t\t\t\t<\/div>\n\t\t\t\t<\/div>\n\t\t\t\t\t<\/div>\n\t\t<\/div>\n\t\t\t\t\t<\/div>\n\t\t<\/section>\n\t\t\t\t<section class=\"elementor-section elementor-top-section elementor-element elementor-element-4cfde1c elementor-section-boxed elementor-section-height-default elementor-section-height-default\" data-id=\"4cfde1c\" data-element_type=\"section\" data-e-type=\"section\">\n\t\t\t\t\t\t<div class=\"elementor-container elementor-column-gap-default\">\n\t\t\t\t\t<div class=\"elementor-column elementor-col-100 elementor-top-column elementor-element elementor-element-50cb613\" data-id=\"50cb613\" data-element_type=\"column\" data-e-type=\"column\">\n\t\t\t<div class=\"elementor-widget-wrap elementor-element-populated\">\n\t\t\t\t\t\t<div class=\"elementor-element elementor-element-5d8e788 elementor-widget elementor-widget-text-editor\" data-id=\"5d8e788\" data-element_type=\"widget\" data-e-type=\"widget\" data-widget_type=\"text-editor.default\">\n\t\t\t\t<div class=\"elementor-widget-container\">\n\t\t\t\t\t\t\t\t\t<p id=\"528c\" style=\"font-family: Avenir_Regular; margin-bottom: 0px; color: #565656; font-size: 16px; font-style: normal; font-weight: 400; text-align: justify;\"><em>Bactrocera oleae<\/em>, qui est r\u00e9pandu dans toute la M\u00e9diterran\u00e9e, est arriv\u00e9 dans notre pays d&#8217;abord sur les zones c\u00f4ti\u00e8res et s&#8217;est ensuite \u00e9tendu \u00e0 l&#8217;int\u00e9rieur des collines, probablement en raison d&#8217;un changement climatique favorable \u00e0 sa propagation. En ol\u00e9iculture, il est consid\u00e9r\u00e9 comme le ravageur le plus capable d&#8217;affecter de mani\u00e8re significative la production d&#8217;olives. Il est g\u00e9n\u00e9ralement pr\u00e9sent de juin jusqu&#8217;\u00e0 la derni\u00e8re r\u00e9colte en automne.<\/p>\n\t\t\t\t\t\t\t\t<\/div>\n\t\t\t\t<\/div>\n\t\t\t\t<div class=\"elementor-element elementor-element-6eceb83 elementor-toc--minimized-on-tablet elementor-widget elementor-widget-table-of-contents\" data-id=\"6eceb83\" data-element_type=\"widget\" data-e-type=\"widget\" data-settings=\"{&quot;headings_by_tags&quot;:[&quot;h3&quot;,&quot;h4&quot;],&quot;exclude_headings_by_selector&quot;:[],&quot;marker_view&quot;:&quot;numbers&quot;,&quot;no_headings_message&quot;:&quot;Aucun titre n\\u2019a \\u00e9t\\u00e9 trouv\\u00e9 sur cette page.&quot;,&quot;minimize_box&quot;:&quot;yes&quot;,&quot;minimized_on&quot;:&quot;tablet&quot;,&quot;hierarchical_view&quot;:&quot;yes&quot;,&quot;min_height&quot;:{&quot;unit&quot;:&quot;px&quot;,&quot;size&quot;:&quot;&quot;,&quot;sizes&quot;:[]},&quot;min_height_tablet&quot;:{&quot;unit&quot;:&quot;px&quot;,&quot;size&quot;:&quot;&quot;,&quot;sizes&quot;:[]},&quot;min_height_mobile&quot;:{&quot;unit&quot;:&quot;px&quot;,&quot;size&quot;:&quot;&quot;,&quot;sizes&quot;:[]}}\" data-widget_type=\"table-of-contents.default\">\n\t\t\t\t<div class=\"elementor-widget-container\">\n\t\t\t\t\t\t\t\t\t<div class=\"elementor-toc__header\">\n\t\t\t\t\t\t<h4 class=\"elementor-toc__header-title\">\n\t\t\t\tTable of Contents\t\t\t<\/h4>\n\t\t\t\t\t\t\t\t\t\t<div class=\"elementor-toc__toggle-button elementor-toc__toggle-button--expand\" role=\"button\" tabindex=\"0\" aria-controls=\"elementor-toc__6eceb83\" aria-expanded=\"true\" aria-label=\"Ouvrir la table des mati\u00e8res\"><i aria-hidden=\"true\" class=\"fas fa-chevron-down\"><\/i><\/div>\n\t\t\t\t<div class=\"elementor-toc__toggle-button elementor-toc__toggle-button--collapse\" role=\"button\" tabindex=\"0\" aria-controls=\"elementor-toc__6eceb83\" aria-expanded=\"true\" aria-label=\"Fermer la table des mati\u00e8res\"><i aria-hidden=\"true\" class=\"fas fa-chevron-up\"><\/i><\/div>\n\t\t\t\t\t<\/div>\n\t\t\t\t<div id=\"elementor-toc__6eceb83\" class=\"elementor-toc__body\">\n\t\t\t<div class=\"elementor-toc__spinner-container\">\n\t\t\t\t<i class=\"elementor-toc__spinner eicon-animation-spin eicon-loading\" aria-hidden=\"true\"><\/i>\t\t\t<\/div>\n\t\t<\/div>\n\t\t\t\t\t\t<\/div>\n\t\t\t\t<\/div>\n\t\t\t\t\t<\/div>\n\t\t<\/div>\n\t\t\t\t\t<\/div>\n\t\t<\/section>\n\t\t\t\t<section class=\"elementor-section elementor-top-section elementor-element elementor-element-782f13c elementor-section-boxed elementor-section-height-default elementor-section-height-default\" data-id=\"782f13c\" data-element_type=\"section\" data-e-type=\"section\">\n\t\t\t\t\t\t<div class=\"elementor-container elementor-column-gap-default\">\n\t\t\t\t\t<div class=\"elementor-column elementor-col-100 elementor-top-column elementor-element elementor-element-307f0c6\" data-id=\"307f0c6\" data-element_type=\"column\" data-e-type=\"column\">\n\t\t\t<div class=\"elementor-widget-wrap elementor-element-populated\">\n\t\t\t\t\t\t<div class=\"elementor-element elementor-element-7991a46 elementor-widget elementor-widget-text-editor\" data-id=\"7991a46\" data-element_type=\"widget\" data-e-type=\"widget\" data-widget_type=\"text-editor.default\">\n\t\t\t\t<div class=\"elementor-widget-container\">\n\t\t\t\t\t\t\t\t\t<h3>CLASSIFICATION<\/h3><p><strong>Classe<\/strong>: Insectes<br \/><strong>Ordre<\/strong>: Dipt\u00e8res<br \/><strong>Famille<\/strong>: Tephritidae<br \/><strong>Genre<\/strong>: Bactrocera (R.)<br \/><strong>Specie<\/strong>: Bactrocera Oleae (R.)<br \/><strong>Nome commune<\/strong>: Mouche de l&#8217;olivier<\/p><h3>DIMENSIONS<\/h3><p><strong>Adultes<\/strong>: 4-5 mm<br \/><strong>Pupe<\/strong>: 3,5-4,5 mm<br \/><strong>Larves mature<\/strong>: 6-7 mm<\/p><h3>O\u00d9 ELLE EST \u00c9TABLIE<\/h3><p style=\"text-align: justify;\">La mouche de l&#8217;olive est pr\u00e9sente dans toutes les r\u00e9gions ol\u00e9icoles du monde, \u00e0 l&#8217;exception de l&#8217;Australie et de l&#8217;Am\u00e9rique du Sud. Tr\u00e8s bien implant\u00e9 dans le bassin m\u00e9diterran\u00e9en, on le trouve principalement dans les zones c\u00f4ti\u00e8res ou dans les climats plus humides. Dans les zones de haute altitude, le climat ne favorise pas son d\u00e9veloppement, tandis que l\u00e0 o\u00f9 les temp\u00e9ratures hivernales sont plus douces, les pupes survivent, prolongeant ainsi la p\u00e9riode de reproduction de l&#8217;insecte.<\/p><h3>CARACT\u00c9RISTIQUES DISTINCTIVES<\/h3><p>La mouche del&#8217;olive a des caract\u00e9ristiques et une taille tr\u00e8s similaires \u00e0 celles des autres mouches \u00e0 fruits, mais son corps ne pr\u00e9sente pas les bandes et les lignes habituelles, mais plut\u00f4t des taches aux reflets particuli\u00e8rement color\u00e9s. Il a une envergure d&#8217;environ 12 mm \u00e0 l&#8217;extr\u00e9mit\u00e9 de laquelle une tache sombre est \u00e0 peine perceptible, ce qui le distingue des autres dipt\u00e8res. Les femelles adultes ont une t\u00eate jaun\u00e2tre avec deux taches circulaires bien visibles sous les antennes.<\/p><h3>NUTRITION<\/h3><p>C&#8217;est une esp\u00e8ce carpophage: elle se nourrit de fruits. Ses larves se nourrissent de la pulpe de la drupe en creusant des tunnels.<\/p><h3>CYCLE DE VIE<\/h3><p>La mouche effectue de 1 \u00e0 4-5 g\u00e9n\u00e9rations par an et cela d\u00e9pend fortement des temp\u00e9ratures. <strong>Zones c\u00f4ti\u00e8res et\/ou m\u00e9ridionales<\/strong>: le climat plus chaud et plus humide favorise son d\u00e9veloppement et on peut compter jusqu&#8217;\u00e0 5 g\u00e9n\u00e9rations par an. <strong>Zones ol\u00e9icoles septentrionales<\/strong> : les m\u00e2les adultes r\u00e9sistent m\u00eame aux basses temp\u00e9ratures et sont donc plus long\u00e9vifs: dans ces cas, il peut y avoir jusqu&#8217;\u00e0 trois g\u00e9n\u00e9rations lorsque les pluies printani\u00e8res et l&#8217;humidit\u00e9 cr\u00e9ent un climat favorable aux femelles tr\u00e8s f\u00e9condes.<\/p><h3>DOMMAGES<\/h3><p style=\"text-align: justify;\">Les dommages que la mouche de l&#8217;olivier cause affectent la sant\u00e9 de la plante ainsi que la production d&#8217;olives et, cons\u00e9quence tr\u00e8s importante, la production d&#8217;huile. La mouche pond ses \u0153ufs dans les olives lorsqu&#8217;elles atteignent la taille d&#8217;un pois chiche. Les larves \u00e9closes se nourrissent de la chair du fruit, le g\u00e2tant et provoquant sa chute pr\u00e9coce. C&#8217;est l&#8217;un des facteurs les plus d\u00e9terminants pour compromettre la qualit\u00e9 de l&#8217;huile, qui est plus acide et s&#8217;oxyde plus facilement. Les tunnels que les larves creusent en se nourrissant de la pulpe des olives sont aussi parfois \u00e0 l&#8217;origine d&#8217;une augmentation des probl\u00e8mes de maladies des olives car ils cr\u00e9ent un environnement favorable \u00e0 la prolif\u00e9ration de champignons et de bact\u00e9ries qui acc\u00e9l\u00e8rent la d\u00e9composition de la pulpe des olives.<br \/>Les probl\u00e8mes de ce type ne sont pas tant li\u00e9s \u00e0 des attaques de mouche de l&#8217;huile de premi\u00e8re g\u00e9n\u00e9ration (printemps), mais plut\u00f4t \u00e0 des cas o\u00f9 la mouche fait plusieurs g\u00e9n\u00e9rations de l&#8217;\u00e9t\u00e9 \u00e0 l&#8217;automne (facteur \u00e9troitement li\u00e9 au microclimat de la parcelle et \u00e0 la m\u00e9t\u00e9o saisonni\u00e8re). Ils sont donc consid\u00e9r\u00e9s comme une cause indirecte de la d\u00e9t\u00e9rioration de la qualit\u00e9 de l&#8217;huile. La d\u00e9t\u00e9rioration de la drupe, en effet, est principalement due \u00e0 l&#8217;action des champignons et des bact\u00e9ries qui p\u00e9n\u00e8trent par le trou de sortie de la larve, acc\u00e9l\u00e9r\u00e9e dans des conditions de forte humidit\u00e9.\u00a0<\/p><h3>M\u00c9THODE DE D\u00c9FENSE<\/h3><p style=\"text-align: justify;\">La fr\u00e9quence et l&#8217;intensit\u00e9 des infestations de la mouche de l&#8217;olive sont certainement li\u00e9es aux tendances climatiques et, dans une certaine mesure, \u00e0 la pr\u00e9sence d&#8217;antagonistes naturels. Les hivers plus doux provoqu\u00e9s par le changement climatique semblent \u00e9galement avoir affect\u00e9 la biologie de la mouche, si bien qu&#8217;au printemps, nous remarquons une plus grande pr\u00e9sence de la mouche que les ann\u00e9es pr\u00e9c\u00e9dentes. Ce sont en fait les hivers plus doux qui favorisent une saison de reproduction plus longue pour la mouche (avec une augmentation cons\u00e9quente de la population printani\u00e8re). Inversement, cependant, les temp\u00e9ratures estivales plus \u00e9lev\u00e9es contribuent \u00e0 augmenter la mortalit\u00e9 des larves.<br \/>La strat\u00e9gie qui s&#8217;av\u00e8re la plus efficace est la strat\u00e9gie en deux \u00e9tapes :<br \/><strong>&#8211; action curative larvicide<\/strong><br \/><strong>&#8211; contr\u00f4le des adulticides avec des pi\u00e8ges alimentaires<\/strong><\/p><p style=\"text-align: left;\"><a class=\"fasc-button fasc-size-medium fasc-type-flat fasc-rounded-medium fasc-ico-after dashicons-migrate fasc-style-bold\" style=\"background-color: #f3cc00; color: #54595f;\" href=\"https:\/\/www.taptrap.com\/fr\/type-de-plante\/plantes-fuitieres\/\" target=\"_blank\" rel=\"nofollow noopener\">Pi\u00e8ges s\u00e9lectifs pour mouche de l&#8217;olivier<\/a><\/p><p><span style=\"font-size: 10pt;\"><em>Cette page a \u00e9t\u00e9 \u00e9crite et \u00e9dit\u00e9e par Maura Rizzo.<\/em><\/span><\/p>\t\t\t\t\t\t\t\t<\/div>\n\t\t\t\t<\/div>\n\t\t\t\t\t<\/div>\n\t\t<\/div>\n\t\t\t\t\t<\/div>\n\t\t<\/section>\n\t\t\t\t<\/div>\n\t\t","protected":false},"excerpt":{"rendered":"<p>&nbsp; MOUCHE DE L&#8217;OLIVIER Bactrocera Oleae Bactrocera oleae, qui est r\u00e9pandu dans toute la M\u00e9diterran\u00e9e, est arriv\u00e9 dans notre pays d&#8217;abord sur les zones c\u00f4ti\u00e8res et s&#8217;est ensuite \u00e9tendu \u00e0 l&#8217;int\u00e9rieur des collines, probablement en raison d&#8217;un changement climatique favorable \u00e0 sa propagation. En ol\u00e9iculture, il est consid\u00e9r\u00e9 comme le ravageur le plus capable d&#8217;affecter [&hellip;]<\/p>\n","protected":false},"author":2,"featured_media":11149,"parent":7446,"menu_order":16,"comment_status":"closed","ping_status":"closed","template":"","meta":{"_acf_changed":false,"footnotes":""},"class_list":["post-6654","page","type-page","status-publish","has-post-thumbnail","hentry"],"acf":[],"_links":{"self":[{"href":"https:\/\/www.taptrap.com\/fr\/wp-json\/wp\/v2\/pages\/6654","targetHints":{"allow":["GET"]}}],"collection":[{"href":"https:\/\/www.taptrap.com\/fr\/wp-json\/wp\/v2\/pages"}],"about":[{"href":"https:\/\/www.taptrap.com\/fr\/wp-json\/wp\/v2\/types\/page"}],"author":[{"embeddable":true,"href":"https:\/\/www.taptrap.com\/fr\/wp-json\/wp\/v2\/users\/2"}],"replies":[{"embeddable":true,"href":"https:\/\/www.taptrap.com\/fr\/wp-json\/wp\/v2\/comments?post=6654"}],"version-history":[{"count":13,"href":"https:\/\/www.taptrap.com\/fr\/wp-json\/wp\/v2\/pages\/6654\/revisions"}],"predecessor-version":[{"id":11866,"href":"https:\/\/www.taptrap.com\/fr\/wp-json\/wp\/v2\/pages\/6654\/revisions\/11866"}],"up":[{"embeddable":true,"href":"https:\/\/www.taptrap.com\/fr\/wp-json\/wp\/v2\/pages\/7446"}],"wp:featuredmedia":[{"embeddable":true,"href":"https:\/\/www.taptrap.com\/fr\/wp-json\/wp\/v2\/media\/11149"}],"wp:attachment":[{"href":"https:\/\/www.taptrap.com\/fr\/wp-json\/wp\/v2\/media?parent=6654"}],"curies":[{"name":"wp","href":"https:\/\/api.w.org\/{rel}","templated":true}]}}