{"id":7630,"date":"2021-08-02T13:11:10","date_gmt":"2021-08-02T11:11:10","guid":{"rendered":"https:\/\/www.taptrap.com\/frelon-asiatique\/"},"modified":"2022-09-09T09:51:45","modified_gmt":"2022-09-09T07:51:45","slug":"frelon-asiatique","status":"publish","type":"page","link":"https:\/\/www.taptrap.com\/fr\/guide-des-insectes-volants-nuisibles\/guepes-et-frelons\/frelon-asiatique\/","title":{"rendered":"Frelon Asiatique"},"content":{"rendered":"\t\t<div data-elementor-type=\"wp-page\" data-elementor-id=\"7630\" class=\"elementor elementor-7630 elementor-1614\" data-elementor-post-type=\"page\">\n\t\t\t\t\t\t<section class=\"elementor-section elementor-top-section elementor-element elementor-element-5eb516b elementor-section-boxed elementor-section-height-default elementor-section-height-default\" data-id=\"5eb516b\" data-element_type=\"section\" data-e-type=\"section\">\n\t\t\t\t\t\t<div class=\"elementor-container elementor-column-gap-default\">\n\t\t\t\t\t<div class=\"elementor-column elementor-col-100 elementor-top-column elementor-element elementor-element-f846065\" data-id=\"f846065\" data-element_type=\"column\" data-e-type=\"column\">\n\t\t\t<div class=\"elementor-widget-wrap elementor-element-populated\">\n\t\t\t\t\t\t<div class=\"elementor-element elementor-element-79506db elementor-widget elementor-widget-image\" data-id=\"79506db\" data-element_type=\"widget\" data-e-type=\"widget\" data-widget_type=\"image.default\">\n\t\t\t\t<div class=\"elementor-widget-container\">\n\t\t\t\t\t\t\t\t\t\t\t\t\t\t\t<img fetchpriority=\"high\" decoding=\"async\" width=\"625\" height=\"514\" src=\"https:\/\/www.taptrap.com\/wp-content\/uploads\/2021\/08\/vespa_velutina.jpg\" class=\"attachment-large size-large wp-image-1617\" alt=\"frelon asiatique\" srcset=\"https:\/\/www.taptrap.com\/wp-content\/uploads\/2021\/08\/vespa_velutina.jpg 625w, https:\/\/www.taptrap.com\/wp-content\/uploads\/2021\/08\/vespa_velutina-600x493.jpg 600w, https:\/\/www.taptrap.com\/wp-content\/uploads\/2021\/08\/vespa_velutina-300x247.jpg 300w\" sizes=\"(max-width: 625px) 100vw, 625px\" \/>\t\t\t\t\t\t\t\t\t\t\t\t\t\t\t<\/div>\n\t\t\t\t<\/div>\n\t\t\t\t\t<\/div>\n\t\t<\/div>\n\t\t\t\t\t<\/div>\n\t\t<\/section>\n\t\t\t\t<section class=\"elementor-section elementor-top-section elementor-element elementor-element-ce0407c elementor-section-boxed elementor-section-height-default elementor-section-height-default\" data-id=\"ce0407c\" data-element_type=\"section\" data-e-type=\"section\">\n\t\t\t\t\t\t<div class=\"elementor-container elementor-column-gap-default\">\n\t\t\t\t\t<div class=\"elementor-column elementor-col-100 elementor-top-column elementor-element elementor-element-8be48ab\" data-id=\"8be48ab\" data-element_type=\"column\" data-e-type=\"column\">\n\t\t\t<div class=\"elementor-widget-wrap elementor-element-populated\">\n\t\t\t\t\t\t<div class=\"elementor-element elementor-element-c19d510 elementor-widget elementor-widget-heading\" data-id=\"c19d510\" data-element_type=\"widget\" data-e-type=\"widget\" data-widget_type=\"heading.default\">\n\t\t\t\t<div class=\"elementor-widget-container\">\n\t\t\t\t\t<h1 class=\"elementor-heading-title elementor-size-default\">FRELON ASIATIQUE<\/h1>\t\t\t\t<\/div>\n\t\t\t\t<\/div>\n\t\t\t\t\t<\/div>\n\t\t<\/div>\n\t\t\t\t\t<\/div>\n\t\t<\/section>\n\t\t\t\t<section class=\"elementor-section elementor-top-section elementor-element elementor-element-fec928e elementor-section-boxed elementor-section-height-default elementor-section-height-default\" data-id=\"fec928e\" data-element_type=\"section\" data-e-type=\"section\">\n\t\t\t\t\t\t<div class=\"elementor-container elementor-column-gap-default\">\n\t\t\t\t\t<div class=\"elementor-column elementor-col-100 elementor-top-column elementor-element elementor-element-a5fa4bc\" data-id=\"a5fa4bc\" data-element_type=\"column\" data-e-type=\"column\">\n\t\t\t<div class=\"elementor-widget-wrap elementor-element-populated\">\n\t\t\t\t\t\t<div class=\"elementor-element elementor-element-ad4b29e elementor-widget elementor-widget-heading\" data-id=\"ad4b29e\" data-element_type=\"widget\" data-e-type=\"widget\" data-widget_type=\"heading.default\">\n\t\t\t\t<div class=\"elementor-widget-container\">\n\t\t\t\t\t<h2 class=\"elementor-heading-title elementor-size-default\">Vespa Velutina<\/h2>\t\t\t\t<\/div>\n\t\t\t\t<\/div>\n\t\t\t\t\t<\/div>\n\t\t<\/div>\n\t\t\t\t\t<\/div>\n\t\t<\/section>\n\t\t\t\t<section class=\"elementor-section elementor-top-section elementor-element elementor-element-c7c3e21 elementor-section-boxed elementor-section-height-default elementor-section-height-default\" data-id=\"c7c3e21\" data-element_type=\"section\" data-e-type=\"section\">\n\t\t\t\t\t\t<div class=\"elementor-container elementor-column-gap-default\">\n\t\t\t\t\t<div class=\"elementor-column elementor-col-100 elementor-top-column elementor-element elementor-element-9c0d7da\" data-id=\"9c0d7da\" data-element_type=\"column\" data-e-type=\"column\">\n\t\t\t<div class=\"elementor-widget-wrap elementor-element-populated\">\n\t\t\t\t\t\t<div class=\"elementor-element elementor-element-03e6aab elementor-widget elementor-widget-text-editor\" data-id=\"03e6aab\" data-element_type=\"widget\" data-e-type=\"widget\" data-widget_type=\"text-editor.default\">\n\t\t\t\t<div class=\"elementor-widget-container\">\n\t\t\t\t\t\t\t\t\tLe frelon asiatique\u00a0est un type de frelon originaire d&#8217;Asie du Sud-Est. <strong>Pr\u00e9dateur actif des abeilles<\/strong> ouvri\u00e8res, il s&#8217;est largement r\u00e9pandu en France et en Espagne. En 2012, le frelon asiatique a \u00e9galement atteint l&#8217;Italie o\u00f9 il a depuis caus\u00e9 des pertes consid\u00e9rables dans les ruches, ainsi que des d\u00e9g\u00e2ts importants dans les cultures fruiti\u00e8res. Comme tous les nuisibles volants dont il faut se d\u00e9fendre, la pr\u00e9vention est essentielle pour arr\u00eater ce pr\u00e9dateur : il faut \u00eatre inform\u00e9 afin de choisir les pi\u00e8ges les plus efficaces contre le frelon asiatique.\r\n\r\nLe pi\u00e9geage au d\u00e9but du printemps des reines fondatrices du frelon asiatique, \u00e0 l&#8217;aide de pi\u00e8ges s\u00e9lectifs comme <strong>Tap Trap<\/strong> (<a href=\"https:\/\/www.taptrap.com\/fr\/piege\/piege-a-insectes-tap-trap\/\">bouteilles pi\u00e8ges<\/a>) ou <strong>Vaso Trap<\/strong> (<a href=\"https:\/\/www.taptrap.com\/fr\/piege\/vaso-trap\/\">bocaux pi\u00e8ges<\/a>), est essentiel pour ralentir la prolif\u00e9ration de sa population. La m\u00e9thode de pi\u00e9geage la plus efficace consiste \u00e0 placer les pi\u00e8ges dans les espaces verts, ou autour des ruchers, avec de la bi\u00e8re comme app\u00e2t. Lors de nos essais, il a en effet \u00e9t\u00e9 constat\u00e9 qu&#8217;au printemps la bi\u00e8re est la substance qui attire le plus les frelons asiatiques.\r\n\r\nMais la bonne m\u00e9thode de pi\u00e9geage de masse ne s&#8217;arr\u00eate pas l\u00e0: c&#8217;est en \u00e9t\u00e9 que la pr\u00e9sence des frelons asiatiques est la plus massive, lorsqu&#8217;ils chassent les abeilles &#8211; qui constituent un repas prot\u00e9in\u00e9 id\u00e9al pour nourrir leurs larves qui attendent dans les nids. En \u00e9t\u00e9, les substances sucr\u00e9es ne sont plus int\u00e9ressantes pour le frelon asiatique, donc c&#8217;est \u00e0 ce moment-l\u00e0 qu&#8217;il faut remplacer nos pi\u00e8ges par <a href=\"https:\/\/www.taptrap.com\/fr\/piege-pour-guepes-et-frelons-piege-proteique\/\">Sfera Trap<\/a>, le pi\u00e8ge \u00e0 prot\u00e9ines, avec de la p\u00e2t\u00e9e pour chats comme app\u00e2t. Sfera Trap est plac\u00e9 directement dans le rucher, entre deux ruches.\t\t\t\t\t\t\t\t<\/div>\n\t\t\t\t<\/div>\n\t\t\t\t\t<\/div>\n\t\t<\/div>\n\t\t\t\t\t<\/div>\n\t\t<\/section>\n\t\t\t\t<\/div>\n\t\t","protected":false},"excerpt":{"rendered":"<p>FRELON ASIATIQUE Vespa Velutina Le frelon asiatique\u00a0est un type de frelon originaire d&#8217;Asie du Sud-Est. Pr\u00e9dateur actif des abeilles ouvri\u00e8res, il s&#8217;est largement r\u00e9pandu en France et en Espagne. En 2012, le frelon asiatique a \u00e9galement atteint l&#8217;Italie o\u00f9 il a depuis caus\u00e9 des pertes consid\u00e9rables dans les ruches, ainsi que des d\u00e9g\u00e2ts importants dans [&hellip;]<\/p>\n","protected":false},"author":2,"featured_media":1617,"parent":1278,"menu_order":12,"comment_status":"closed","ping_status":"closed","template":"","meta":{"_acf_changed":false,"footnotes":""},"class_list":["post-7630","page","type-page","status-publish","has-post-thumbnail","hentry"],"acf":[],"_links":{"self":[{"href":"https:\/\/www.taptrap.com\/fr\/wp-json\/wp\/v2\/pages\/7630","targetHints":{"allow":["GET"]}}],"collection":[{"href":"https:\/\/www.taptrap.com\/fr\/wp-json\/wp\/v2\/pages"}],"about":[{"href":"https:\/\/www.taptrap.com\/fr\/wp-json\/wp\/v2\/types\/page"}],"author":[{"embeddable":true,"href":"https:\/\/www.taptrap.com\/fr\/wp-json\/wp\/v2\/users\/2"}],"replies":[{"embeddable":true,"href":"https:\/\/www.taptrap.com\/fr\/wp-json\/wp\/v2\/comments?post=7630"}],"version-history":[{"count":3,"href":"https:\/\/www.taptrap.com\/fr\/wp-json\/wp\/v2\/pages\/7630\/revisions"}],"predecessor-version":[{"id":7633,"href":"https:\/\/www.taptrap.com\/fr\/wp-json\/wp\/v2\/pages\/7630\/revisions\/7633"}],"up":[{"embeddable":true,"href":"https:\/\/www.taptrap.com\/fr\/wp-json\/wp\/v2\/pages\/1278"}],"wp:featuredmedia":[{"embeddable":true,"href":"https:\/\/www.taptrap.com\/fr\/wp-json\/wp\/v2\/media\/1617"}],"wp:attachment":[{"href":"https:\/\/www.taptrap.com\/fr\/wp-json\/wp\/v2\/media?parent=7630"}],"curies":[{"name":"wp","href":"https:\/\/api.w.org\/{rel}","templated":true}]}}