{"id":10001,"date":"2023-03-14T12:14:21","date_gmt":"2023-03-14T11:14:21","guid":{"rendered":"https:\/\/www.taptrap.com\/set-tap-trap-jaune\/"},"modified":"2025-10-01T00:00:28","modified_gmt":"2025-09-30T22:00:28","slug":"set-tap-trap-jaune","status":"publish","type":"product","link":"https:\/\/www.taptrap.com\/fr\/set-tap-trap-jaune\/","title":{"rendered":"Set Tap Trap Jaune"},"content":{"rendered":"<p><strong>Set Tap Trap Jaune<\/strong><\/p>\n<p><strong>PI\u00c8GES \u00c0 INSECTES SANS INS\u00c9CTICIDES<\/strong><\/p>\n<p>Id\u00e9al pour le potager, le verger et le jardin. Utile pour pr\u00e9venir les infestations de gu\u00eapes, frelons, mouches des fruits et mouches domestiques, papillons de nuit et l\u00e9pidopt\u00e8res d\u00e8s le printemps.<\/p>\n<p>Facile \u00e0 utiliser, respectueux de l&#8217;environnement, adapt\u00e9 \u00e0 toutes les saisons et r\u00e9utilisable pendant de nombreuses ann\u00e9es.<\/p>\n<p><strong>\u00a0<\/strong><\/p>\n","protected":false},"excerpt":{"rendered":"<p>Pi\u00e8ges \u00e0 insectes pour pr\u00e9venir les attaques de gu\u00eapes, frelons, mouches des fruits, l\u00e9pidopt\u00e8res et carpocapse dans les potagers et les vergers, sans utiliser d&#8217;insecticides, r\u00e9utilisables toute l&#8217;ann\u00e9e.<br \/>\n<span style=\"color: #2170b9;\"><em>Avec instructions et conseils pour pr\u00e9parer les app\u00e2t attractifs<\/em><\/span><\/p>\n<p style=\"text-align: left;\"><a class=\"fasc-button fasc-size-medium fasc-type-flat fasc-rounded-medium fasc-style-bold\" style=\"background-color: #fef731; color: #13599e;\" target=\"_blank\" rel=\"nofollow noopener\" href=\"https:\/\/www.taptrap.com\/fr\/set-tap-trap-jaune\">Cliquez ici pour plus d&#8217;informations sur le produit<\/a><\/p>\n<p>&nbsp;<\/p>\n","protected":false},"featured_media":10755,"template":"","meta":{"_acf_changed":false},"product_brand":[],"product_cat":[],"product_tag":[],"class_list":{"0":"post-10001","1":"product","2":"type-product","3":"status-publish","4":"has-post-thumbnail","7":"first","8":"instock","9":"taxable","10":"shipping-taxable","11":"purchasable","12":"product-type-simple"},"acf":[],"_links":{"self":[{"href":"https:\/\/www.taptrap.com\/fr\/wp-json\/wp\/v2\/product\/10001","targetHints":{"allow":["GET"]}}],"collection":[{"href":"https:\/\/www.taptrap.com\/fr\/wp-json\/wp\/v2\/product"}],"about":[{"href":"https:\/\/www.taptrap.com\/fr\/wp-json\/wp\/v2\/types\/product"}],"wp:featuredmedia":[{"embeddable":true,"href":"https:\/\/www.taptrap.com\/fr\/wp-json\/wp\/v2\/media\/10755"}],"wp:attachment":[{"href":"https:\/\/www.taptrap.com\/fr\/wp-json\/wp\/v2\/media?parent=10001"}],"wp:term":[{"taxonomy":"product_brand","embeddable":true,"href":"https:\/\/www.taptrap.com\/fr\/wp-json\/wp\/v2\/product_brand?post=10001"},{"taxonomy":"product_cat","embeddable":true,"href":"https:\/\/www.taptrap.com\/fr\/wp-json\/wp\/v2\/product_cat?post=10001"},{"taxonomy":"product_tag","embeddable":true,"href":"https:\/\/www.taptrap.com\/fr\/wp-json\/wp\/v2\/product_tag?post=10001"}],"curies":[{"name":"wp","href":"https:\/\/api.w.org\/{rel}","templated":true}]}}